{"id":6801,"date":"2022-10-21T09:08:50","date_gmt":"2022-10-21T09:08:50","guid":{"rendered":"https:\/\/peleteriagabriel.com\/?post_type=product&#038;p=6801"},"modified":"2025-10-29T14:56:02","modified_gmt":"2025-10-29T14:56:02","slug":"abrigo-de-zorro-horizontal-platine","status":"publish","type":"product","link":"https:\/\/peleteriagabriel.com\/en\/catalogo\/abrigos\/abrigo-de-zorro-horizontal-platine\/","title":{"rendered":"Abrigo de zorro horizontal platine"},"content":{"rendered":"<h2>Completa tu look con un abrigo de zorro en horizontal platine.<\/h2>\n<p>Abrigo de lomos de zorro platine en color natural. Trabajada en horizontal y cinteada con cuero. Cuello chimenea, manga larga y forro interior estampado.<\/p>\n<p>Si buscas una prenda que se adapte a tu d\u00eda a d\u00eda esta es una buena opci\u00f3n. El volumen del zorro trabajado en horizontal aporta una imagen joven y moderna a la prenda.<\/p>\n<ul>\n<li>Abrigo de zorro platine<\/li>\n<li>Corte recto<\/li>\n<li>Cuello chimenea<\/li>\n<li>Manga larga<\/li>\n<li>Forro interior estampado<\/li>\n<li>Color natural<\/li>\n<li>Cierres de presi\u00f3n<\/li>\n<li>Talla 36 &#8211; 38 &#8211; 40 &#8211; 42<\/li>\n<\/ul>\n<p>&nbsp;<\/p>\n","protected":false},"excerpt":{"rendered":"<h2>Completa tu look con un abrigo de zorro en horizontal platine.<\/h2>\n<p>Abrigo de lomos de zorro platine en color natural. Trabajada en horizontal y cinteada con cuero. Cuello chimenea, manga larga y forro interior estampado.<\/p>\n<p>Si buscas una prenda que se adapte a tu d\u00eda a d\u00eda esta es una buena opci\u00f3n. El volumen del zorro trabajado en horizontal aporta una imagen joven y moderna a la prenda.<\/p>\n<ul>\n<li>Abrigo de zorro platine<\/li>\n<li>Corte recto<\/li>\n<li>Cuello chimenea<\/li>\n<li>Manga larga<\/li>\n<li>Forro interior estampado<\/li>\n<li>Color natural<\/li>\n<li>Cierres de presi\u00f3n<\/li>\n<li>Talla 36 &#8211; 38 &#8211; 40 &#8211; 42<\/li>\n<\/ul>\n<p>&nbsp;<\/p>\n","protected":false},"featured_media":17498,"template":"","meta":[],"product_cat":[84],"product_tag":[],"class_list":["post-6801","product","type-product","status-publish","has-post-thumbnail","hentry","product_cat-abrigos","pa_color-blanco","pa_color-gris","pa_color-negro","pa_piel-zorro"],"yoast_head":"<!-- This site is optimized with the Yoast SEO plugin v23.3 - https:\/\/yoast.com\/wordpress\/plugins\/seo\/ -->\n<title>Abrigo de zorro horizontal platine - Peleter\u00eda Gabriel , Tienda online<\/title>\n<meta name=\"description\" content=\"Abrigo de lomos de zorro platine en color natural. Trabajada en horizontal y cinteada con cuero. Cuello chimenea y manga larga.\" \/>\n<meta name=\"robots\" content=\"index, follow, max-snippet:-1, max-image-preview:large, max-video-preview:-1\" \/>\n<link rel=\"canonical\" href=\"https:\/\/peleteriagabriel.com\/catalogo\/abrigos\/abrigo-de-zorro-horizontal-platine\/\" \/>\n<meta property=\"og:locale\" content=\"en_US\" \/>\n<meta property=\"og:type\" content=\"article\" \/>\n<meta property=\"og:title\" content=\"Abrigo de zorro horizontal platine - Peleter\u00eda Gabriel , Tienda online\" \/>\n<meta property=\"og:description\" content=\"Abrigo de lomos de zorro platine en color natural. Trabajada en horizontal y cinteada con cuero. Cuello chimenea y manga larga.\" \/>\n<meta property=\"og:url\" content=\"https:\/\/peleteriagabriel.com\/catalogo\/abrigos\/abrigo-de-zorro-horizontal-platine\/\" \/>\n<meta property=\"og:site_name\" content=\"Peleter\u00eda Gabriel\" \/>\n<meta property=\"article:publisher\" content=\"https:\/\/www.facebook.com\/peleteriagabrielzaragoza\/\" \/>\n<meta property=\"article:modified_time\" content=\"2025-10-29T14:56:02+00:00\" \/>\n<meta property=\"og:image\" content=\"https:\/\/peleteriagabriel.com\/wp-content\/uploads\/2022\/10\/Captura-de-pantalla-2025-10-29-a-las-15.52.37-copia.jpg\" \/>\n\t<meta property=\"og:image:width\" content=\"1430\" \/>\n\t<meta property=\"og:image:height\" content=\"2144\" \/>\n\t<meta property=\"og:image:type\" content=\"image\/jpeg\" \/>\n<meta name=\"twitter:card\" content=\"summary_large_image\" \/>\n<meta name=\"twitter:label1\" content=\"Est. reading time\" \/>\n\t<meta name=\"twitter:data1\" content=\"1 minute\" \/>\n<script type=\"application\/ld+json\" class=\"yoast-schema-graph\">{\"@context\":\"https:\/\/schema.org\",\"@graph\":[{\"@type\":[\"WebPage\",\"ItemPage\"],\"@id\":\"https:\/\/peleteriagabriel.com\/catalogo\/abrigos\/abrigo-de-zorro-horizontal-platine\/\",\"url\":\"https:\/\/peleteriagabriel.com\/catalogo\/abrigos\/abrigo-de-zorro-horizontal-platine\/\",\"name\":\"Abrigo de zorro horizontal platine - Peleter\u00eda Gabriel , Tienda online\",\"isPartOf\":{\"@id\":\"https:\/\/peleteriagabriel.com\/#website\"},\"primaryImageOfPage\":{\"@id\":\"https:\/\/peleteriagabriel.com\/catalogo\/abrigos\/abrigo-de-zorro-horizontal-platine\/#primaryimage\"},\"image\":{\"@id\":\"https:\/\/peleteriagabriel.com\/catalogo\/abrigos\/abrigo-de-zorro-horizontal-platine\/#primaryimage\"},\"thumbnailUrl\":\"https:\/\/peleteriagabriel.com\/wp-content\/uploads\/2022\/10\/Captura-de-pantalla-2025-10-29-a-las-15.52.37-copia.jpg\",\"datePublished\":\"2022-10-21T09:08:50+00:00\",\"dateModified\":\"2025-10-29T14:56:02+00:00\",\"description\":\"Abrigo de lomos de zorro platine en color natural. Trabajada en horizontal y cinteada con cuero. Cuello chimenea y manga larga.\",\"breadcrumb\":{\"@id\":\"https:\/\/peleteriagabriel.com\/catalogo\/abrigos\/abrigo-de-zorro-horizontal-platine\/#breadcrumb\"},\"inLanguage\":\"en-US\",\"potentialAction\":[{\"@type\":\"ReadAction\",\"target\":[\"https:\/\/peleteriagabriel.com\/catalogo\/abrigos\/abrigo-de-zorro-horizontal-platine\/\"]}]},{\"@type\":\"ImageObject\",\"inLanguage\":\"en-US\",\"@id\":\"https:\/\/peleteriagabriel.com\/catalogo\/abrigos\/abrigo-de-zorro-horizontal-platine\/#primaryimage\",\"url\":\"https:\/\/peleteriagabriel.com\/wp-content\/uploads\/2022\/10\/Captura-de-pantalla-2025-10-29-a-las-15.52.37-copia.jpg\",\"contentUrl\":\"https:\/\/peleteriagabriel.com\/wp-content\/uploads\/2022\/10\/Captura-de-pantalla-2025-10-29-a-las-15.52.37-copia.jpg\",\"width\":1430,\"height\":2144,\"caption\":\"Screenshot\"},{\"@type\":\"BreadcrumbList\",\"@id\":\"https:\/\/peleteriagabriel.com\/catalogo\/abrigos\/abrigo-de-zorro-horizontal-platine\/#breadcrumb\",\"itemListElement\":[{\"@type\":\"ListItem\",\"position\":1,\"name\":\"Portada\",\"item\":\"https:\/\/peleteriagabriel.com\/en\/\"},{\"@type\":\"ListItem\",\"position\":2,\"name\":\"Cat\u00e1logo de productos\",\"item\":\"https:\/\/peleteriagabriel.com\/catalogo\/\"},{\"@type\":\"ListItem\",\"position\":3,\"name\":\"Abrigo de zorro horizontal platine\"}]},{\"@type\":\"WebSite\",\"@id\":\"https:\/\/peleteriagabriel.com\/#website\",\"url\":\"https:\/\/peleteriagabriel.com\/\",\"name\":\"Peleter\u00eda Gabriel\",\"description\":\"Alta peleter\u00eda desde 1975\",\"potentialAction\":[{\"@type\":\"SearchAction\",\"target\":{\"@type\":\"EntryPoint\",\"urlTemplate\":\"https:\/\/peleteriagabriel.com\/?s={search_term_string}\"},\"query-input\":\"required name=search_term_string\"}],\"inLanguage\":\"en-US\"}]}<\/script>\n<!-- \/ Yoast SEO plugin. -->","yoast_head_json":{"title":"Abrigo de zorro horizontal platine - Peleter\u00eda Gabriel , Tienda online","description":"Abrigo de lomos de zorro platine en color natural. Trabajada en horizontal y cinteada con cuero. Cuello chimenea y manga larga.","robots":{"index":"index","follow":"follow","max-snippet":"max-snippet:-1","max-image-preview":"max-image-preview:large","max-video-preview":"max-video-preview:-1"},"canonical":"https:\/\/peleteriagabriel.com\/catalogo\/abrigos\/abrigo-de-zorro-horizontal-platine\/","og_locale":"en_US","og_type":"article","og_title":"Abrigo de zorro horizontal platine - Peleter\u00eda Gabriel , Tienda online","og_description":"Abrigo de lomos de zorro platine en color natural. Trabajada en horizontal y cinteada con cuero. Cuello chimenea y manga larga.","og_url":"https:\/\/peleteriagabriel.com\/catalogo\/abrigos\/abrigo-de-zorro-horizontal-platine\/","og_site_name":"Peleter\u00eda Gabriel","article_publisher":"https:\/\/www.facebook.com\/peleteriagabrielzaragoza\/","article_modified_time":"2025-10-29T14:56:02+00:00","og_image":[{"width":1430,"height":2144,"url":"https:\/\/peleteriagabriel.com\/wp-content\/uploads\/2022\/10\/Captura-de-pantalla-2025-10-29-a-las-15.52.37-copia.jpg","type":"image\/jpeg"}],"twitter_card":"summary_large_image","twitter_misc":{"Est. reading time":"1 minute"},"schema":{"@context":"https:\/\/schema.org","@graph":[{"@type":["WebPage","ItemPage"],"@id":"https:\/\/peleteriagabriel.com\/catalogo\/abrigos\/abrigo-de-zorro-horizontal-platine\/","url":"https:\/\/peleteriagabriel.com\/catalogo\/abrigos\/abrigo-de-zorro-horizontal-platine\/","name":"Abrigo de zorro horizontal platine - Peleter\u00eda Gabriel , Tienda online","isPartOf":{"@id":"https:\/\/peleteriagabriel.com\/#website"},"primaryImageOfPage":{"@id":"https:\/\/peleteriagabriel.com\/catalogo\/abrigos\/abrigo-de-zorro-horizontal-platine\/#primaryimage"},"image":{"@id":"https:\/\/peleteriagabriel.com\/catalogo\/abrigos\/abrigo-de-zorro-horizontal-platine\/#primaryimage"},"thumbnailUrl":"https:\/\/peleteriagabriel.com\/wp-content\/uploads\/2022\/10\/Captura-de-pantalla-2025-10-29-a-las-15.52.37-copia.jpg","datePublished":"2022-10-21T09:08:50+00:00","dateModified":"2025-10-29T14:56:02+00:00","description":"Abrigo de lomos de zorro platine en color natural. Trabajada en horizontal y cinteada con cuero. Cuello chimenea y manga larga.","breadcrumb":{"@id":"https:\/\/peleteriagabriel.com\/catalogo\/abrigos\/abrigo-de-zorro-horizontal-platine\/#breadcrumb"},"inLanguage":"en-US","potentialAction":[{"@type":"ReadAction","target":["https:\/\/peleteriagabriel.com\/catalogo\/abrigos\/abrigo-de-zorro-horizontal-platine\/"]}]},{"@type":"ImageObject","inLanguage":"en-US","@id":"https:\/\/peleteriagabriel.com\/catalogo\/abrigos\/abrigo-de-zorro-horizontal-platine\/#primaryimage","url":"https:\/\/peleteriagabriel.com\/wp-content\/uploads\/2022\/10\/Captura-de-pantalla-2025-10-29-a-las-15.52.37-copia.jpg","contentUrl":"https:\/\/peleteriagabriel.com\/wp-content\/uploads\/2022\/10\/Captura-de-pantalla-2025-10-29-a-las-15.52.37-copia.jpg","width":1430,"height":2144,"caption":"Screenshot"},{"@type":"BreadcrumbList","@id":"https:\/\/peleteriagabriel.com\/catalogo\/abrigos\/abrigo-de-zorro-horizontal-platine\/#breadcrumb","itemListElement":[{"@type":"ListItem","position":1,"name":"Portada","item":"https:\/\/peleteriagabriel.com\/en\/"},{"@type":"ListItem","position":2,"name":"Cat\u00e1logo de productos","item":"https:\/\/peleteriagabriel.com\/catalogo\/"},{"@type":"ListItem","position":3,"name":"Abrigo de zorro horizontal platine"}]},{"@type":"WebSite","@id":"https:\/\/peleteriagabriel.com\/#website","url":"https:\/\/peleteriagabriel.com\/","name":"Peleter\u00eda Gabriel","description":"Alta peleter\u00eda desde 1975","potentialAction":[{"@type":"SearchAction","target":{"@type":"EntryPoint","urlTemplate":"https:\/\/peleteriagabriel.com\/?s={search_term_string}"},"query-input":"required name=search_term_string"}],"inLanguage":"en-US"}]}},"_links":{"self":[{"href":"https:\/\/peleteriagabriel.com\/en\/wp-json\/wp\/v2\/product\/6801"}],"collection":[{"href":"https:\/\/peleteriagabriel.com\/en\/wp-json\/wp\/v2\/product"}],"about":[{"href":"https:\/\/peleteriagabriel.com\/en\/wp-json\/wp\/v2\/types\/product"}],"wp:featuredmedia":[{"embeddable":true,"href":"https:\/\/peleteriagabriel.com\/en\/wp-json\/wp\/v2\/media\/17498"}],"wp:attachment":[{"href":"https:\/\/peleteriagabriel.com\/en\/wp-json\/wp\/v2\/media?parent=6801"}],"wp:term":[{"taxonomy":"product_cat","embeddable":true,"href":"https:\/\/peleteriagabriel.com\/en\/wp-json\/wp\/v2\/product_cat?post=6801"},{"taxonomy":"product_tag","embeddable":true,"href":"https:\/\/peleteriagabriel.com\/en\/wp-json\/wp\/v2\/product_tag?post=6801"}],"curies":[{"name":"wp","href":"https:\/\/api.w.org\/{rel}","templated":true}]}}