{"id":6746,"date":"2022-10-21T09:04:57","date_gmt":"2022-10-21T09:04:57","guid":{"rendered":"https:\/\/peleteriagabriel.com\/?post_type=product&#038;p=6746"},"modified":"2023-09-29T08:33:54","modified_gmt":"2023-09-29T08:33:54","slug":"chaqueta-de-astracan-horizontal-marron","status":"publish","type":"product","link":"https:\/\/peleteriagabriel.com\/en\/catalogo\/chaquetas\/chaqueta-de-astracan-horizontal-marron\/","title":{"rendered":"Chaqueta de astraca\u0301n horizontal marro\u0301n"},"content":{"rendered":"<h2>Completa tu look con una chaqueta de astrac\u00e1n en horizontal color marr\u00f3n.<\/h2>\n<p>Chaqueta de lomos de astrac\u00e1n en color marr\u00f3n. Trabajada en horizontal, con cuello caja, manga corta y forro interior liso.<\/p>\n<p>Chaqueta corta de astrac\u00e1n ideal para llevarla sobre vestido para una imagen de invitada. Su color marr\u00f3n permite combinarla perfectamente.<\/p>\n<ul>\n<li>Chaqueta de astrac\u00e1n<\/li>\n<li>Corte recto<\/li>\n<li>Cuello caja<\/li>\n<li>Manga corta<\/li>\n<li>Forro interior liso<\/li>\n<li>Color marr\u00f3n<\/li>\n<li>Cierres de presi\u00f3n<\/li>\n<li>Talla 36 &#8211; 38 &#8211; 40<\/li>\n<\/ul>\n","protected":false},"excerpt":{"rendered":"<h2>Completa tu look con una chaqueta de astrac\u00e1n en horizontal color marr\u00f3n.<\/h2>\n<p>Chaqueta de lomos de astrac\u00e1n en color marr\u00f3n. Trabajada en horizontal, con cuello caja, manga corta y forro interior liso.<\/p>\n<p>Chaqueta corta de astrac\u00e1n ideal para llevarla sobre vestido para una imagen de invitada. Su color marr\u00f3n permite combinarla perfectamente.<\/p>\n<ul>\n<li>Chaqueta de astrac\u00e1n<\/li>\n<li>Corte recto<\/li>\n<li>Cuello caja<\/li>\n<li>Manga corta<\/li>\n<li>Forro interior liso<\/li>\n<li>Color marr\u00f3n<\/li>\n<li>Cierres de presi\u00f3n<\/li>\n<li>Talla 36 &#8211; 38 &#8211; 40<\/li>\n<\/ul>\n","protected":false},"featured_media":6841,"template":"","meta":[],"product_cat":[89],"product_tag":[],"class_list":["post-6746","product","type-product","status-publish","has-post-thumbnail","hentry","product_cat-chaquetas","pa_color-marron","pa_piel-astrakan"],"yoast_head":"<!-- This site is optimized with the Yoast SEO plugin v23.3 - https:\/\/yoast.com\/wordpress\/plugins\/seo\/ -->\n<title>Chaqueta de astraca\u0301n horizontal marro\u0301n - Peleter\u00eda Gabriel , Tienda online<\/title>\n<meta name=\"description\" content=\"Chaqueta de lomos de astrac\u00e1n en color marr\u00f3n. Trabajada en horizontal, con cuello caja, manga corta y forro interior liso.\" \/>\n<meta name=\"robots\" content=\"index, follow, max-snippet:-1, max-image-preview:large, max-video-preview:-1\" \/>\n<link rel=\"canonical\" href=\"https:\/\/peleteriagabriel.com\/catalogo\/chaquetas\/chaqueta-de-astracan-horizontal-marron\/\" \/>\n<meta property=\"og:locale\" content=\"en_US\" \/>\n<meta property=\"og:type\" content=\"article\" \/>\n<meta property=\"og:title\" content=\"Chaqueta de astraca\u0301n horizontal marro\u0301n - Peleter\u00eda Gabriel , Tienda online\" \/>\n<meta property=\"og:description\" content=\"Chaqueta de lomos de astrac\u00e1n en color marr\u00f3n. Trabajada en horizontal, con cuello caja, manga corta y forro interior liso.\" \/>\n<meta property=\"og:url\" content=\"https:\/\/peleteriagabriel.com\/catalogo\/chaquetas\/chaqueta-de-astracan-horizontal-marron\/\" \/>\n<meta property=\"og:site_name\" content=\"Peleter\u00eda Gabriel\" \/>\n<meta property=\"article:publisher\" content=\"https:\/\/www.facebook.com\/peleteriagabrielzaragoza\/\" \/>\n<meta property=\"article:modified_time\" content=\"2023-09-29T08:33:54+00:00\" \/>\n<meta property=\"og:image\" content=\"https:\/\/peleteriagabriel.com\/wp-content\/uploads\/2022\/10\/Chaqueta-de-astraca\u0301n-horizontal-marro\u0301n.jpg\" \/>\n\t<meta property=\"og:image:width\" content=\"800\" \/>\n\t<meta property=\"og:image:height\" content=\"1200\" \/>\n\t<meta property=\"og:image:type\" content=\"image\/jpeg\" \/>\n<meta name=\"twitter:card\" content=\"summary_large_image\" \/>\n<meta name=\"twitter:label1\" content=\"Est. reading time\" \/>\n\t<meta name=\"twitter:data1\" content=\"1 minute\" \/>\n<script type=\"application\/ld+json\" class=\"yoast-schema-graph\">{\"@context\":\"https:\/\/schema.org\",\"@graph\":[{\"@type\":[\"WebPage\",\"ItemPage\"],\"@id\":\"https:\/\/peleteriagabriel.com\/catalogo\/chaquetas\/chaqueta-de-astracan-horizontal-marron\/\",\"url\":\"https:\/\/peleteriagabriel.com\/catalogo\/chaquetas\/chaqueta-de-astracan-horizontal-marron\/\",\"name\":\"Chaqueta de astraca\u0301n horizontal marro\u0301n - Peleter\u00eda Gabriel , Tienda online\",\"isPartOf\":{\"@id\":\"https:\/\/peleteriagabriel.com\/#website\"},\"primaryImageOfPage\":{\"@id\":\"https:\/\/peleteriagabriel.com\/catalogo\/chaquetas\/chaqueta-de-astracan-horizontal-marron\/#primaryimage\"},\"image\":{\"@id\":\"https:\/\/peleteriagabriel.com\/catalogo\/chaquetas\/chaqueta-de-astracan-horizontal-marron\/#primaryimage\"},\"thumbnailUrl\":\"https:\/\/peleteriagabriel.com\/wp-content\/uploads\/2022\/10\/Chaqueta-de-astraca\u0301n-horizontal-marro\u0301n.jpg\",\"datePublished\":\"2022-10-21T09:04:57+00:00\",\"dateModified\":\"2023-09-29T08:33:54+00:00\",\"description\":\"Chaqueta de lomos de astrac\u00e1n en color marr\u00f3n. Trabajada en horizontal, con cuello caja, manga corta y forro interior liso.\",\"breadcrumb\":{\"@id\":\"https:\/\/peleteriagabriel.com\/catalogo\/chaquetas\/chaqueta-de-astracan-horizontal-marron\/#breadcrumb\"},\"inLanguage\":\"en-US\",\"potentialAction\":[{\"@type\":\"ReadAction\",\"target\":[\"https:\/\/peleteriagabriel.com\/catalogo\/chaquetas\/chaqueta-de-astracan-horizontal-marron\/\"]}]},{\"@type\":\"ImageObject\",\"inLanguage\":\"en-US\",\"@id\":\"https:\/\/peleteriagabriel.com\/catalogo\/chaquetas\/chaqueta-de-astracan-horizontal-marron\/#primaryimage\",\"url\":\"https:\/\/peleteriagabriel.com\/wp-content\/uploads\/2022\/10\/Chaqueta-de-astraca\u0301n-horizontal-marro\u0301n.jpg\",\"contentUrl\":\"https:\/\/peleteriagabriel.com\/wp-content\/uploads\/2022\/10\/Chaqueta-de-astraca\u0301n-horizontal-marro\u0301n.jpg\",\"width\":800,\"height\":1200},{\"@type\":\"BreadcrumbList\",\"@id\":\"https:\/\/peleteriagabriel.com\/catalogo\/chaquetas\/chaqueta-de-astracan-horizontal-marron\/#breadcrumb\",\"itemListElement\":[{\"@type\":\"ListItem\",\"position\":1,\"name\":\"Portada\",\"item\":\"https:\/\/peleteriagabriel.com\/en\/\"},{\"@type\":\"ListItem\",\"position\":2,\"name\":\"Cat\u00e1logo de productos\",\"item\":\"https:\/\/peleteriagabriel.com\/catalogo\/\"},{\"@type\":\"ListItem\",\"position\":3,\"name\":\"Chaqueta de astraca\u0301n horizontal marro\u0301n\"}]},{\"@type\":\"WebSite\",\"@id\":\"https:\/\/peleteriagabriel.com\/#website\",\"url\":\"https:\/\/peleteriagabriel.com\/\",\"name\":\"Peleter\u00eda Gabriel\",\"description\":\"Alta peleter\u00eda desde 1975\",\"potentialAction\":[{\"@type\":\"SearchAction\",\"target\":{\"@type\":\"EntryPoint\",\"urlTemplate\":\"https:\/\/peleteriagabriel.com\/?s={search_term_string}\"},\"query-input\":\"required name=search_term_string\"}],\"inLanguage\":\"en-US\"}]}<\/script>\n<!-- \/ Yoast SEO plugin. -->","yoast_head_json":{"title":"Chaqueta de astraca\u0301n horizontal marro\u0301n - Peleter\u00eda Gabriel , Tienda online","description":"Chaqueta de lomos de astrac\u00e1n en color marr\u00f3n. Trabajada en horizontal, con cuello caja, manga corta y forro interior liso.","robots":{"index":"index","follow":"follow","max-snippet":"max-snippet:-1","max-image-preview":"max-image-preview:large","max-video-preview":"max-video-preview:-1"},"canonical":"https:\/\/peleteriagabriel.com\/catalogo\/chaquetas\/chaqueta-de-astracan-horizontal-marron\/","og_locale":"en_US","og_type":"article","og_title":"Chaqueta de astraca\u0301n horizontal marro\u0301n - Peleter\u00eda Gabriel , Tienda online","og_description":"Chaqueta de lomos de astrac\u00e1n en color marr\u00f3n. Trabajada en horizontal, con cuello caja, manga corta y forro interior liso.","og_url":"https:\/\/peleteriagabriel.com\/catalogo\/chaquetas\/chaqueta-de-astracan-horizontal-marron\/","og_site_name":"Peleter\u00eda Gabriel","article_publisher":"https:\/\/www.facebook.com\/peleteriagabrielzaragoza\/","article_modified_time":"2023-09-29T08:33:54+00:00","og_image":[{"width":800,"height":1200,"url":"https:\/\/peleteriagabriel.com\/wp-content\/uploads\/2022\/10\/Chaqueta-de-astraca\u0301n-horizontal-marro\u0301n.jpg","type":"image\/jpeg"}],"twitter_card":"summary_large_image","twitter_misc":{"Est. reading time":"1 minute"},"schema":{"@context":"https:\/\/schema.org","@graph":[{"@type":["WebPage","ItemPage"],"@id":"https:\/\/peleteriagabriel.com\/catalogo\/chaquetas\/chaqueta-de-astracan-horizontal-marron\/","url":"https:\/\/peleteriagabriel.com\/catalogo\/chaquetas\/chaqueta-de-astracan-horizontal-marron\/","name":"Chaqueta de astraca\u0301n horizontal marro\u0301n - Peleter\u00eda Gabriel , Tienda online","isPartOf":{"@id":"https:\/\/peleteriagabriel.com\/#website"},"primaryImageOfPage":{"@id":"https:\/\/peleteriagabriel.com\/catalogo\/chaquetas\/chaqueta-de-astracan-horizontal-marron\/#primaryimage"},"image":{"@id":"https:\/\/peleteriagabriel.com\/catalogo\/chaquetas\/chaqueta-de-astracan-horizontal-marron\/#primaryimage"},"thumbnailUrl":"https:\/\/peleteriagabriel.com\/wp-content\/uploads\/2022\/10\/Chaqueta-de-astraca\u0301n-horizontal-marro\u0301n.jpg","datePublished":"2022-10-21T09:04:57+00:00","dateModified":"2023-09-29T08:33:54+00:00","description":"Chaqueta de lomos de astrac\u00e1n en color marr\u00f3n. Trabajada en horizontal, con cuello caja, manga corta y forro interior liso.","breadcrumb":{"@id":"https:\/\/peleteriagabriel.com\/catalogo\/chaquetas\/chaqueta-de-astracan-horizontal-marron\/#breadcrumb"},"inLanguage":"en-US","potentialAction":[{"@type":"ReadAction","target":["https:\/\/peleteriagabriel.com\/catalogo\/chaquetas\/chaqueta-de-astracan-horizontal-marron\/"]}]},{"@type":"ImageObject","inLanguage":"en-US","@id":"https:\/\/peleteriagabriel.com\/catalogo\/chaquetas\/chaqueta-de-astracan-horizontal-marron\/#primaryimage","url":"https:\/\/peleteriagabriel.com\/wp-content\/uploads\/2022\/10\/Chaqueta-de-astraca\u0301n-horizontal-marro\u0301n.jpg","contentUrl":"https:\/\/peleteriagabriel.com\/wp-content\/uploads\/2022\/10\/Chaqueta-de-astraca\u0301n-horizontal-marro\u0301n.jpg","width":800,"height":1200},{"@type":"BreadcrumbList","@id":"https:\/\/peleteriagabriel.com\/catalogo\/chaquetas\/chaqueta-de-astracan-horizontal-marron\/#breadcrumb","itemListElement":[{"@type":"ListItem","position":1,"name":"Portada","item":"https:\/\/peleteriagabriel.com\/en\/"},{"@type":"ListItem","position":2,"name":"Cat\u00e1logo de productos","item":"https:\/\/peleteriagabriel.com\/catalogo\/"},{"@type":"ListItem","position":3,"name":"Chaqueta de astraca\u0301n horizontal marro\u0301n"}]},{"@type":"WebSite","@id":"https:\/\/peleteriagabriel.com\/#website","url":"https:\/\/peleteriagabriel.com\/","name":"Peleter\u00eda Gabriel","description":"Alta peleter\u00eda desde 1975","potentialAction":[{"@type":"SearchAction","target":{"@type":"EntryPoint","urlTemplate":"https:\/\/peleteriagabriel.com\/?s={search_term_string}"},"query-input":"required name=search_term_string"}],"inLanguage":"en-US"}]}},"_links":{"self":[{"href":"https:\/\/peleteriagabriel.com\/en\/wp-json\/wp\/v2\/product\/6746"}],"collection":[{"href":"https:\/\/peleteriagabriel.com\/en\/wp-json\/wp\/v2\/product"}],"about":[{"href":"https:\/\/peleteriagabriel.com\/en\/wp-json\/wp\/v2\/types\/product"}],"wp:featuredmedia":[{"embeddable":true,"href":"https:\/\/peleteriagabriel.com\/en\/wp-json\/wp\/v2\/media\/6841"}],"wp:attachment":[{"href":"https:\/\/peleteriagabriel.com\/en\/wp-json\/wp\/v2\/media?parent=6746"}],"wp:term":[{"taxonomy":"product_cat","embeddable":true,"href":"https:\/\/peleteriagabriel.com\/en\/wp-json\/wp\/v2\/product_cat?post=6746"},{"taxonomy":"product_tag","embeddable":true,"href":"https:\/\/peleteriagabriel.com\/en\/wp-json\/wp\/v2\/product_tag?post=6746"}],"curies":[{"name":"wp","href":"https:\/\/api.w.org\/{rel}","templated":true}]}}