{"id":6697,"date":"2022-10-21T09:02:31","date_gmt":"2022-10-21T09:02:31","guid":{"rendered":"https:\/\/peleteriagabriel.com\/?post_type=product&#038;p=6697"},"modified":"2023-09-29T08:44:03","modified_gmt":"2023-09-29T08:44:03","slug":"chaleco-de-astracan-rosa","status":"publish","type":"product","link":"https:\/\/peleteriagabriel.com\/en\/catalogo\/chalecos\/chaleco-de-astracan-rosa\/","title":{"rendered":"Chaleco de astrac\u00e1n rosa"},"content":{"rendered":"<h2>Completa tu look con un chaleco de astrac\u00e1n color rosa.<\/h2>\n<p>Chaleco de garras de astrac\u00e1n color rosa. Trabajado en vertical, y con cuello solapa y forro interior estampado. Muy ligero y perfecto para un look desenfado.<\/p>\n<p>Si buscas una prenda que se adapte a tu d\u00eda a d\u00eda esta es una buena opci\u00f3n. El corte recto y la ligereza de la piel , permiten que se lleve sobre otras prendas. Su corte y el color rosa crean una imagen moderna, informal y transgresora, ideal para un look casual.<\/p>\n<ul>\n<li>Chaleco de astrac\u00e1n<\/li>\n<li>Corte recto<\/li>\n<li>Cuello solapa<\/li>\n<li>Sin mangas<\/li>\n<li>Forro interior estampado<\/li>\n<li>Color rosa<\/li>\n<li>Cierres de presi\u00f3n<\/li>\n<li>Talla 36 &#8211; 38 &#8211; 40<\/li>\n<\/ul>\n","protected":false},"excerpt":{"rendered":"<h2>Completa tu look con un chaleco de astrac\u00e1n color rosa.<\/h2>\n<p>Chaleco de garras de astrac\u00e1n color rosa. Trabajado en vertical, y con cuello solapa y forro interior estampado. Muy ligero y perfecto para un look desenfado.<\/p>\n<p>Si buscas una prenda que se adapte a tu d\u00eda a d\u00eda esta es una buena opci\u00f3n. El corte recto y la ligereza de la piel , permiten que se lleve sobre otras prendas. Su corte y el color rosa crean una imagen moderna, informal y transgresora, ideal para un look casual.<\/p>\n<ul>\n<li>Chaleco de astrac\u00e1n<\/li>\n<li>Corte recto<\/li>\n<li>Cuello solapa<\/li>\n<li>Sin mangas<\/li>\n<li>Forro interior estampado<\/li>\n<li>Color rosa<\/li>\n<li>Cierres de presi\u00f3n<\/li>\n<li>Talla 36 &#8211; 38 &#8211; 40<\/li>\n<\/ul>\n","protected":false},"featured_media":6748,"template":"","meta":[],"product_cat":[83],"product_tag":[],"class_list":["post-6697","product","type-product","status-publish","has-post-thumbnail","hentry","product_cat-chalecos","pa_color-rosa","pa_piel-astrakan"],"yoast_head":"<!-- This site is optimized with the Yoast SEO plugin v23.3 - https:\/\/yoast.com\/wordpress\/plugins\/seo\/ -->\n<title>Chaleco de astrac\u00e1n rosa - Peleter\u00eda Gabriel , Tienda online, Zaragoza<\/title>\n<meta name=\"description\" content=\"Chaleco de garras de astrac\u00e1n color rosa. Trabajado en vertical, y con cuello solapa y forro interior estampado. Un look desenfado.\" \/>\n<meta name=\"robots\" content=\"index, follow, max-snippet:-1, max-image-preview:large, max-video-preview:-1\" \/>\n<link rel=\"canonical\" href=\"https:\/\/peleteriagabriel.com\/catalogo\/chalecos\/chaleco-de-astracan-rosa\/\" \/>\n<meta property=\"og:locale\" content=\"en_US\" \/>\n<meta property=\"og:type\" content=\"article\" \/>\n<meta property=\"og:title\" content=\"Chaleco de astrac\u00e1n rosa - Peleter\u00eda Gabriel , Tienda online, Zaragoza\" \/>\n<meta property=\"og:description\" content=\"Chaleco de garras de astrac\u00e1n color rosa. Trabajado en vertical, y con cuello solapa y forro interior estampado. Un look desenfado.\" \/>\n<meta property=\"og:url\" content=\"https:\/\/peleteriagabriel.com\/catalogo\/chalecos\/chaleco-de-astracan-rosa\/\" \/>\n<meta property=\"og:site_name\" content=\"Peleter\u00eda Gabriel\" \/>\n<meta property=\"article:publisher\" content=\"https:\/\/www.facebook.com\/peleteriagabrielzaragoza\/\" \/>\n<meta property=\"article:modified_time\" content=\"2023-09-29T08:44:03+00:00\" \/>\n<meta property=\"og:image\" content=\"https:\/\/peleteriagabriel.com\/wp-content\/uploads\/2022\/10\/Chaleco-de-astraca\u0301n-rosa.jpg\" \/>\n\t<meta property=\"og:image:width\" content=\"800\" \/>\n\t<meta property=\"og:image:height\" content=\"1200\" \/>\n\t<meta property=\"og:image:type\" content=\"image\/jpeg\" \/>\n<meta name=\"twitter:card\" content=\"summary_large_image\" \/>\n<meta name=\"twitter:label1\" content=\"Est. reading time\" \/>\n\t<meta name=\"twitter:data1\" content=\"1 minute\" \/>\n<script type=\"application\/ld+json\" class=\"yoast-schema-graph\">{\"@context\":\"https:\/\/schema.org\",\"@graph\":[{\"@type\":[\"WebPage\",\"ItemPage\"],\"@id\":\"https:\/\/peleteriagabriel.com\/catalogo\/chalecos\/chaleco-de-astracan-rosa\/\",\"url\":\"https:\/\/peleteriagabriel.com\/catalogo\/chalecos\/chaleco-de-astracan-rosa\/\",\"name\":\"Chaleco de astrac\u00e1n rosa - Peleter\u00eda Gabriel , Tienda online, Zaragoza\",\"isPartOf\":{\"@id\":\"https:\/\/peleteriagabriel.com\/#website\"},\"primaryImageOfPage\":{\"@id\":\"https:\/\/peleteriagabriel.com\/catalogo\/chalecos\/chaleco-de-astracan-rosa\/#primaryimage\"},\"image\":{\"@id\":\"https:\/\/peleteriagabriel.com\/catalogo\/chalecos\/chaleco-de-astracan-rosa\/#primaryimage\"},\"thumbnailUrl\":\"https:\/\/peleteriagabriel.com\/wp-content\/uploads\/2022\/10\/Chaleco-de-astraca\u0301n-rosa.jpg\",\"datePublished\":\"2022-10-21T09:02:31+00:00\",\"dateModified\":\"2023-09-29T08:44:03+00:00\",\"description\":\"Chaleco de garras de astrac\u00e1n color rosa. Trabajado en vertical, y con cuello solapa y forro interior estampado. Un look desenfado.\",\"breadcrumb\":{\"@id\":\"https:\/\/peleteriagabriel.com\/catalogo\/chalecos\/chaleco-de-astracan-rosa\/#breadcrumb\"},\"inLanguage\":\"en-US\",\"potentialAction\":[{\"@type\":\"ReadAction\",\"target\":[\"https:\/\/peleteriagabriel.com\/catalogo\/chalecos\/chaleco-de-astracan-rosa\/\"]}]},{\"@type\":\"ImageObject\",\"inLanguage\":\"en-US\",\"@id\":\"https:\/\/peleteriagabriel.com\/catalogo\/chalecos\/chaleco-de-astracan-rosa\/#primaryimage\",\"url\":\"https:\/\/peleteriagabriel.com\/wp-content\/uploads\/2022\/10\/Chaleco-de-astraca\u0301n-rosa.jpg\",\"contentUrl\":\"https:\/\/peleteriagabriel.com\/wp-content\/uploads\/2022\/10\/Chaleco-de-astraca\u0301n-rosa.jpg\",\"width\":800,\"height\":1200},{\"@type\":\"BreadcrumbList\",\"@id\":\"https:\/\/peleteriagabriel.com\/catalogo\/chalecos\/chaleco-de-astracan-rosa\/#breadcrumb\",\"itemListElement\":[{\"@type\":\"ListItem\",\"position\":1,\"name\":\"Portada\",\"item\":\"https:\/\/peleteriagabriel.com\/en\/\"},{\"@type\":\"ListItem\",\"position\":2,\"name\":\"Cat\u00e1logo de productos\",\"item\":\"https:\/\/peleteriagabriel.com\/catalogo\/\"},{\"@type\":\"ListItem\",\"position\":3,\"name\":\"Chaleco de astrac\u00e1n rosa\"}]},{\"@type\":\"WebSite\",\"@id\":\"https:\/\/peleteriagabriel.com\/#website\",\"url\":\"https:\/\/peleteriagabriel.com\/\",\"name\":\"Peleter\u00eda Gabriel\",\"description\":\"Alta peleter\u00eda desde 1975\",\"potentialAction\":[{\"@type\":\"SearchAction\",\"target\":{\"@type\":\"EntryPoint\",\"urlTemplate\":\"https:\/\/peleteriagabriel.com\/?s={search_term_string}\"},\"query-input\":\"required name=search_term_string\"}],\"inLanguage\":\"en-US\"}]}<\/script>\n<!-- \/ Yoast SEO plugin. -->","yoast_head_json":{"title":"Chaleco de astrac\u00e1n rosa - Peleter\u00eda Gabriel , Tienda online, Zaragoza","description":"Chaleco de garras de astrac\u00e1n color rosa. Trabajado en vertical, y con cuello solapa y forro interior estampado. Un look desenfado.","robots":{"index":"index","follow":"follow","max-snippet":"max-snippet:-1","max-image-preview":"max-image-preview:large","max-video-preview":"max-video-preview:-1"},"canonical":"https:\/\/peleteriagabriel.com\/catalogo\/chalecos\/chaleco-de-astracan-rosa\/","og_locale":"en_US","og_type":"article","og_title":"Chaleco de astrac\u00e1n rosa - Peleter\u00eda Gabriel , Tienda online, Zaragoza","og_description":"Chaleco de garras de astrac\u00e1n color rosa. Trabajado en vertical, y con cuello solapa y forro interior estampado. Un look desenfado.","og_url":"https:\/\/peleteriagabriel.com\/catalogo\/chalecos\/chaleco-de-astracan-rosa\/","og_site_name":"Peleter\u00eda Gabriel","article_publisher":"https:\/\/www.facebook.com\/peleteriagabrielzaragoza\/","article_modified_time":"2023-09-29T08:44:03+00:00","og_image":[{"width":800,"height":1200,"url":"https:\/\/peleteriagabriel.com\/wp-content\/uploads\/2022\/10\/Chaleco-de-astraca\u0301n-rosa.jpg","type":"image\/jpeg"}],"twitter_card":"summary_large_image","twitter_misc":{"Est. reading time":"1 minute"},"schema":{"@context":"https:\/\/schema.org","@graph":[{"@type":["WebPage","ItemPage"],"@id":"https:\/\/peleteriagabriel.com\/catalogo\/chalecos\/chaleco-de-astracan-rosa\/","url":"https:\/\/peleteriagabriel.com\/catalogo\/chalecos\/chaleco-de-astracan-rosa\/","name":"Chaleco de astrac\u00e1n rosa - Peleter\u00eda Gabriel , Tienda online, Zaragoza","isPartOf":{"@id":"https:\/\/peleteriagabriel.com\/#website"},"primaryImageOfPage":{"@id":"https:\/\/peleteriagabriel.com\/catalogo\/chalecos\/chaleco-de-astracan-rosa\/#primaryimage"},"image":{"@id":"https:\/\/peleteriagabriel.com\/catalogo\/chalecos\/chaleco-de-astracan-rosa\/#primaryimage"},"thumbnailUrl":"https:\/\/peleteriagabriel.com\/wp-content\/uploads\/2022\/10\/Chaleco-de-astraca\u0301n-rosa.jpg","datePublished":"2022-10-21T09:02:31+00:00","dateModified":"2023-09-29T08:44:03+00:00","description":"Chaleco de garras de astrac\u00e1n color rosa. Trabajado en vertical, y con cuello solapa y forro interior estampado. Un look desenfado.","breadcrumb":{"@id":"https:\/\/peleteriagabriel.com\/catalogo\/chalecos\/chaleco-de-astracan-rosa\/#breadcrumb"},"inLanguage":"en-US","potentialAction":[{"@type":"ReadAction","target":["https:\/\/peleteriagabriel.com\/catalogo\/chalecos\/chaleco-de-astracan-rosa\/"]}]},{"@type":"ImageObject","inLanguage":"en-US","@id":"https:\/\/peleteriagabriel.com\/catalogo\/chalecos\/chaleco-de-astracan-rosa\/#primaryimage","url":"https:\/\/peleteriagabriel.com\/wp-content\/uploads\/2022\/10\/Chaleco-de-astraca\u0301n-rosa.jpg","contentUrl":"https:\/\/peleteriagabriel.com\/wp-content\/uploads\/2022\/10\/Chaleco-de-astraca\u0301n-rosa.jpg","width":800,"height":1200},{"@type":"BreadcrumbList","@id":"https:\/\/peleteriagabriel.com\/catalogo\/chalecos\/chaleco-de-astracan-rosa\/#breadcrumb","itemListElement":[{"@type":"ListItem","position":1,"name":"Portada","item":"https:\/\/peleteriagabriel.com\/en\/"},{"@type":"ListItem","position":2,"name":"Cat\u00e1logo de productos","item":"https:\/\/peleteriagabriel.com\/catalogo\/"},{"@type":"ListItem","position":3,"name":"Chaleco de astrac\u00e1n rosa"}]},{"@type":"WebSite","@id":"https:\/\/peleteriagabriel.com\/#website","url":"https:\/\/peleteriagabriel.com\/","name":"Peleter\u00eda Gabriel","description":"Alta peleter\u00eda desde 1975","potentialAction":[{"@type":"SearchAction","target":{"@type":"EntryPoint","urlTemplate":"https:\/\/peleteriagabriel.com\/?s={search_term_string}"},"query-input":"required name=search_term_string"}],"inLanguage":"en-US"}]}},"_links":{"self":[{"href":"https:\/\/peleteriagabriel.com\/en\/wp-json\/wp\/v2\/product\/6697"}],"collection":[{"href":"https:\/\/peleteriagabriel.com\/en\/wp-json\/wp\/v2\/product"}],"about":[{"href":"https:\/\/peleteriagabriel.com\/en\/wp-json\/wp\/v2\/types\/product"}],"wp:featuredmedia":[{"embeddable":true,"href":"https:\/\/peleteriagabriel.com\/en\/wp-json\/wp\/v2\/media\/6748"}],"wp:attachment":[{"href":"https:\/\/peleteriagabriel.com\/en\/wp-json\/wp\/v2\/media?parent=6697"}],"wp:term":[{"taxonomy":"product_cat","embeddable":true,"href":"https:\/\/peleteriagabriel.com\/en\/wp-json\/wp\/v2\/product_cat?post=6697"},{"taxonomy":"product_tag","embeddable":true,"href":"https:\/\/peleteriagabriel.com\/en\/wp-json\/wp\/v2\/product_tag?post=6697"}],"curies":[{"name":"wp","href":"https:\/\/api.w.org\/{rel}","templated":true}]}}