{"id":6693,"date":"2022-10-21T09:02:29","date_gmt":"2022-10-21T09:02:29","guid":{"rendered":"https:\/\/peleteriagabriel.com\/?post_type=product&#038;p=6693"},"modified":"2024-10-03T15:28:00","modified_gmt":"2024-10-03T15:28:00","slug":"top-de-cuero-negro","status":"publish","type":"product","link":"https:\/\/peleteriagabriel.com\/en\/catalogo\/chalecos\/top-de-cuero-negro\/","title":{"rendered":"Top de cuero negro"},"content":{"rendered":"<h2>Completa tu look con un top de cuero negro.<\/h2>\n<p>Top de cuero negro con cintur\u00f3n &#8211; faj\u00edn de color negro.<\/p>\n<p>Un modelo especial con cintur\u00f3n-faj\u00edn de color negro. Cuello caja, abertura en la espalda, cierre de presi\u00f3n y un estilo minimalista.<\/p>\n<ul>\n<li>Cuerpo de cuero<\/li>\n<li>Corte recto<\/li>\n<li>Cuello caja<\/li>\n<li>Sin manga<\/li>\n<li>Color negro<\/li>\n<li>Detalle de cintur\u00f3n<\/li>\n<li>Talla 36 &#8211; 38<\/li>\n<\/ul>\n","protected":false},"excerpt":{"rendered":"<h2>Completa tu look con un top de cuero negro.<\/h2>\n<p>Top de cuero negro con cintur\u00f3n &#8211; faj\u00edn de color negro.<\/p>\n<p>Un modelo especial con cintur\u00f3n-faj\u00edn de color negro. Cuello caja, abertura en la espalda, cierre de presi\u00f3n y un estilo minimalista.<\/p>\n<ul>\n<li>Cuerpo de cuero<\/li>\n<li>Corte recto<\/li>\n<li>Cuello caja<\/li>\n<li>Sin manga<\/li>\n<li>Color negro<\/li>\n<li>Detalle de cintur\u00f3n<\/li>\n<li>Talla 36 &#8211; 38<\/li>\n<\/ul>\n","protected":false},"featured_media":6731,"template":"","meta":[],"product_cat":[157,83],"product_tag":[],"class_list":["post-6693","product","type-product","status-publish","has-post-thumbnail","hentry","product_cat-sin-categoria","product_cat-chalecos","pa_color-negro","pa_piel-cuero"],"yoast_head":"<!-- This site is optimized with the Yoast SEO plugin v23.3 - https:\/\/yoast.com\/wordpress\/plugins\/seo\/ -->\n<title>Top de cuero negro - Peleter\u00eda Gabriel , Tienda online, Zaragoza<\/title>\n<meta name=\"description\" content=\"Top de cuero negro con cintur\u00f3n - faj\u00edn de color negro.\u00a0Cuello caja, abertura en la espalda y cierre de presi\u00f3n. Perfecto fondo de armario\" \/>\n<meta name=\"robots\" content=\"index, follow, max-snippet:-1, max-image-preview:large, max-video-preview:-1\" \/>\n<link rel=\"canonical\" href=\"https:\/\/peleteriagabriel.com\/catalogo\/chalecos\/top-de-cuero-negro\/\" \/>\n<meta property=\"og:locale\" content=\"en_US\" \/>\n<meta property=\"og:type\" content=\"article\" \/>\n<meta property=\"og:title\" content=\"Top de cuero negro - Peleter\u00eda Gabriel , Tienda online, Zaragoza\" \/>\n<meta property=\"og:description\" content=\"Top de cuero negro con cintur\u00f3n - faj\u00edn de color negro.\u00a0Cuello caja, abertura en la espalda y cierre de presi\u00f3n. Perfecto fondo de armario\" \/>\n<meta property=\"og:url\" content=\"https:\/\/peleteriagabriel.com\/catalogo\/chalecos\/top-de-cuero-negro\/\" \/>\n<meta property=\"og:site_name\" content=\"Peleter\u00eda Gabriel\" \/>\n<meta property=\"article:publisher\" content=\"https:\/\/www.facebook.com\/peleteriagabrielzaragoza\/\" \/>\n<meta property=\"article:modified_time\" content=\"2024-10-03T15:28:00+00:00\" \/>\n<meta property=\"og:image\" content=\"https:\/\/peleteriagabriel.com\/wp-content\/uploads\/2022\/10\/PELETERIA_GABRIEL_FW-22-23_0157.jpg\" \/>\n\t<meta property=\"og:image:width\" content=\"800\" \/>\n\t<meta property=\"og:image:height\" content=\"1200\" \/>\n\t<meta property=\"og:image:type\" content=\"image\/jpeg\" \/>\n<meta name=\"twitter:card\" content=\"summary_large_image\" \/>\n<meta name=\"twitter:label1\" content=\"Est. reading time\" \/>\n\t<meta name=\"twitter:data1\" content=\"1 minute\" \/>\n<script type=\"application\/ld+json\" class=\"yoast-schema-graph\">{\"@context\":\"https:\/\/schema.org\",\"@graph\":[{\"@type\":[\"WebPage\",\"ItemPage\"],\"@id\":\"https:\/\/peleteriagabriel.com\/catalogo\/chalecos\/top-de-cuero-negro\/\",\"url\":\"https:\/\/peleteriagabriel.com\/catalogo\/chalecos\/top-de-cuero-negro\/\",\"name\":\"Top de cuero negro - Peleter\u00eda Gabriel , Tienda online, Zaragoza\",\"isPartOf\":{\"@id\":\"https:\/\/peleteriagabriel.com\/#website\"},\"primaryImageOfPage\":{\"@id\":\"https:\/\/peleteriagabriel.com\/catalogo\/chalecos\/top-de-cuero-negro\/#primaryimage\"},\"image\":{\"@id\":\"https:\/\/peleteriagabriel.com\/catalogo\/chalecos\/top-de-cuero-negro\/#primaryimage\"},\"thumbnailUrl\":\"https:\/\/peleteriagabriel.com\/wp-content\/uploads\/2022\/10\/PELETERIA_GABRIEL_FW-22-23_0157.jpg\",\"datePublished\":\"2022-10-21T09:02:29+00:00\",\"dateModified\":\"2024-10-03T15:28:00+00:00\",\"description\":\"Top de cuero negro con cintur\u00f3n - faj\u00edn de color negro.\u00a0Cuello caja, abertura en la espalda y cierre de presi\u00f3n. Perfecto fondo de armario\",\"breadcrumb\":{\"@id\":\"https:\/\/peleteriagabriel.com\/catalogo\/chalecos\/top-de-cuero-negro\/#breadcrumb\"},\"inLanguage\":\"en-US\",\"potentialAction\":[{\"@type\":\"ReadAction\",\"target\":[\"https:\/\/peleteriagabriel.com\/catalogo\/chalecos\/top-de-cuero-negro\/\"]}]},{\"@type\":\"ImageObject\",\"inLanguage\":\"en-US\",\"@id\":\"https:\/\/peleteriagabriel.com\/catalogo\/chalecos\/top-de-cuero-negro\/#primaryimage\",\"url\":\"https:\/\/peleteriagabriel.com\/wp-content\/uploads\/2022\/10\/PELETERIA_GABRIEL_FW-22-23_0157.jpg\",\"contentUrl\":\"https:\/\/peleteriagabriel.com\/wp-content\/uploads\/2022\/10\/PELETERIA_GABRIEL_FW-22-23_0157.jpg\",\"width\":800,\"height\":1200},{\"@type\":\"BreadcrumbList\",\"@id\":\"https:\/\/peleteriagabriel.com\/catalogo\/chalecos\/top-de-cuero-negro\/#breadcrumb\",\"itemListElement\":[{\"@type\":\"ListItem\",\"position\":1,\"name\":\"Portada\",\"item\":\"https:\/\/peleteriagabriel.com\/en\/\"},{\"@type\":\"ListItem\",\"position\":2,\"name\":\"Cat\u00e1logo de productos\",\"item\":\"https:\/\/peleteriagabriel.com\/catalogo\/\"},{\"@type\":\"ListItem\",\"position\":3,\"name\":\"Top de cuero negro\"}]},{\"@type\":\"WebSite\",\"@id\":\"https:\/\/peleteriagabriel.com\/#website\",\"url\":\"https:\/\/peleteriagabriel.com\/\",\"name\":\"Peleter\u00eda Gabriel\",\"description\":\"Alta peleter\u00eda desde 1975\",\"potentialAction\":[{\"@type\":\"SearchAction\",\"target\":{\"@type\":\"EntryPoint\",\"urlTemplate\":\"https:\/\/peleteriagabriel.com\/?s={search_term_string}\"},\"query-input\":\"required name=search_term_string\"}],\"inLanguage\":\"en-US\"}]}<\/script>\n<!-- \/ Yoast SEO plugin. -->","yoast_head_json":{"title":"Top de cuero negro - Peleter\u00eda Gabriel , Tienda online, Zaragoza","description":"Top de cuero negro con cintur\u00f3n - faj\u00edn de color negro.\u00a0Cuello caja, abertura en la espalda y cierre de presi\u00f3n. Perfecto fondo de armario","robots":{"index":"index","follow":"follow","max-snippet":"max-snippet:-1","max-image-preview":"max-image-preview:large","max-video-preview":"max-video-preview:-1"},"canonical":"https:\/\/peleteriagabriel.com\/catalogo\/chalecos\/top-de-cuero-negro\/","og_locale":"en_US","og_type":"article","og_title":"Top de cuero negro - Peleter\u00eda Gabriel , Tienda online, Zaragoza","og_description":"Top de cuero negro con cintur\u00f3n - faj\u00edn de color negro.\u00a0Cuello caja, abertura en la espalda y cierre de presi\u00f3n. Perfecto fondo de armario","og_url":"https:\/\/peleteriagabriel.com\/catalogo\/chalecos\/top-de-cuero-negro\/","og_site_name":"Peleter\u00eda Gabriel","article_publisher":"https:\/\/www.facebook.com\/peleteriagabrielzaragoza\/","article_modified_time":"2024-10-03T15:28:00+00:00","og_image":[{"width":800,"height":1200,"url":"https:\/\/peleteriagabriel.com\/wp-content\/uploads\/2022\/10\/PELETERIA_GABRIEL_FW-22-23_0157.jpg","type":"image\/jpeg"}],"twitter_card":"summary_large_image","twitter_misc":{"Est. reading time":"1 minute"},"schema":{"@context":"https:\/\/schema.org","@graph":[{"@type":["WebPage","ItemPage"],"@id":"https:\/\/peleteriagabriel.com\/catalogo\/chalecos\/top-de-cuero-negro\/","url":"https:\/\/peleteriagabriel.com\/catalogo\/chalecos\/top-de-cuero-negro\/","name":"Top de cuero negro - Peleter\u00eda Gabriel , Tienda online, Zaragoza","isPartOf":{"@id":"https:\/\/peleteriagabriel.com\/#website"},"primaryImageOfPage":{"@id":"https:\/\/peleteriagabriel.com\/catalogo\/chalecos\/top-de-cuero-negro\/#primaryimage"},"image":{"@id":"https:\/\/peleteriagabriel.com\/catalogo\/chalecos\/top-de-cuero-negro\/#primaryimage"},"thumbnailUrl":"https:\/\/peleteriagabriel.com\/wp-content\/uploads\/2022\/10\/PELETERIA_GABRIEL_FW-22-23_0157.jpg","datePublished":"2022-10-21T09:02:29+00:00","dateModified":"2024-10-03T15:28:00+00:00","description":"Top de cuero negro con cintur\u00f3n - faj\u00edn de color negro.\u00a0Cuello caja, abertura en la espalda y cierre de presi\u00f3n. Perfecto fondo de armario","breadcrumb":{"@id":"https:\/\/peleteriagabriel.com\/catalogo\/chalecos\/top-de-cuero-negro\/#breadcrumb"},"inLanguage":"en-US","potentialAction":[{"@type":"ReadAction","target":["https:\/\/peleteriagabriel.com\/catalogo\/chalecos\/top-de-cuero-negro\/"]}]},{"@type":"ImageObject","inLanguage":"en-US","@id":"https:\/\/peleteriagabriel.com\/catalogo\/chalecos\/top-de-cuero-negro\/#primaryimage","url":"https:\/\/peleteriagabriel.com\/wp-content\/uploads\/2022\/10\/PELETERIA_GABRIEL_FW-22-23_0157.jpg","contentUrl":"https:\/\/peleteriagabriel.com\/wp-content\/uploads\/2022\/10\/PELETERIA_GABRIEL_FW-22-23_0157.jpg","width":800,"height":1200},{"@type":"BreadcrumbList","@id":"https:\/\/peleteriagabriel.com\/catalogo\/chalecos\/top-de-cuero-negro\/#breadcrumb","itemListElement":[{"@type":"ListItem","position":1,"name":"Portada","item":"https:\/\/peleteriagabriel.com\/en\/"},{"@type":"ListItem","position":2,"name":"Cat\u00e1logo de productos","item":"https:\/\/peleteriagabriel.com\/catalogo\/"},{"@type":"ListItem","position":3,"name":"Top de cuero negro"}]},{"@type":"WebSite","@id":"https:\/\/peleteriagabriel.com\/#website","url":"https:\/\/peleteriagabriel.com\/","name":"Peleter\u00eda Gabriel","description":"Alta peleter\u00eda desde 1975","potentialAction":[{"@type":"SearchAction","target":{"@type":"EntryPoint","urlTemplate":"https:\/\/peleteriagabriel.com\/?s={search_term_string}"},"query-input":"required name=search_term_string"}],"inLanguage":"en-US"}]}},"_links":{"self":[{"href":"https:\/\/peleteriagabriel.com\/en\/wp-json\/wp\/v2\/product\/6693"}],"collection":[{"href":"https:\/\/peleteriagabriel.com\/en\/wp-json\/wp\/v2\/product"}],"about":[{"href":"https:\/\/peleteriagabriel.com\/en\/wp-json\/wp\/v2\/types\/product"}],"wp:featuredmedia":[{"embeddable":true,"href":"https:\/\/peleteriagabriel.com\/en\/wp-json\/wp\/v2\/media\/6731"}],"wp:attachment":[{"href":"https:\/\/peleteriagabriel.com\/en\/wp-json\/wp\/v2\/media?parent=6693"}],"wp:term":[{"taxonomy":"product_cat","embeddable":true,"href":"https:\/\/peleteriagabriel.com\/en\/wp-json\/wp\/v2\/product_cat?post=6693"},{"taxonomy":"product_tag","embeddable":true,"href":"https:\/\/peleteriagabriel.com\/en\/wp-json\/wp\/v2\/product_tag?post=6693"}],"curies":[{"name":"wp","href":"https:\/\/api.w.org\/{rel}","templated":true}]}}