{"id":6489,"date":"2022-10-21T08:39:24","date_gmt":"2022-10-21T08:39:24","guid":{"rendered":"https:\/\/peleteriagabriel.com\/?post_type=product&#038;p=6489"},"modified":"2023-09-29T08:45:24","modified_gmt":"2023-09-29T08:45:24","slug":"abrigo-de-astracan-bicolor","status":"publish","type":"product","link":"https:\/\/peleteriagabriel.com\/en\/catalogo\/abrigos\/abrigo-de-astracan-bicolor\/","title":{"rendered":"Abrigo de astrac\u00e1n bicolor"},"content":{"rendered":"<h2>Completa tu look con un abrigo de astrac\u00e1n color marr\u00f3n y gris.<\/h2>\n<p>Abrigo de lomos de astrac\u00e1n en color marr\u00f3n oscuro y gris. Trabajado en vertical, con cuello solapa y forro interior estampado.<\/p>\n<p>Un abrigo de astrac\u00e1n especial y atemporal. El astrac\u00e1n trabajado en vertical da una imagen esbelta, y su color oscuro hace que la tarea de combinarlo sea sencilla. Una prenda minimalista y vers\u00e1til, ideal para cualquier ocasi\u00f3n.<\/p>\n<ul>\n<li>Abrigo de astrac\u00e1n<\/li>\n<li>Corte recto<\/li>\n<li>Cuello solapa<\/li>\n<li>Manga larga<\/li>\n<li>Forro interior estampado<\/li>\n<li>Color marr\u00f3n oscuro con gris<\/li>\n<li>Cierres de presi\u00f3n<\/li>\n<li>Talla 36 &#8211; 38 &#8211; 40 &#8211; 42<\/li>\n<\/ul>\n","protected":false},"excerpt":{"rendered":"<h2>Completa tu look con un abrigo de astrac\u00e1n color marr\u00f3n y gris.<\/h2>\n<p>Abrigo de lomos de astrac\u00e1n en color marr\u00f3n oscuro y gris. Trabajado en vertical, con cuello solapa y forro interior estampado.<\/p>\n<p>Un abrigo de astrac\u00e1n especial y atemporal. El astrac\u00e1n trabajado en vertical da una imagen esbelta, y su color oscuro hace que la tarea de combinarlo sea sencilla. Una prenda minimalista y vers\u00e1til, ideal para cualquier ocasi\u00f3n.<\/p>\n<ul>\n<li>Abrigo de astrac\u00e1n<\/li>\n<li>Corte recto<\/li>\n<li>Cuello solapa<\/li>\n<li>Manga larga<\/li>\n<li>Forro interior estampado<\/li>\n<li>Color marr\u00f3n oscuro con gris<\/li>\n<li>Cierres de presi\u00f3n<\/li>\n<li>Talla 36 &#8211; 38 &#8211; 40 &#8211; 42<\/li>\n<\/ul>\n","protected":false},"featured_media":6570,"template":"","meta":[],"product_cat":[84],"product_tag":[],"class_list":["post-6489","product","type-product","status-publish","has-post-thumbnail","hentry","product_cat-abrigos","pa_color-gris","pa_color-marron","pa_piel-astrakan"],"yoast_head":"<!-- This site is optimized with the Yoast SEO plugin v23.3 - https:\/\/yoast.com\/wordpress\/plugins\/seo\/ -->\n<title>Abrigo de astrac\u00e1n bicolor - Peleter\u00eda Gabriel , Tienda online, Zaragoza<\/title>\n<meta name=\"description\" content=\"Abrigo de lomos de astrac\u00e1n en color marr\u00f3n oscuro y gris. Trabajado en vertical, con cuello solapa y forro interior estampado.\" \/>\n<meta name=\"robots\" content=\"index, follow, max-snippet:-1, max-image-preview:large, max-video-preview:-1\" \/>\n<link rel=\"canonical\" href=\"https:\/\/peleteriagabriel.com\/catalogo\/abrigos\/abrigo-de-astracan-bicolor\/\" \/>\n<meta property=\"og:locale\" content=\"en_US\" \/>\n<meta property=\"og:type\" content=\"article\" \/>\n<meta property=\"og:title\" content=\"Abrigo de astrac\u00e1n bicolor - Peleter\u00eda Gabriel , Tienda online, Zaragoza\" \/>\n<meta property=\"og:description\" content=\"Abrigo de lomos de astrac\u00e1n en color marr\u00f3n oscuro y gris. Trabajado en vertical, con cuello solapa y forro interior estampado.\" \/>\n<meta property=\"og:url\" content=\"https:\/\/peleteriagabriel.com\/catalogo\/abrigos\/abrigo-de-astracan-bicolor\/\" \/>\n<meta property=\"og:site_name\" content=\"Peleter\u00eda Gabriel\" \/>\n<meta property=\"article:publisher\" content=\"https:\/\/www.facebook.com\/peleteriagabrielzaragoza\/\" \/>\n<meta property=\"article:modified_time\" content=\"2023-09-29T08:45:24+00:00\" \/>\n<meta property=\"og:image\" content=\"https:\/\/peleteriagabriel.com\/wp-content\/uploads\/2022\/10\/PELETERIA_GABRIEL_FW-22-23_0027-1.jpg\" \/>\n\t<meta property=\"og:image:width\" content=\"801\" \/>\n\t<meta property=\"og:image:height\" content=\"1200\" \/>\n\t<meta property=\"og:image:type\" content=\"image\/jpeg\" \/>\n<meta name=\"twitter:card\" content=\"summary_large_image\" \/>\n<meta name=\"twitter:label1\" content=\"Est. reading time\" \/>\n\t<meta name=\"twitter:data1\" content=\"1 minute\" \/>\n<script type=\"application\/ld+json\" class=\"yoast-schema-graph\">{\"@context\":\"https:\/\/schema.org\",\"@graph\":[{\"@type\":[\"WebPage\",\"ItemPage\"],\"@id\":\"https:\/\/peleteriagabriel.com\/catalogo\/abrigos\/abrigo-de-astracan-bicolor\/\",\"url\":\"https:\/\/peleteriagabriel.com\/catalogo\/abrigos\/abrigo-de-astracan-bicolor\/\",\"name\":\"Abrigo de astrac\u00e1n bicolor - Peleter\u00eda Gabriel , Tienda online, Zaragoza\",\"isPartOf\":{\"@id\":\"https:\/\/peleteriagabriel.com\/#website\"},\"primaryImageOfPage\":{\"@id\":\"https:\/\/peleteriagabriel.com\/catalogo\/abrigos\/abrigo-de-astracan-bicolor\/#primaryimage\"},\"image\":{\"@id\":\"https:\/\/peleteriagabriel.com\/catalogo\/abrigos\/abrigo-de-astracan-bicolor\/#primaryimage\"},\"thumbnailUrl\":\"https:\/\/peleteriagabriel.com\/wp-content\/uploads\/2022\/10\/PELETERIA_GABRIEL_FW-22-23_0027-1.jpg\",\"datePublished\":\"2022-10-21T08:39:24+00:00\",\"dateModified\":\"2023-09-29T08:45:24+00:00\",\"description\":\"Abrigo de lomos de astrac\u00e1n en color marr\u00f3n oscuro y gris. Trabajado en vertical, con cuello solapa y forro interior estampado.\",\"breadcrumb\":{\"@id\":\"https:\/\/peleteriagabriel.com\/catalogo\/abrigos\/abrigo-de-astracan-bicolor\/#breadcrumb\"},\"inLanguage\":\"en-US\",\"potentialAction\":[{\"@type\":\"ReadAction\",\"target\":[\"https:\/\/peleteriagabriel.com\/catalogo\/abrigos\/abrigo-de-astracan-bicolor\/\"]}]},{\"@type\":\"ImageObject\",\"inLanguage\":\"en-US\",\"@id\":\"https:\/\/peleteriagabriel.com\/catalogo\/abrigos\/abrigo-de-astracan-bicolor\/#primaryimage\",\"url\":\"https:\/\/peleteriagabriel.com\/wp-content\/uploads\/2022\/10\/PELETERIA_GABRIEL_FW-22-23_0027-1.jpg\",\"contentUrl\":\"https:\/\/peleteriagabriel.com\/wp-content\/uploads\/2022\/10\/PELETERIA_GABRIEL_FW-22-23_0027-1.jpg\",\"width\":801,\"height\":1200},{\"@type\":\"BreadcrumbList\",\"@id\":\"https:\/\/peleteriagabriel.com\/catalogo\/abrigos\/abrigo-de-astracan-bicolor\/#breadcrumb\",\"itemListElement\":[{\"@type\":\"ListItem\",\"position\":1,\"name\":\"Portada\",\"item\":\"https:\/\/peleteriagabriel.com\/en\/\"},{\"@type\":\"ListItem\",\"position\":2,\"name\":\"Cat\u00e1logo de productos\",\"item\":\"https:\/\/peleteriagabriel.com\/catalogo\/\"},{\"@type\":\"ListItem\",\"position\":3,\"name\":\"Abrigo de astrac\u00e1n bicolor\"}]},{\"@type\":\"WebSite\",\"@id\":\"https:\/\/peleteriagabriel.com\/#website\",\"url\":\"https:\/\/peleteriagabriel.com\/\",\"name\":\"Peleter\u00eda Gabriel\",\"description\":\"Alta peleter\u00eda desde 1975\",\"potentialAction\":[{\"@type\":\"SearchAction\",\"target\":{\"@type\":\"EntryPoint\",\"urlTemplate\":\"https:\/\/peleteriagabriel.com\/?s={search_term_string}\"},\"query-input\":\"required name=search_term_string\"}],\"inLanguage\":\"en-US\"}]}<\/script>\n<!-- \/ Yoast SEO plugin. -->","yoast_head_json":{"title":"Abrigo de astrac\u00e1n bicolor - Peleter\u00eda Gabriel , Tienda online, Zaragoza","description":"Abrigo de lomos de astrac\u00e1n en color marr\u00f3n oscuro y gris. Trabajado en vertical, con cuello solapa y forro interior estampado.","robots":{"index":"index","follow":"follow","max-snippet":"max-snippet:-1","max-image-preview":"max-image-preview:large","max-video-preview":"max-video-preview:-1"},"canonical":"https:\/\/peleteriagabriel.com\/catalogo\/abrigos\/abrigo-de-astracan-bicolor\/","og_locale":"en_US","og_type":"article","og_title":"Abrigo de astrac\u00e1n bicolor - Peleter\u00eda Gabriel , Tienda online, Zaragoza","og_description":"Abrigo de lomos de astrac\u00e1n en color marr\u00f3n oscuro y gris. Trabajado en vertical, con cuello solapa y forro interior estampado.","og_url":"https:\/\/peleteriagabriel.com\/catalogo\/abrigos\/abrigo-de-astracan-bicolor\/","og_site_name":"Peleter\u00eda Gabriel","article_publisher":"https:\/\/www.facebook.com\/peleteriagabrielzaragoza\/","article_modified_time":"2023-09-29T08:45:24+00:00","og_image":[{"width":801,"height":1200,"url":"https:\/\/peleteriagabriel.com\/wp-content\/uploads\/2022\/10\/PELETERIA_GABRIEL_FW-22-23_0027-1.jpg","type":"image\/jpeg"}],"twitter_card":"summary_large_image","twitter_misc":{"Est. reading time":"1 minute"},"schema":{"@context":"https:\/\/schema.org","@graph":[{"@type":["WebPage","ItemPage"],"@id":"https:\/\/peleteriagabriel.com\/catalogo\/abrigos\/abrigo-de-astracan-bicolor\/","url":"https:\/\/peleteriagabriel.com\/catalogo\/abrigos\/abrigo-de-astracan-bicolor\/","name":"Abrigo de astrac\u00e1n bicolor - Peleter\u00eda Gabriel , Tienda online, Zaragoza","isPartOf":{"@id":"https:\/\/peleteriagabriel.com\/#website"},"primaryImageOfPage":{"@id":"https:\/\/peleteriagabriel.com\/catalogo\/abrigos\/abrigo-de-astracan-bicolor\/#primaryimage"},"image":{"@id":"https:\/\/peleteriagabriel.com\/catalogo\/abrigos\/abrigo-de-astracan-bicolor\/#primaryimage"},"thumbnailUrl":"https:\/\/peleteriagabriel.com\/wp-content\/uploads\/2022\/10\/PELETERIA_GABRIEL_FW-22-23_0027-1.jpg","datePublished":"2022-10-21T08:39:24+00:00","dateModified":"2023-09-29T08:45:24+00:00","description":"Abrigo de lomos de astrac\u00e1n en color marr\u00f3n oscuro y gris. Trabajado en vertical, con cuello solapa y forro interior estampado.","breadcrumb":{"@id":"https:\/\/peleteriagabriel.com\/catalogo\/abrigos\/abrigo-de-astracan-bicolor\/#breadcrumb"},"inLanguage":"en-US","potentialAction":[{"@type":"ReadAction","target":["https:\/\/peleteriagabriel.com\/catalogo\/abrigos\/abrigo-de-astracan-bicolor\/"]}]},{"@type":"ImageObject","inLanguage":"en-US","@id":"https:\/\/peleteriagabriel.com\/catalogo\/abrigos\/abrigo-de-astracan-bicolor\/#primaryimage","url":"https:\/\/peleteriagabriel.com\/wp-content\/uploads\/2022\/10\/PELETERIA_GABRIEL_FW-22-23_0027-1.jpg","contentUrl":"https:\/\/peleteriagabriel.com\/wp-content\/uploads\/2022\/10\/PELETERIA_GABRIEL_FW-22-23_0027-1.jpg","width":801,"height":1200},{"@type":"BreadcrumbList","@id":"https:\/\/peleteriagabriel.com\/catalogo\/abrigos\/abrigo-de-astracan-bicolor\/#breadcrumb","itemListElement":[{"@type":"ListItem","position":1,"name":"Portada","item":"https:\/\/peleteriagabriel.com\/en\/"},{"@type":"ListItem","position":2,"name":"Cat\u00e1logo de productos","item":"https:\/\/peleteriagabriel.com\/catalogo\/"},{"@type":"ListItem","position":3,"name":"Abrigo de astrac\u00e1n bicolor"}]},{"@type":"WebSite","@id":"https:\/\/peleteriagabriel.com\/#website","url":"https:\/\/peleteriagabriel.com\/","name":"Peleter\u00eda Gabriel","description":"Alta peleter\u00eda desde 1975","potentialAction":[{"@type":"SearchAction","target":{"@type":"EntryPoint","urlTemplate":"https:\/\/peleteriagabriel.com\/?s={search_term_string}"},"query-input":"required name=search_term_string"}],"inLanguage":"en-US"}]}},"_links":{"self":[{"href":"https:\/\/peleteriagabriel.com\/en\/wp-json\/wp\/v2\/product\/6489"}],"collection":[{"href":"https:\/\/peleteriagabriel.com\/en\/wp-json\/wp\/v2\/product"}],"about":[{"href":"https:\/\/peleteriagabriel.com\/en\/wp-json\/wp\/v2\/types\/product"}],"wp:featuredmedia":[{"embeddable":true,"href":"https:\/\/peleteriagabriel.com\/en\/wp-json\/wp\/v2\/media\/6570"}],"wp:attachment":[{"href":"https:\/\/peleteriagabriel.com\/en\/wp-json\/wp\/v2\/media?parent=6489"}],"wp:term":[{"taxonomy":"product_cat","embeddable":true,"href":"https:\/\/peleteriagabriel.com\/en\/wp-json\/wp\/v2\/product_cat?post=6489"},{"taxonomy":"product_tag","embeddable":true,"href":"https:\/\/peleteriagabriel.com\/en\/wp-json\/wp\/v2\/product_tag?post=6489"}],"curies":[{"name":"wp","href":"https:\/\/api.w.org\/{rel}","templated":true}]}}