{"id":17345,"date":"2025-10-07T21:56:49","date_gmt":"2025-10-07T21:56:49","guid":{"rendered":"https:\/\/peleteriagabriel.com\/?post_type=product&#038;p=17345"},"modified":"2025-10-07T21:56:50","modified_gmt":"2025-10-07T21:56:50","slug":"falda-de-astracan-negro-2","status":"publish","type":"product","link":"https:\/\/peleteriagabriel.com\/en\/catalogo\/falda\/falda-de-astracan-negro-2\/","title":{"rendered":"Falda de astrac\u00e1n negro"},"content":{"rendered":"<h2>Completa tu look con una falda de astrac\u00e1n negro.<\/h2>\n<div id=\"ProductAccordion-description-template--19396584407386__main\" class=\"accordion__content rte\">Falda de astrac\u00e1n en color negro. Corte tubo con cierre de cremallera. Un complemento vers\u00e1til para el fondo de armario.<\/div>\n<ul>\n<li>Falda de astrac\u00e1n<\/li>\n<li>Corte recto<\/li>\n<li>Color negro<\/li>\n<li>Forro interior liso<\/li>\n<li>Cierre de cremallera<\/li>\n<li>Talla 36 &#8211; 38 &#8211; 40<\/li>\n<\/ul>\n","protected":false},"excerpt":{"rendered":"<h2>Completa tu look con una falda de astrac\u00e1n negro.<\/h2>\n<div id=\"ProductAccordion-description-template--19396584407386__main\" class=\"accordion__content rte\">Falda de astrac\u00e1n en color negro. Corte cl\u00e1sico con cierre de cremallera. Un complemento vers\u00e1til para el fondo de armario.<\/div>\n<ul>\n<li>Falda de astrac\u00e1n<\/li>\n<li>Corte recto<\/li>\n<li>Color negro<\/li>\n<li>Forro interior liso<\/li>\n<li>Cierre de cremallera<\/li>\n<li>Talla 36 &#8211; 38 &#8211; 40<\/li>\n<\/ul>\n","protected":false},"featured_media":17346,"template":"","meta":[],"product_cat":[208],"product_tag":[],"class_list":["post-17345","product","type-product","status-publish","has-post-thumbnail","hentry","product_cat-falda","pa_color-negro","pa_piel-astrakan"],"yoast_head":"<!-- This site is optimized with the Yoast SEO plugin v23.3 - https:\/\/yoast.com\/wordpress\/plugins\/seo\/ -->\n<title>Falda de astrac\u00e1n negro - Peleter\u00eda Gabriel<\/title>\n<meta name=\"description\" content=\"Falda de astrac\u00e1n en color negro. Corte cl\u00e1sico con cierre de cremallera. Un complemento vers\u00e1til para el fondo de armario.Falda de astrac\u00e1n\" \/>\n<meta name=\"robots\" content=\"index, follow, max-snippet:-1, max-image-preview:large, max-video-preview:-1\" \/>\n<link rel=\"canonical\" href=\"https:\/\/peleteriagabriel.com\/catalogo\/falda\/falda-de-astracan-negro-2\/\" \/>\n<meta property=\"og:locale\" content=\"en_US\" \/>\n<meta property=\"og:type\" content=\"article\" \/>\n<meta property=\"og:title\" content=\"Falda de astrac\u00e1n negro - Peleter\u00eda Gabriel\" \/>\n<meta property=\"og:description\" content=\"Falda de astrac\u00e1n en color negro. Corte cl\u00e1sico con cierre de cremallera. Un complemento vers\u00e1til para el fondo de armario.Falda de astrac\u00e1n\" \/>\n<meta property=\"og:url\" content=\"https:\/\/peleteriagabriel.com\/catalogo\/falda\/falda-de-astracan-negro-2\/\" \/>\n<meta property=\"og:site_name\" content=\"Peleter\u00eda Gabriel\" \/>\n<meta property=\"article:publisher\" content=\"https:\/\/www.facebook.com\/peleteriagabrielzaragoza\/\" \/>\n<meta property=\"article:modified_time\" content=\"2025-10-07T21:56:50+00:00\" \/>\n<meta property=\"og:image\" content=\"https:\/\/peleteriagabriel.com\/wp-content\/uploads\/2025\/10\/Falda-astracan-negro-1.jpg\" \/>\n\t<meta property=\"og:image:width\" content=\"800\" \/>\n\t<meta property=\"og:image:height\" content=\"1200\" \/>\n\t<meta property=\"og:image:type\" content=\"image\/jpeg\" \/>\n<meta name=\"twitter:card\" content=\"summary_large_image\" \/>\n<meta name=\"twitter:label1\" content=\"Est. reading time\" \/>\n\t<meta name=\"twitter:data1\" content=\"1 minute\" \/>\n<script type=\"application\/ld+json\" class=\"yoast-schema-graph\">{\"@context\":\"https:\/\/schema.org\",\"@graph\":[{\"@type\":[\"WebPage\",\"ItemPage\"],\"@id\":\"https:\/\/peleteriagabriel.com\/catalogo\/falda\/falda-de-astracan-negro-2\/\",\"url\":\"https:\/\/peleteriagabriel.com\/catalogo\/falda\/falda-de-astracan-negro-2\/\",\"name\":\"Falda de astrac\u00e1n negro - Peleter\u00eda Gabriel\",\"isPartOf\":{\"@id\":\"https:\/\/peleteriagabriel.com\/#website\"},\"primaryImageOfPage\":{\"@id\":\"https:\/\/peleteriagabriel.com\/catalogo\/falda\/falda-de-astracan-negro-2\/#primaryimage\"},\"image\":{\"@id\":\"https:\/\/peleteriagabriel.com\/catalogo\/falda\/falda-de-astracan-negro-2\/#primaryimage\"},\"thumbnailUrl\":\"https:\/\/peleteriagabriel.com\/wp-content\/uploads\/2025\/10\/Falda-astracan-negro-1.jpg\",\"datePublished\":\"2025-10-07T21:56:49+00:00\",\"dateModified\":\"2025-10-07T21:56:50+00:00\",\"description\":\"Falda de astrac\u00e1n en color negro. Corte cl\u00e1sico con cierre de cremallera. Un complemento vers\u00e1til para el fondo de armario.Falda de astrac\u00e1n\",\"breadcrumb\":{\"@id\":\"https:\/\/peleteriagabriel.com\/catalogo\/falda\/falda-de-astracan-negro-2\/#breadcrumb\"},\"inLanguage\":\"en-US\",\"potentialAction\":[{\"@type\":\"ReadAction\",\"target\":[\"https:\/\/peleteriagabriel.com\/catalogo\/falda\/falda-de-astracan-negro-2\/\"]}]},{\"@type\":\"ImageObject\",\"inLanguage\":\"en-US\",\"@id\":\"https:\/\/peleteriagabriel.com\/catalogo\/falda\/falda-de-astracan-negro-2\/#primaryimage\",\"url\":\"https:\/\/peleteriagabriel.com\/wp-content\/uploads\/2025\/10\/Falda-astracan-negro-1.jpg\",\"contentUrl\":\"https:\/\/peleteriagabriel.com\/wp-content\/uploads\/2025\/10\/Falda-astracan-negro-1.jpg\",\"width\":800,\"height\":1200},{\"@type\":\"BreadcrumbList\",\"@id\":\"https:\/\/peleteriagabriel.com\/catalogo\/falda\/falda-de-astracan-negro-2\/#breadcrumb\",\"itemListElement\":[{\"@type\":\"ListItem\",\"position\":1,\"name\":\"Portada\",\"item\":\"https:\/\/peleteriagabriel.com\/en\/\"},{\"@type\":\"ListItem\",\"position\":2,\"name\":\"Cat\u00e1logo de productos\",\"item\":\"https:\/\/peleteriagabriel.com\/catalogo\/\"},{\"@type\":\"ListItem\",\"position\":3,\"name\":\"Falda de astrac\u00e1n negro\"}]},{\"@type\":\"WebSite\",\"@id\":\"https:\/\/peleteriagabriel.com\/#website\",\"url\":\"https:\/\/peleteriagabriel.com\/\",\"name\":\"Peleter\u00eda Gabriel\",\"description\":\"Alta peleter\u00eda desde 1975\",\"potentialAction\":[{\"@type\":\"SearchAction\",\"target\":{\"@type\":\"EntryPoint\",\"urlTemplate\":\"https:\/\/peleteriagabriel.com\/?s={search_term_string}\"},\"query-input\":\"required name=search_term_string\"}],\"inLanguage\":\"en-US\"}]}<\/script>\n<!-- \/ Yoast SEO plugin. -->","yoast_head_json":{"title":"Falda de astrac\u00e1n negro - Peleter\u00eda Gabriel","description":"Falda de astrac\u00e1n en color negro. Corte cl\u00e1sico con cierre de cremallera. Un complemento vers\u00e1til para el fondo de armario.Falda de astrac\u00e1n","robots":{"index":"index","follow":"follow","max-snippet":"max-snippet:-1","max-image-preview":"max-image-preview:large","max-video-preview":"max-video-preview:-1"},"canonical":"https:\/\/peleteriagabriel.com\/catalogo\/falda\/falda-de-astracan-negro-2\/","og_locale":"en_US","og_type":"article","og_title":"Falda de astrac\u00e1n negro - Peleter\u00eda Gabriel","og_description":"Falda de astrac\u00e1n en color negro. Corte cl\u00e1sico con cierre de cremallera. Un complemento vers\u00e1til para el fondo de armario.Falda de astrac\u00e1n","og_url":"https:\/\/peleteriagabriel.com\/catalogo\/falda\/falda-de-astracan-negro-2\/","og_site_name":"Peleter\u00eda Gabriel","article_publisher":"https:\/\/www.facebook.com\/peleteriagabrielzaragoza\/","article_modified_time":"2025-10-07T21:56:50+00:00","og_image":[{"width":800,"height":1200,"url":"https:\/\/peleteriagabriel.com\/wp-content\/uploads\/2025\/10\/Falda-astracan-negro-1.jpg","type":"image\/jpeg"}],"twitter_card":"summary_large_image","twitter_misc":{"Est. reading time":"1 minute"},"schema":{"@context":"https:\/\/schema.org","@graph":[{"@type":["WebPage","ItemPage"],"@id":"https:\/\/peleteriagabriel.com\/catalogo\/falda\/falda-de-astracan-negro-2\/","url":"https:\/\/peleteriagabriel.com\/catalogo\/falda\/falda-de-astracan-negro-2\/","name":"Falda de astrac\u00e1n negro - Peleter\u00eda Gabriel","isPartOf":{"@id":"https:\/\/peleteriagabriel.com\/#website"},"primaryImageOfPage":{"@id":"https:\/\/peleteriagabriel.com\/catalogo\/falda\/falda-de-astracan-negro-2\/#primaryimage"},"image":{"@id":"https:\/\/peleteriagabriel.com\/catalogo\/falda\/falda-de-astracan-negro-2\/#primaryimage"},"thumbnailUrl":"https:\/\/peleteriagabriel.com\/wp-content\/uploads\/2025\/10\/Falda-astracan-negro-1.jpg","datePublished":"2025-10-07T21:56:49+00:00","dateModified":"2025-10-07T21:56:50+00:00","description":"Falda de astrac\u00e1n en color negro. Corte cl\u00e1sico con cierre de cremallera. Un complemento vers\u00e1til para el fondo de armario.Falda de astrac\u00e1n","breadcrumb":{"@id":"https:\/\/peleteriagabriel.com\/catalogo\/falda\/falda-de-astracan-negro-2\/#breadcrumb"},"inLanguage":"en-US","potentialAction":[{"@type":"ReadAction","target":["https:\/\/peleteriagabriel.com\/catalogo\/falda\/falda-de-astracan-negro-2\/"]}]},{"@type":"ImageObject","inLanguage":"en-US","@id":"https:\/\/peleteriagabriel.com\/catalogo\/falda\/falda-de-astracan-negro-2\/#primaryimage","url":"https:\/\/peleteriagabriel.com\/wp-content\/uploads\/2025\/10\/Falda-astracan-negro-1.jpg","contentUrl":"https:\/\/peleteriagabriel.com\/wp-content\/uploads\/2025\/10\/Falda-astracan-negro-1.jpg","width":800,"height":1200},{"@type":"BreadcrumbList","@id":"https:\/\/peleteriagabriel.com\/catalogo\/falda\/falda-de-astracan-negro-2\/#breadcrumb","itemListElement":[{"@type":"ListItem","position":1,"name":"Portada","item":"https:\/\/peleteriagabriel.com\/en\/"},{"@type":"ListItem","position":2,"name":"Cat\u00e1logo de productos","item":"https:\/\/peleteriagabriel.com\/catalogo\/"},{"@type":"ListItem","position":3,"name":"Falda de astrac\u00e1n negro"}]},{"@type":"WebSite","@id":"https:\/\/peleteriagabriel.com\/#website","url":"https:\/\/peleteriagabriel.com\/","name":"Peleter\u00eda Gabriel","description":"Alta peleter\u00eda desde 1975","potentialAction":[{"@type":"SearchAction","target":{"@type":"EntryPoint","urlTemplate":"https:\/\/peleteriagabriel.com\/?s={search_term_string}"},"query-input":"required name=search_term_string"}],"inLanguage":"en-US"}]}},"_links":{"self":[{"href":"https:\/\/peleteriagabriel.com\/en\/wp-json\/wp\/v2\/product\/17345"}],"collection":[{"href":"https:\/\/peleteriagabriel.com\/en\/wp-json\/wp\/v2\/product"}],"about":[{"href":"https:\/\/peleteriagabriel.com\/en\/wp-json\/wp\/v2\/types\/product"}],"wp:featuredmedia":[{"embeddable":true,"href":"https:\/\/peleteriagabriel.com\/en\/wp-json\/wp\/v2\/media\/17346"}],"wp:attachment":[{"href":"https:\/\/peleteriagabriel.com\/en\/wp-json\/wp\/v2\/media?parent=17345"}],"wp:term":[{"taxonomy":"product_cat","embeddable":true,"href":"https:\/\/peleteriagabriel.com\/en\/wp-json\/wp\/v2\/product_cat?post=17345"},{"taxonomy":"product_tag","embeddable":true,"href":"https:\/\/peleteriagabriel.com\/en\/wp-json\/wp\/v2\/product_tag?post=17345"}],"curies":[{"name":"wp","href":"https:\/\/api.w.org\/{rel}","templated":true}]}}