{"id":17312,"date":"2025-10-07T17:54:48","date_gmt":"2025-10-07T17:54:48","guid":{"rendered":"https:\/\/peleteriagabriel.com\/?post_type=product&#038;p=17312"},"modified":"2025-10-28T11:16:56","modified_gmt":"2025-10-28T11:16:56","slug":"chaqueta-bomber-de-vison-color-nude-maquillaje","status":"publish","type":"product","link":"https:\/\/peleteriagabriel.com\/en\/catalogo\/chaquetas\/chaqueta-bomber-de-vison-color-nude-maquillaje\/","title":{"rendered":"Chaqueta bomber de vis\u00f3n color nude (maquillaje)"},"content":{"rendered":"<h2>Completa tu look con una chaqueta bomber de vis\u00f3n en color nude.<\/h2>\n<p>Chaqueta bomber de vis\u00f3n en color nude (maquillaje) con mangas abullonadas, pu\u00f1os, cuello chimenea y forro interior estampado. Una prenda sport y singular. La combinaci\u00f3n de zorro en los bolsillos crea un volumen que hace que sea una prenda juvenil y moderno.<\/p>\n<ul>\n<li>Chaqueta vis\u00f3n<\/li>\n<li>Corte bomber<\/li>\n<li>Cuello chimenea<\/li>\n<li>Mangas larga<\/li>\n<li>Forro interior estampado<\/li>\n<li>Color nude (maquillaje)<\/li>\n<li>Cierres de peleteria<\/li>\n<li>Talla 36 &#8211; 38 &#8211; 40<\/li>\n<\/ul>\n","protected":false},"excerpt":{"rendered":"<h2>Completa tu look con una chaqueta bomber de vis\u00f3n en color nude.<\/h2>\n<p>Chaqueta bomber de vis\u00f3n en color nude (maquillaje) con mangas abullonadas, pu\u00f1os, cuello chimenea y forro interior estampado. Una prenda sport y singular. La combinaci\u00f3n de zorro en los bolsillos crea un volumen que hace que sea una prenda juvenil y moderno.<\/p>\n<ul>\n<li>Chaqueta vis\u00f3n<\/li>\n<li>Corte bomber<\/li>\n<li>Cuello chimenea<\/li>\n<li>Mangas larga<\/li>\n<li>Forro interior estampado<\/li>\n<li>Color nude (maquillaje)<\/li>\n<li>Cierres de peleteria<\/li>\n<li>Talla 36 &#8211; 38 &#8211; 40<\/li>\n<\/ul>\n","protected":false},"featured_media":17315,"template":"","meta":[],"product_cat":[89],"product_tag":[],"class_list":["post-17312","product","type-product","status-publish","has-post-thumbnail","hentry","product_cat-chaquetas","pa_color-nude","pa_color-rosa-empolvado","pa_piel-vison"],"yoast_head":"<!-- This site is optimized with the Yoast SEO plugin v23.3 - https:\/\/yoast.com\/wordpress\/plugins\/seo\/ -->\n<title>Chaqueta bomber de vis\u00f3n color nude (maquillaje) - Peleter\u00eda Gabriel<\/title>\n<meta name=\"description\" content=\"Chaqueta bomber de vis\u00f3n en color nude (maquillaje) con mangas abullonadas, pu\u00f1os, cuello chimenea y forro interior estampado. Bolsillo plant\u00f3n de zorro.\" \/>\n<meta name=\"robots\" content=\"index, follow, max-snippet:-1, max-image-preview:large, max-video-preview:-1\" \/>\n<link rel=\"canonical\" href=\"https:\/\/peleteriagabriel.com\/catalogo\/chaquetas\/chaqueta-bomber-de-vison-color-nude-maquillaje\/\" \/>\n<meta property=\"og:locale\" content=\"en_US\" \/>\n<meta property=\"og:type\" content=\"article\" \/>\n<meta property=\"og:title\" content=\"Chaqueta bomber de vis\u00f3n color nude (maquillaje) - Peleter\u00eda Gabriel\" \/>\n<meta property=\"og:description\" content=\"Chaqueta bomber de vis\u00f3n en color nude (maquillaje) con mangas abullonadas, pu\u00f1os, cuello chimenea y forro interior estampado. Bolsillo plant\u00f3n de zorro.\" \/>\n<meta property=\"og:url\" content=\"https:\/\/peleteriagabriel.com\/catalogo\/chaquetas\/chaqueta-bomber-de-vison-color-nude-maquillaje\/\" \/>\n<meta property=\"og:site_name\" content=\"Peleter\u00eda Gabriel\" \/>\n<meta property=\"article:publisher\" content=\"https:\/\/www.facebook.com\/peleteriagabrielzaragoza\/\" \/>\n<meta property=\"article:modified_time\" content=\"2025-10-28T11:16:56+00:00\" \/>\n<meta property=\"og:image\" content=\"https:\/\/peleteriagabriel.com\/wp-content\/uploads\/2025\/10\/Chaqueta-bomber-vison-nude-2.jpg\" \/>\n\t<meta property=\"og:image:width\" content=\"800\" \/>\n\t<meta property=\"og:image:height\" content=\"1200\" \/>\n\t<meta property=\"og:image:type\" content=\"image\/jpeg\" \/>\n<meta name=\"twitter:card\" content=\"summary_large_image\" \/>\n<meta name=\"twitter:label1\" content=\"Est. reading time\" \/>\n\t<meta name=\"twitter:data1\" content=\"1 minute\" \/>\n<script type=\"application\/ld+json\" class=\"yoast-schema-graph\">{\"@context\":\"https:\/\/schema.org\",\"@graph\":[{\"@type\":[\"WebPage\",\"ItemPage\"],\"@id\":\"https:\/\/peleteriagabriel.com\/catalogo\/chaquetas\/chaqueta-bomber-de-vison-color-nude-maquillaje\/\",\"url\":\"https:\/\/peleteriagabriel.com\/catalogo\/chaquetas\/chaqueta-bomber-de-vison-color-nude-maquillaje\/\",\"name\":\"Chaqueta bomber de vis\u00f3n color nude (maquillaje) - Peleter\u00eda Gabriel\",\"isPartOf\":{\"@id\":\"https:\/\/peleteriagabriel.com\/#website\"},\"primaryImageOfPage\":{\"@id\":\"https:\/\/peleteriagabriel.com\/catalogo\/chaquetas\/chaqueta-bomber-de-vison-color-nude-maquillaje\/#primaryimage\"},\"image\":{\"@id\":\"https:\/\/peleteriagabriel.com\/catalogo\/chaquetas\/chaqueta-bomber-de-vison-color-nude-maquillaje\/#primaryimage\"},\"thumbnailUrl\":\"https:\/\/peleteriagabriel.com\/wp-content\/uploads\/2025\/10\/Chaqueta-bomber-vison-nude-2.jpg\",\"datePublished\":\"2025-10-07T17:54:48+00:00\",\"dateModified\":\"2025-10-28T11:16:56+00:00\",\"description\":\"Chaqueta bomber de vis\u00f3n en color nude (maquillaje) con mangas abullonadas, pu\u00f1os, cuello chimenea y forro interior estampado. Bolsillo plant\u00f3n de zorro.\",\"breadcrumb\":{\"@id\":\"https:\/\/peleteriagabriel.com\/catalogo\/chaquetas\/chaqueta-bomber-de-vison-color-nude-maquillaje\/#breadcrumb\"},\"inLanguage\":\"en-US\",\"potentialAction\":[{\"@type\":\"ReadAction\",\"target\":[\"https:\/\/peleteriagabriel.com\/catalogo\/chaquetas\/chaqueta-bomber-de-vison-color-nude-maquillaje\/\"]}]},{\"@type\":\"ImageObject\",\"inLanguage\":\"en-US\",\"@id\":\"https:\/\/peleteriagabriel.com\/catalogo\/chaquetas\/chaqueta-bomber-de-vison-color-nude-maquillaje\/#primaryimage\",\"url\":\"https:\/\/peleteriagabriel.com\/wp-content\/uploads\/2025\/10\/Chaqueta-bomber-vison-nude-2.jpg\",\"contentUrl\":\"https:\/\/peleteriagabriel.com\/wp-content\/uploads\/2025\/10\/Chaqueta-bomber-vison-nude-2.jpg\",\"width\":800,\"height\":1200},{\"@type\":\"BreadcrumbList\",\"@id\":\"https:\/\/peleteriagabriel.com\/catalogo\/chaquetas\/chaqueta-bomber-de-vison-color-nude-maquillaje\/#breadcrumb\",\"itemListElement\":[{\"@type\":\"ListItem\",\"position\":1,\"name\":\"Portada\",\"item\":\"https:\/\/peleteriagabriel.com\/en\/\"},{\"@type\":\"ListItem\",\"position\":2,\"name\":\"Cat\u00e1logo de productos\",\"item\":\"https:\/\/peleteriagabriel.com\/catalogo\/\"},{\"@type\":\"ListItem\",\"position\":3,\"name\":\"Chaqueta bomber de vis\u00f3n color nude (maquillaje)\"}]},{\"@type\":\"WebSite\",\"@id\":\"https:\/\/peleteriagabriel.com\/#website\",\"url\":\"https:\/\/peleteriagabriel.com\/\",\"name\":\"Peleter\u00eda Gabriel\",\"description\":\"Alta peleter\u00eda desde 1975\",\"potentialAction\":[{\"@type\":\"SearchAction\",\"target\":{\"@type\":\"EntryPoint\",\"urlTemplate\":\"https:\/\/peleteriagabriel.com\/?s={search_term_string}\"},\"query-input\":\"required name=search_term_string\"}],\"inLanguage\":\"en-US\"}]}<\/script>\n<!-- \/ Yoast SEO plugin. -->","yoast_head_json":{"title":"Chaqueta bomber de vis\u00f3n color nude (maquillaje) - Peleter\u00eda Gabriel","description":"Chaqueta bomber de vis\u00f3n en color nude (maquillaje) con mangas abullonadas, pu\u00f1os, cuello chimenea y forro interior estampado. Bolsillo plant\u00f3n de zorro.","robots":{"index":"index","follow":"follow","max-snippet":"max-snippet:-1","max-image-preview":"max-image-preview:large","max-video-preview":"max-video-preview:-1"},"canonical":"https:\/\/peleteriagabriel.com\/catalogo\/chaquetas\/chaqueta-bomber-de-vison-color-nude-maquillaje\/","og_locale":"en_US","og_type":"article","og_title":"Chaqueta bomber de vis\u00f3n color nude (maquillaje) - Peleter\u00eda Gabriel","og_description":"Chaqueta bomber de vis\u00f3n en color nude (maquillaje) con mangas abullonadas, pu\u00f1os, cuello chimenea y forro interior estampado. Bolsillo plant\u00f3n de zorro.","og_url":"https:\/\/peleteriagabriel.com\/catalogo\/chaquetas\/chaqueta-bomber-de-vison-color-nude-maquillaje\/","og_site_name":"Peleter\u00eda Gabriel","article_publisher":"https:\/\/www.facebook.com\/peleteriagabrielzaragoza\/","article_modified_time":"2025-10-28T11:16:56+00:00","og_image":[{"width":800,"height":1200,"url":"https:\/\/peleteriagabriel.com\/wp-content\/uploads\/2025\/10\/Chaqueta-bomber-vison-nude-2.jpg","type":"image\/jpeg"}],"twitter_card":"summary_large_image","twitter_misc":{"Est. reading time":"1 minute"},"schema":{"@context":"https:\/\/schema.org","@graph":[{"@type":["WebPage","ItemPage"],"@id":"https:\/\/peleteriagabriel.com\/catalogo\/chaquetas\/chaqueta-bomber-de-vison-color-nude-maquillaje\/","url":"https:\/\/peleteriagabriel.com\/catalogo\/chaquetas\/chaqueta-bomber-de-vison-color-nude-maquillaje\/","name":"Chaqueta bomber de vis\u00f3n color nude (maquillaje) - Peleter\u00eda Gabriel","isPartOf":{"@id":"https:\/\/peleteriagabriel.com\/#website"},"primaryImageOfPage":{"@id":"https:\/\/peleteriagabriel.com\/catalogo\/chaquetas\/chaqueta-bomber-de-vison-color-nude-maquillaje\/#primaryimage"},"image":{"@id":"https:\/\/peleteriagabriel.com\/catalogo\/chaquetas\/chaqueta-bomber-de-vison-color-nude-maquillaje\/#primaryimage"},"thumbnailUrl":"https:\/\/peleteriagabriel.com\/wp-content\/uploads\/2025\/10\/Chaqueta-bomber-vison-nude-2.jpg","datePublished":"2025-10-07T17:54:48+00:00","dateModified":"2025-10-28T11:16:56+00:00","description":"Chaqueta bomber de vis\u00f3n en color nude (maquillaje) con mangas abullonadas, pu\u00f1os, cuello chimenea y forro interior estampado. Bolsillo plant\u00f3n de zorro.","breadcrumb":{"@id":"https:\/\/peleteriagabriel.com\/catalogo\/chaquetas\/chaqueta-bomber-de-vison-color-nude-maquillaje\/#breadcrumb"},"inLanguage":"en-US","potentialAction":[{"@type":"ReadAction","target":["https:\/\/peleteriagabriel.com\/catalogo\/chaquetas\/chaqueta-bomber-de-vison-color-nude-maquillaje\/"]}]},{"@type":"ImageObject","inLanguage":"en-US","@id":"https:\/\/peleteriagabriel.com\/catalogo\/chaquetas\/chaqueta-bomber-de-vison-color-nude-maquillaje\/#primaryimage","url":"https:\/\/peleteriagabriel.com\/wp-content\/uploads\/2025\/10\/Chaqueta-bomber-vison-nude-2.jpg","contentUrl":"https:\/\/peleteriagabriel.com\/wp-content\/uploads\/2025\/10\/Chaqueta-bomber-vison-nude-2.jpg","width":800,"height":1200},{"@type":"BreadcrumbList","@id":"https:\/\/peleteriagabriel.com\/catalogo\/chaquetas\/chaqueta-bomber-de-vison-color-nude-maquillaje\/#breadcrumb","itemListElement":[{"@type":"ListItem","position":1,"name":"Portada","item":"https:\/\/peleteriagabriel.com\/en\/"},{"@type":"ListItem","position":2,"name":"Cat\u00e1logo de productos","item":"https:\/\/peleteriagabriel.com\/catalogo\/"},{"@type":"ListItem","position":3,"name":"Chaqueta bomber de vis\u00f3n color nude (maquillaje)"}]},{"@type":"WebSite","@id":"https:\/\/peleteriagabriel.com\/#website","url":"https:\/\/peleteriagabriel.com\/","name":"Peleter\u00eda Gabriel","description":"Alta peleter\u00eda desde 1975","potentialAction":[{"@type":"SearchAction","target":{"@type":"EntryPoint","urlTemplate":"https:\/\/peleteriagabriel.com\/?s={search_term_string}"},"query-input":"required name=search_term_string"}],"inLanguage":"en-US"}]}},"_links":{"self":[{"href":"https:\/\/peleteriagabriel.com\/en\/wp-json\/wp\/v2\/product\/17312"}],"collection":[{"href":"https:\/\/peleteriagabriel.com\/en\/wp-json\/wp\/v2\/product"}],"about":[{"href":"https:\/\/peleteriagabriel.com\/en\/wp-json\/wp\/v2\/types\/product"}],"wp:featuredmedia":[{"embeddable":true,"href":"https:\/\/peleteriagabriel.com\/en\/wp-json\/wp\/v2\/media\/17315"}],"wp:attachment":[{"href":"https:\/\/peleteriagabriel.com\/en\/wp-json\/wp\/v2\/media?parent=17312"}],"wp:term":[{"taxonomy":"product_cat","embeddable":true,"href":"https:\/\/peleteriagabriel.com\/en\/wp-json\/wp\/v2\/product_cat?post=17312"},{"taxonomy":"product_tag","embeddable":true,"href":"https:\/\/peleteriagabriel.com\/en\/wp-json\/wp\/v2\/product_tag?post=17312"}],"curies":[{"name":"wp","href":"https:\/\/api.w.org\/{rel}","templated":true}]}}