{"id":17279,"date":"2025-10-06T20:53:47","date_gmt":"2025-10-06T20:53:47","guid":{"rendered":"https:\/\/peleteriagabriel.com\/?post_type=product&#038;p=17279"},"modified":"2025-10-06T20:53:47","modified_gmt":"2025-10-06T20:53:47","slug":"mangas-de-zorro-en-color-azul","status":"publish","type":"product","link":"https:\/\/peleteriagabriel.com\/en\/catalogo\/accesorios\/mangas-de-zorro-en-color-azul\/","title":{"rendered":"Mangas de zorro en color azul"},"content":{"rendered":"<h2>Completa tu look con mangas de zorro en color azul.<\/h2>\n<p>Mangas de zorro en color azul, con detalles de cuero en el cuello y pu\u00f1os. Confecci\u00f3n en zorro argente y cuero al tono. Acabada con forro liso. Hecho en Espa\u00f1a<\/p>\n<ul>\n<li>Mangas de zorro<\/li>\n<li>Manga larga<\/li>\n<li>Detalle de cuero<\/li>\n<li>Color azul<\/li>\n<li>Cierres de presi\u00f3n<\/li>\n<li>Talla unica<\/li>\n<\/ul>\n","protected":false},"excerpt":{"rendered":"<h2>Completa tu look con mangas de zorro en color azul.<\/h2>\n<p>Mangas de zorro en color azul, con detalles de cuero en el cuello y pu\u00f1os. Confecci\u00f3n en zorro argente y cuero al tono. Acabada con forro liso. Hecho en Espa\u00f1a<\/p>\n<ul>\n<li>Mangas de zorro<\/li>\n<li>Manga larga<\/li>\n<li>Detalle de cuero<\/li>\n<li>Color azul<\/li>\n<li>Cierres de presi\u00f3n<\/li>\n<li>Talla unica<\/li>\n<\/ul>\n","protected":false},"featured_media":17287,"template":"","meta":[],"product_cat":[91],"product_tag":[],"class_list":["post-17279","product","type-product","status-publish","has-post-thumbnail","hentry","product_cat-accesorios","pa_color-azul","pa_piel-cuero","pa_piel-zorro"],"yoast_head":"<!-- This site is optimized with the Yoast SEO plugin v23.3 - https:\/\/yoast.com\/wordpress\/plugins\/seo\/ -->\n<title>Mangas de zorro en color azul - Peleter\u00eda Gabriel<\/title>\n<meta name=\"description\" content=\"Mangas de zorro en color azul, con detalles de cuero en el cuello y pu\u00f1os. Confecci\u00f3n en zorro argente y cuero al tono. Acabada con forro liso.\" \/>\n<meta name=\"robots\" content=\"index, follow, max-snippet:-1, max-image-preview:large, max-video-preview:-1\" \/>\n<link rel=\"canonical\" href=\"https:\/\/peleteriagabriel.com\/catalogo\/accesorios\/mangas-de-zorro-en-color-azul\/\" \/>\n<meta property=\"og:locale\" content=\"en_US\" \/>\n<meta property=\"og:type\" content=\"article\" \/>\n<meta property=\"og:title\" content=\"Mangas de zorro en color azul - Peleter\u00eda Gabriel\" \/>\n<meta property=\"og:description\" content=\"Mangas de zorro en color azul, con detalles de cuero en el cuello y pu\u00f1os. Confecci\u00f3n en zorro argente y cuero al tono. Acabada con forro liso.\" \/>\n<meta property=\"og:url\" content=\"https:\/\/peleteriagabriel.com\/catalogo\/accesorios\/mangas-de-zorro-en-color-azul\/\" \/>\n<meta property=\"og:site_name\" content=\"Peleter\u00eda Gabriel\" \/>\n<meta property=\"article:publisher\" content=\"https:\/\/www.facebook.com\/peleteriagabrielzaragoza\/\" \/>\n<meta property=\"og:image\" content=\"https:\/\/peleteriagabriel.com\/wp-content\/uploads\/2025\/10\/Mangas-zorro-4.jpg\" \/>\n\t<meta property=\"og:image:width\" content=\"800\" \/>\n\t<meta property=\"og:image:height\" content=\"1200\" \/>\n\t<meta property=\"og:image:type\" content=\"image\/jpeg\" \/>\n<meta name=\"twitter:card\" content=\"summary_large_image\" \/>\n<meta name=\"twitter:label1\" content=\"Est. reading time\" \/>\n\t<meta name=\"twitter:data1\" content=\"1 minute\" \/>\n<script type=\"application\/ld+json\" class=\"yoast-schema-graph\">{\"@context\":\"https:\/\/schema.org\",\"@graph\":[{\"@type\":[\"WebPage\",\"ItemPage\"],\"@id\":\"https:\/\/peleteriagabriel.com\/catalogo\/accesorios\/mangas-de-zorro-en-color-azul\/\",\"url\":\"https:\/\/peleteriagabriel.com\/catalogo\/accesorios\/mangas-de-zorro-en-color-azul\/\",\"name\":\"Mangas de zorro en color azul - Peleter\u00eda Gabriel\",\"isPartOf\":{\"@id\":\"https:\/\/peleteriagabriel.com\/#website\"},\"primaryImageOfPage\":{\"@id\":\"https:\/\/peleteriagabriel.com\/catalogo\/accesorios\/mangas-de-zorro-en-color-azul\/#primaryimage\"},\"image\":{\"@id\":\"https:\/\/peleteriagabriel.com\/catalogo\/accesorios\/mangas-de-zorro-en-color-azul\/#primaryimage\"},\"thumbnailUrl\":\"https:\/\/peleteriagabriel.com\/wp-content\/uploads\/2025\/10\/Mangas-zorro-4.jpg\",\"datePublished\":\"2025-10-06T20:53:47+00:00\",\"dateModified\":\"2025-10-06T20:53:47+00:00\",\"description\":\"Mangas de zorro en color azul, con detalles de cuero en el cuello y pu\u00f1os. Confecci\u00f3n en zorro argente y cuero al tono. Acabada con forro liso.\",\"breadcrumb\":{\"@id\":\"https:\/\/peleteriagabriel.com\/catalogo\/accesorios\/mangas-de-zorro-en-color-azul\/#breadcrumb\"},\"inLanguage\":\"en-US\",\"potentialAction\":[{\"@type\":\"ReadAction\",\"target\":[\"https:\/\/peleteriagabriel.com\/catalogo\/accesorios\/mangas-de-zorro-en-color-azul\/\"]}]},{\"@type\":\"ImageObject\",\"inLanguage\":\"en-US\",\"@id\":\"https:\/\/peleteriagabriel.com\/catalogo\/accesorios\/mangas-de-zorro-en-color-azul\/#primaryimage\",\"url\":\"https:\/\/peleteriagabriel.com\/wp-content\/uploads\/2025\/10\/Mangas-zorro-4.jpg\",\"contentUrl\":\"https:\/\/peleteriagabriel.com\/wp-content\/uploads\/2025\/10\/Mangas-zorro-4.jpg\",\"width\":800,\"height\":1200},{\"@type\":\"BreadcrumbList\",\"@id\":\"https:\/\/peleteriagabriel.com\/catalogo\/accesorios\/mangas-de-zorro-en-color-azul\/#breadcrumb\",\"itemListElement\":[{\"@type\":\"ListItem\",\"position\":1,\"name\":\"Portada\",\"item\":\"https:\/\/peleteriagabriel.com\/en\/\"},{\"@type\":\"ListItem\",\"position\":2,\"name\":\"Cat\u00e1logo de productos\",\"item\":\"https:\/\/peleteriagabriel.com\/catalogo\/\"},{\"@type\":\"ListItem\",\"position\":3,\"name\":\"Mangas de zorro en color azul\"}]},{\"@type\":\"WebSite\",\"@id\":\"https:\/\/peleteriagabriel.com\/#website\",\"url\":\"https:\/\/peleteriagabriel.com\/\",\"name\":\"Peleter\u00eda Gabriel\",\"description\":\"Alta peleter\u00eda desde 1975\",\"potentialAction\":[{\"@type\":\"SearchAction\",\"target\":{\"@type\":\"EntryPoint\",\"urlTemplate\":\"https:\/\/peleteriagabriel.com\/?s={search_term_string}\"},\"query-input\":\"required name=search_term_string\"}],\"inLanguage\":\"en-US\"}]}<\/script>\n<!-- \/ Yoast SEO plugin. -->","yoast_head_json":{"title":"Mangas de zorro en color azul - Peleter\u00eda Gabriel","description":"Mangas de zorro en color azul, con detalles de cuero en el cuello y pu\u00f1os. Confecci\u00f3n en zorro argente y cuero al tono. Acabada con forro liso.","robots":{"index":"index","follow":"follow","max-snippet":"max-snippet:-1","max-image-preview":"max-image-preview:large","max-video-preview":"max-video-preview:-1"},"canonical":"https:\/\/peleteriagabriel.com\/catalogo\/accesorios\/mangas-de-zorro-en-color-azul\/","og_locale":"en_US","og_type":"article","og_title":"Mangas de zorro en color azul - Peleter\u00eda Gabriel","og_description":"Mangas de zorro en color azul, con detalles de cuero en el cuello y pu\u00f1os. Confecci\u00f3n en zorro argente y cuero al tono. Acabada con forro liso.","og_url":"https:\/\/peleteriagabriel.com\/catalogo\/accesorios\/mangas-de-zorro-en-color-azul\/","og_site_name":"Peleter\u00eda Gabriel","article_publisher":"https:\/\/www.facebook.com\/peleteriagabrielzaragoza\/","og_image":[{"width":800,"height":1200,"url":"https:\/\/peleteriagabriel.com\/wp-content\/uploads\/2025\/10\/Mangas-zorro-4.jpg","type":"image\/jpeg"}],"twitter_card":"summary_large_image","twitter_misc":{"Est. reading time":"1 minute"},"schema":{"@context":"https:\/\/schema.org","@graph":[{"@type":["WebPage","ItemPage"],"@id":"https:\/\/peleteriagabriel.com\/catalogo\/accesorios\/mangas-de-zorro-en-color-azul\/","url":"https:\/\/peleteriagabriel.com\/catalogo\/accesorios\/mangas-de-zorro-en-color-azul\/","name":"Mangas de zorro en color azul - Peleter\u00eda Gabriel","isPartOf":{"@id":"https:\/\/peleteriagabriel.com\/#website"},"primaryImageOfPage":{"@id":"https:\/\/peleteriagabriel.com\/catalogo\/accesorios\/mangas-de-zorro-en-color-azul\/#primaryimage"},"image":{"@id":"https:\/\/peleteriagabriel.com\/catalogo\/accesorios\/mangas-de-zorro-en-color-azul\/#primaryimage"},"thumbnailUrl":"https:\/\/peleteriagabriel.com\/wp-content\/uploads\/2025\/10\/Mangas-zorro-4.jpg","datePublished":"2025-10-06T20:53:47+00:00","dateModified":"2025-10-06T20:53:47+00:00","description":"Mangas de zorro en color azul, con detalles de cuero en el cuello y pu\u00f1os. Confecci\u00f3n en zorro argente y cuero al tono. Acabada con forro liso.","breadcrumb":{"@id":"https:\/\/peleteriagabriel.com\/catalogo\/accesorios\/mangas-de-zorro-en-color-azul\/#breadcrumb"},"inLanguage":"en-US","potentialAction":[{"@type":"ReadAction","target":["https:\/\/peleteriagabriel.com\/catalogo\/accesorios\/mangas-de-zorro-en-color-azul\/"]}]},{"@type":"ImageObject","inLanguage":"en-US","@id":"https:\/\/peleteriagabriel.com\/catalogo\/accesorios\/mangas-de-zorro-en-color-azul\/#primaryimage","url":"https:\/\/peleteriagabriel.com\/wp-content\/uploads\/2025\/10\/Mangas-zorro-4.jpg","contentUrl":"https:\/\/peleteriagabriel.com\/wp-content\/uploads\/2025\/10\/Mangas-zorro-4.jpg","width":800,"height":1200},{"@type":"BreadcrumbList","@id":"https:\/\/peleteriagabriel.com\/catalogo\/accesorios\/mangas-de-zorro-en-color-azul\/#breadcrumb","itemListElement":[{"@type":"ListItem","position":1,"name":"Portada","item":"https:\/\/peleteriagabriel.com\/en\/"},{"@type":"ListItem","position":2,"name":"Cat\u00e1logo de productos","item":"https:\/\/peleteriagabriel.com\/catalogo\/"},{"@type":"ListItem","position":3,"name":"Mangas de zorro en color azul"}]},{"@type":"WebSite","@id":"https:\/\/peleteriagabriel.com\/#website","url":"https:\/\/peleteriagabriel.com\/","name":"Peleter\u00eda Gabriel","description":"Alta peleter\u00eda desde 1975","potentialAction":[{"@type":"SearchAction","target":{"@type":"EntryPoint","urlTemplate":"https:\/\/peleteriagabriel.com\/?s={search_term_string}"},"query-input":"required name=search_term_string"}],"inLanguage":"en-US"}]}},"_links":{"self":[{"href":"https:\/\/peleteriagabriel.com\/en\/wp-json\/wp\/v2\/product\/17279"}],"collection":[{"href":"https:\/\/peleteriagabriel.com\/en\/wp-json\/wp\/v2\/product"}],"about":[{"href":"https:\/\/peleteriagabriel.com\/en\/wp-json\/wp\/v2\/types\/product"}],"wp:featuredmedia":[{"embeddable":true,"href":"https:\/\/peleteriagabriel.com\/en\/wp-json\/wp\/v2\/media\/17287"}],"wp:attachment":[{"href":"https:\/\/peleteriagabriel.com\/en\/wp-json\/wp\/v2\/media?parent=17279"}],"wp:term":[{"taxonomy":"product_cat","embeddable":true,"href":"https:\/\/peleteriagabriel.com\/en\/wp-json\/wp\/v2\/product_cat?post=17279"},{"taxonomy":"product_tag","embeddable":true,"href":"https:\/\/peleteriagabriel.com\/en\/wp-json\/wp\/v2\/product_tag?post=17279"}],"curies":[{"name":"wp","href":"https:\/\/api.w.org\/{rel}","templated":true}]}}