{"id":17243,"date":"2025-10-06T17:36:18","date_gmt":"2025-10-06T17:36:18","guid":{"rendered":"https:\/\/peleteriagabriel.com\/?post_type=product&#038;p=17243"},"modified":"2025-10-31T09:23:48","modified_gmt":"2025-10-31T09:23:48","slug":"chaqueta-de-vison-color-gris","status":"publish","type":"product","link":"https:\/\/peleteriagabriel.com\/en\/catalogo\/chaquetas\/chaqueta-de-vison-color-gris\/","title":{"rendered":"Chaqueta de vis\u00f3n color gris"},"content":{"rendered":"<h2>Completa tu look con una chaqueta de vis\u00f3n\u00a0 en color gris<\/h2>\n<p>Chaqueta de vis\u00f3n en color gris natural. Corte oversize con cuello chimenea. Ultra light y perfecta para un look juvenil y elegante.<\/p>\n<p>Si buscas una prenda atemporal y que se adapte a tu d\u00eda a d\u00eda esta es una buena elecci\u00f3n. Por el lado del pelo mantiene la presencia del vis\u00f3n, y su corte oversize le da esa imagen especial.<\/p>\n<ul>\n<li>Chaqueta de vis\u00f3n<\/li>\n<li>Corte oversize<\/li>\n<li>Cuello chimenea<\/li>\n<li>Manga larga<\/li>\n<li>Forro interior estampado<\/li>\n<li>Color gris natural<\/li>\n<li>Cierres de peleteria<\/li>\n<li>Talla 36 &#8211; 38 &#8211; 40<\/li>\n<\/ul>\n","protected":false},"excerpt":{"rendered":"<h2>Completa tu look con una chaqueta de vis\u00f3n\u00a0 en color gris<\/h2>\n<p>Chaqueta de vis\u00f3n en color gris natural. Corte oversize con cuello chimenea. Ultra light y perfecta para un look juvenil y elegante.<\/p>\n<p>Si buscas una prenda atemporal y que se adapte a tu d\u00eda a d\u00eda esta es una buena elecci\u00f3n. Por el lado del pelo mantiene la presencia del vis\u00f3n, y su corte oversize le da esa imagen especial.<\/p>\n<ul>\n<li>Chaqueta de vis\u00f3n<\/li>\n<li>Corte oversize<\/li>\n<li>Cuello chimenea<\/li>\n<li>Manga larga<\/li>\n<li>Forro interior estampado<\/li>\n<li>Color gris natural<\/li>\n<li>Cierres de peleteria<\/li>\n<li>Talla 36 &#8211; 38 &#8211; 40<\/li>\n<\/ul>\n","protected":false},"featured_media":17248,"template":"","meta":[],"product_cat":[89],"product_tag":[],"class_list":["post-17243","product","type-product","status-publish","has-post-thumbnail","hentry","product_cat-chaquetas","pa_color-gris","pa_piel-vison"],"yoast_head":"<!-- This site is optimized with the Yoast SEO plugin v23.3 - https:\/\/yoast.com\/wordpress\/plugins\/seo\/ -->\n<title>Chaqueta de vis\u00f3n color gris - Peleter\u00eda Gabriel<\/title>\n<meta name=\"description\" content=\"Chaqueta de vis\u00f3n en color gris natural. Corte oversize con cuello chimenea. Ultra light y perfecta para un look juvenil y elegante.\" \/>\n<meta name=\"robots\" content=\"index, follow, max-snippet:-1, max-image-preview:large, max-video-preview:-1\" \/>\n<link rel=\"canonical\" href=\"https:\/\/peleteriagabriel.com\/catalogo\/chaquetas\/chaqueta-de-vison-color-gris\/\" \/>\n<meta property=\"og:locale\" content=\"en_US\" \/>\n<meta property=\"og:type\" content=\"article\" \/>\n<meta property=\"og:title\" content=\"Chaqueta de vis\u00f3n color gris - Peleter\u00eda Gabriel\" \/>\n<meta property=\"og:description\" content=\"Chaqueta de vis\u00f3n en color gris natural. Corte oversize con cuello chimenea. Ultra light y perfecta para un look juvenil y elegante.\" \/>\n<meta property=\"og:url\" content=\"https:\/\/peleteriagabriel.com\/catalogo\/chaquetas\/chaqueta-de-vison-color-gris\/\" \/>\n<meta property=\"og:site_name\" content=\"Peleter\u00eda Gabriel\" \/>\n<meta property=\"article:publisher\" content=\"https:\/\/www.facebook.com\/peleteriagabrielzaragoza\/\" \/>\n<meta property=\"article:modified_time\" content=\"2025-10-31T09:23:48+00:00\" \/>\n<meta property=\"og:image\" content=\"https:\/\/peleteriagabriel.com\/wp-content\/uploads\/2025\/10\/Chaqueta-vison-gris-3.jpg\" \/>\n\t<meta property=\"og:image:width\" content=\"800\" \/>\n\t<meta property=\"og:image:height\" content=\"1200\" \/>\n\t<meta property=\"og:image:type\" content=\"image\/jpeg\" \/>\n<meta name=\"twitter:card\" content=\"summary_large_image\" \/>\n<meta name=\"twitter:label1\" content=\"Est. reading time\" \/>\n\t<meta name=\"twitter:data1\" content=\"1 minute\" \/>\n<script type=\"application\/ld+json\" class=\"yoast-schema-graph\">{\"@context\":\"https:\/\/schema.org\",\"@graph\":[{\"@type\":[\"WebPage\",\"ItemPage\"],\"@id\":\"https:\/\/peleteriagabriel.com\/catalogo\/chaquetas\/chaqueta-de-vison-color-gris\/\",\"url\":\"https:\/\/peleteriagabriel.com\/catalogo\/chaquetas\/chaqueta-de-vison-color-gris\/\",\"name\":\"Chaqueta de vis\u00f3n color gris - Peleter\u00eda Gabriel\",\"isPartOf\":{\"@id\":\"https:\/\/peleteriagabriel.com\/#website\"},\"primaryImageOfPage\":{\"@id\":\"https:\/\/peleteriagabriel.com\/catalogo\/chaquetas\/chaqueta-de-vison-color-gris\/#primaryimage\"},\"image\":{\"@id\":\"https:\/\/peleteriagabriel.com\/catalogo\/chaquetas\/chaqueta-de-vison-color-gris\/#primaryimage\"},\"thumbnailUrl\":\"https:\/\/peleteriagabriel.com\/wp-content\/uploads\/2025\/10\/Chaqueta-vison-gris-3.jpg\",\"datePublished\":\"2025-10-06T17:36:18+00:00\",\"dateModified\":\"2025-10-31T09:23:48+00:00\",\"description\":\"Chaqueta de vis\u00f3n en color gris natural. Corte oversize con cuello chimenea. Ultra light y perfecta para un look juvenil y elegante.\",\"breadcrumb\":{\"@id\":\"https:\/\/peleteriagabriel.com\/catalogo\/chaquetas\/chaqueta-de-vison-color-gris\/#breadcrumb\"},\"inLanguage\":\"en-US\",\"potentialAction\":[{\"@type\":\"ReadAction\",\"target\":[\"https:\/\/peleteriagabriel.com\/catalogo\/chaquetas\/chaqueta-de-vison-color-gris\/\"]}]},{\"@type\":\"ImageObject\",\"inLanguage\":\"en-US\",\"@id\":\"https:\/\/peleteriagabriel.com\/catalogo\/chaquetas\/chaqueta-de-vison-color-gris\/#primaryimage\",\"url\":\"https:\/\/peleteriagabriel.com\/wp-content\/uploads\/2025\/10\/Chaqueta-vison-gris-3.jpg\",\"contentUrl\":\"https:\/\/peleteriagabriel.com\/wp-content\/uploads\/2025\/10\/Chaqueta-vison-gris-3.jpg\",\"width\":800,\"height\":1200},{\"@type\":\"BreadcrumbList\",\"@id\":\"https:\/\/peleteriagabriel.com\/catalogo\/chaquetas\/chaqueta-de-vison-color-gris\/#breadcrumb\",\"itemListElement\":[{\"@type\":\"ListItem\",\"position\":1,\"name\":\"Portada\",\"item\":\"https:\/\/peleteriagabriel.com\/en\/\"},{\"@type\":\"ListItem\",\"position\":2,\"name\":\"Cat\u00e1logo de productos\",\"item\":\"https:\/\/peleteriagabriel.com\/catalogo\/\"},{\"@type\":\"ListItem\",\"position\":3,\"name\":\"Chaqueta de vis\u00f3n color gris\"}]},{\"@type\":\"WebSite\",\"@id\":\"https:\/\/peleteriagabriel.com\/#website\",\"url\":\"https:\/\/peleteriagabriel.com\/\",\"name\":\"Peleter\u00eda Gabriel\",\"description\":\"Alta peleter\u00eda desde 1975\",\"potentialAction\":[{\"@type\":\"SearchAction\",\"target\":{\"@type\":\"EntryPoint\",\"urlTemplate\":\"https:\/\/peleteriagabriel.com\/?s={search_term_string}\"},\"query-input\":\"required name=search_term_string\"}],\"inLanguage\":\"en-US\"}]}<\/script>\n<!-- \/ Yoast SEO plugin. -->","yoast_head_json":{"title":"Chaqueta de vis\u00f3n color gris - Peleter\u00eda Gabriel","description":"Chaqueta de vis\u00f3n en color gris natural. Corte oversize con cuello chimenea. Ultra light y perfecta para un look juvenil y elegante.","robots":{"index":"index","follow":"follow","max-snippet":"max-snippet:-1","max-image-preview":"max-image-preview:large","max-video-preview":"max-video-preview:-1"},"canonical":"https:\/\/peleteriagabriel.com\/catalogo\/chaquetas\/chaqueta-de-vison-color-gris\/","og_locale":"en_US","og_type":"article","og_title":"Chaqueta de vis\u00f3n color gris - Peleter\u00eda Gabriel","og_description":"Chaqueta de vis\u00f3n en color gris natural. Corte oversize con cuello chimenea. Ultra light y perfecta para un look juvenil y elegante.","og_url":"https:\/\/peleteriagabriel.com\/catalogo\/chaquetas\/chaqueta-de-vison-color-gris\/","og_site_name":"Peleter\u00eda Gabriel","article_publisher":"https:\/\/www.facebook.com\/peleteriagabrielzaragoza\/","article_modified_time":"2025-10-31T09:23:48+00:00","og_image":[{"width":800,"height":1200,"url":"https:\/\/peleteriagabriel.com\/wp-content\/uploads\/2025\/10\/Chaqueta-vison-gris-3.jpg","type":"image\/jpeg"}],"twitter_card":"summary_large_image","twitter_misc":{"Est. reading time":"1 minute"},"schema":{"@context":"https:\/\/schema.org","@graph":[{"@type":["WebPage","ItemPage"],"@id":"https:\/\/peleteriagabriel.com\/catalogo\/chaquetas\/chaqueta-de-vison-color-gris\/","url":"https:\/\/peleteriagabriel.com\/catalogo\/chaquetas\/chaqueta-de-vison-color-gris\/","name":"Chaqueta de vis\u00f3n color gris - Peleter\u00eda Gabriel","isPartOf":{"@id":"https:\/\/peleteriagabriel.com\/#website"},"primaryImageOfPage":{"@id":"https:\/\/peleteriagabriel.com\/catalogo\/chaquetas\/chaqueta-de-vison-color-gris\/#primaryimage"},"image":{"@id":"https:\/\/peleteriagabriel.com\/catalogo\/chaquetas\/chaqueta-de-vison-color-gris\/#primaryimage"},"thumbnailUrl":"https:\/\/peleteriagabriel.com\/wp-content\/uploads\/2025\/10\/Chaqueta-vison-gris-3.jpg","datePublished":"2025-10-06T17:36:18+00:00","dateModified":"2025-10-31T09:23:48+00:00","description":"Chaqueta de vis\u00f3n en color gris natural. Corte oversize con cuello chimenea. Ultra light y perfecta para un look juvenil y elegante.","breadcrumb":{"@id":"https:\/\/peleteriagabriel.com\/catalogo\/chaquetas\/chaqueta-de-vison-color-gris\/#breadcrumb"},"inLanguage":"en-US","potentialAction":[{"@type":"ReadAction","target":["https:\/\/peleteriagabriel.com\/catalogo\/chaquetas\/chaqueta-de-vison-color-gris\/"]}]},{"@type":"ImageObject","inLanguage":"en-US","@id":"https:\/\/peleteriagabriel.com\/catalogo\/chaquetas\/chaqueta-de-vison-color-gris\/#primaryimage","url":"https:\/\/peleteriagabriel.com\/wp-content\/uploads\/2025\/10\/Chaqueta-vison-gris-3.jpg","contentUrl":"https:\/\/peleteriagabriel.com\/wp-content\/uploads\/2025\/10\/Chaqueta-vison-gris-3.jpg","width":800,"height":1200},{"@type":"BreadcrumbList","@id":"https:\/\/peleteriagabriel.com\/catalogo\/chaquetas\/chaqueta-de-vison-color-gris\/#breadcrumb","itemListElement":[{"@type":"ListItem","position":1,"name":"Portada","item":"https:\/\/peleteriagabriel.com\/en\/"},{"@type":"ListItem","position":2,"name":"Cat\u00e1logo de productos","item":"https:\/\/peleteriagabriel.com\/catalogo\/"},{"@type":"ListItem","position":3,"name":"Chaqueta de vis\u00f3n color gris"}]},{"@type":"WebSite","@id":"https:\/\/peleteriagabriel.com\/#website","url":"https:\/\/peleteriagabriel.com\/","name":"Peleter\u00eda Gabriel","description":"Alta peleter\u00eda desde 1975","potentialAction":[{"@type":"SearchAction","target":{"@type":"EntryPoint","urlTemplate":"https:\/\/peleteriagabriel.com\/?s={search_term_string}"},"query-input":"required name=search_term_string"}],"inLanguage":"en-US"}]}},"_links":{"self":[{"href":"https:\/\/peleteriagabriel.com\/en\/wp-json\/wp\/v2\/product\/17243"}],"collection":[{"href":"https:\/\/peleteriagabriel.com\/en\/wp-json\/wp\/v2\/product"}],"about":[{"href":"https:\/\/peleteriagabriel.com\/en\/wp-json\/wp\/v2\/types\/product"}],"wp:featuredmedia":[{"embeddable":true,"href":"https:\/\/peleteriagabriel.com\/en\/wp-json\/wp\/v2\/media\/17248"}],"wp:attachment":[{"href":"https:\/\/peleteriagabriel.com\/en\/wp-json\/wp\/v2\/media?parent=17243"}],"wp:term":[{"taxonomy":"product_cat","embeddable":true,"href":"https:\/\/peleteriagabriel.com\/en\/wp-json\/wp\/v2\/product_cat?post=17243"},{"taxonomy":"product_tag","embeddable":true,"href":"https:\/\/peleteriagabriel.com\/en\/wp-json\/wp\/v2\/product_tag?post=17243"}],"curies":[{"name":"wp","href":"https:\/\/api.w.org\/{rel}","templated":true}]}}