{"id":15708,"date":"2024-12-09T11:24:13","date_gmt":"2024-12-09T11:24:13","guid":{"rendered":"https:\/\/peleteriagabriel.com\/?post_type=product&#038;p=15708"},"modified":"2025-02-14T17:27:49","modified_gmt":"2025-02-14T17:27:49","slug":"abrigo-corto-madeline-de-vison","status":"publish","type":"product","link":"https:\/\/peleteriagabriel.com\/en\/catalogo\/abrigos\/abrigo-corto-madeline-de-vison\/","title":{"rendered":"Abrigo corto Madeline de vis\u00f3n"},"content":{"rendered":"<h2>Completa tu look con un abrigo Madeline de vis\u00f3n de color gris<\/h2>\n<p>Abrigo oversize con estilo quimono. Este abrigo combina detalles como manga ca\u00edda, cuello chimenea y visones en horizontal para crear una pieza contempor\u00e1nea. Tiene un corte relajado que lo hace elegante y vanguardista.<\/p>\n<ul>\n<li>Abrigo corto vis\u00f3n<\/li>\n<li>Corte oversize<\/li>\n<li>Cuello chimenea<\/li>\n<li>Color gris natural<\/li>\n<li>Forro interior liso<\/li>\n<li>Cierres de presi\u00f3n<\/li>\n<li>Talla 36 &#8211; 38 &#8211; 40<\/li>\n<\/ul>\n","protected":false},"excerpt":{"rendered":"<h2>Completa tu look con un abrigo Madeline de vis\u00f3n de color gris<\/h2>\n<p>Abrigo oversize con estilo quimono. Este abrigo combina detalles como manga ca\u00edda, cuello chimenea y visones en horizontal para crear una pieza contempor\u00e1nea. Tiene un corte relajado que lo hace elegante y vanguardista.<\/p>\n<ul>\n<li>Abrigo corto vis\u00f3n<\/li>\n<li>Corte oversize<\/li>\n<li>Cuello chimenea<\/li>\n<li>Color gris natural<\/li>\n<li>Forro interior liso<\/li>\n<li>Cierres de presi\u00f3n<\/li>\n<li>Talla 36 &#8211; 38 &#8211; 40<\/li>\n<\/ul>\n","protected":false},"featured_media":15715,"template":"","meta":[],"product_cat":[84],"product_tag":[],"class_list":["post-15708","product","type-product","status-publish","has-post-thumbnail","hentry","product_cat-abrigos","pa_color-gris","pa_piel-vison"],"yoast_head":"<!-- This site is optimized with the Yoast SEO plugin v23.3 - https:\/\/yoast.com\/wordpress\/plugins\/seo\/ -->\n<title>Abrigo corto Madeline de vis\u00f3n - Peleter\u00eda Gabriel<\/title>\n<meta name=\"description\" content=\"Abrigo oversize con estilo quimono. Este abrigo combina detalles como manga ca\u00edda, cuello chimenea y visones en horizontal para crear una pieza especial.\" \/>\n<meta name=\"robots\" content=\"index, follow, max-snippet:-1, max-image-preview:large, max-video-preview:-1\" \/>\n<link rel=\"canonical\" href=\"https:\/\/peleteriagabriel.com\/catalogo\/abrigos\/abrigo-corto-madeline-de-vison\/\" \/>\n<meta property=\"og:locale\" content=\"en_US\" \/>\n<meta property=\"og:type\" content=\"article\" \/>\n<meta property=\"og:title\" content=\"Abrigo corto Madeline de vis\u00f3n - Peleter\u00eda Gabriel\" \/>\n<meta property=\"og:description\" content=\"Abrigo oversize con estilo quimono. Este abrigo combina detalles como manga ca\u00edda, cuello chimenea y visones en horizontal para crear una pieza especial.\" \/>\n<meta property=\"og:url\" content=\"https:\/\/peleteriagabriel.com\/catalogo\/abrigos\/abrigo-corto-madeline-de-vison\/\" \/>\n<meta property=\"og:site_name\" content=\"Peleter\u00eda Gabriel\" \/>\n<meta property=\"article:publisher\" content=\"https:\/\/www.facebook.com\/peleteriagabrielzaragoza\/\" \/>\n<meta property=\"article:modified_time\" content=\"2025-02-14T17:27:49+00:00\" \/>\n<meta property=\"og:image\" content=\"https:\/\/peleteriagabriel.com\/wp-content\/uploads\/2024\/12\/Abrigo-corto-vison-gris-4.jpg\" \/>\n\t<meta property=\"og:image:width\" content=\"800\" \/>\n\t<meta property=\"og:image:height\" content=\"1200\" \/>\n\t<meta property=\"og:image:type\" content=\"image\/jpeg\" \/>\n<meta name=\"twitter:card\" content=\"summary_large_image\" \/>\n<meta name=\"twitter:label1\" content=\"Est. reading time\" \/>\n\t<meta name=\"twitter:data1\" content=\"1 minute\" \/>\n<script type=\"application\/ld+json\" class=\"yoast-schema-graph\">{\"@context\":\"https:\/\/schema.org\",\"@graph\":[{\"@type\":[\"WebPage\",\"ItemPage\"],\"@id\":\"https:\/\/peleteriagabriel.com\/catalogo\/abrigos\/abrigo-corto-madeline-de-vison\/\",\"url\":\"https:\/\/peleteriagabriel.com\/catalogo\/abrigos\/abrigo-corto-madeline-de-vison\/\",\"name\":\"Abrigo corto Madeline de vis\u00f3n - Peleter\u00eda Gabriel\",\"isPartOf\":{\"@id\":\"https:\/\/peleteriagabriel.com\/#website\"},\"primaryImageOfPage\":{\"@id\":\"https:\/\/peleteriagabriel.com\/catalogo\/abrigos\/abrigo-corto-madeline-de-vison\/#primaryimage\"},\"image\":{\"@id\":\"https:\/\/peleteriagabriel.com\/catalogo\/abrigos\/abrigo-corto-madeline-de-vison\/#primaryimage\"},\"thumbnailUrl\":\"https:\/\/peleteriagabriel.com\/wp-content\/uploads\/2024\/12\/Abrigo-corto-vison-gris-4.jpg\",\"datePublished\":\"2024-12-09T11:24:13+00:00\",\"dateModified\":\"2025-02-14T17:27:49+00:00\",\"description\":\"Abrigo oversize con estilo quimono. Este abrigo combina detalles como manga ca\u00edda, cuello chimenea y visones en horizontal para crear una pieza especial.\",\"breadcrumb\":{\"@id\":\"https:\/\/peleteriagabriel.com\/catalogo\/abrigos\/abrigo-corto-madeline-de-vison\/#breadcrumb\"},\"inLanguage\":\"en-US\",\"potentialAction\":[{\"@type\":\"ReadAction\",\"target\":[\"https:\/\/peleteriagabriel.com\/catalogo\/abrigos\/abrigo-corto-madeline-de-vison\/\"]}]},{\"@type\":\"ImageObject\",\"inLanguage\":\"en-US\",\"@id\":\"https:\/\/peleteriagabriel.com\/catalogo\/abrigos\/abrigo-corto-madeline-de-vison\/#primaryimage\",\"url\":\"https:\/\/peleteriagabriel.com\/wp-content\/uploads\/2024\/12\/Abrigo-corto-vison-gris-4.jpg\",\"contentUrl\":\"https:\/\/peleteriagabriel.com\/wp-content\/uploads\/2024\/12\/Abrigo-corto-vison-gris-4.jpg\",\"width\":800,\"height\":1200},{\"@type\":\"BreadcrumbList\",\"@id\":\"https:\/\/peleteriagabriel.com\/catalogo\/abrigos\/abrigo-corto-madeline-de-vison\/#breadcrumb\",\"itemListElement\":[{\"@type\":\"ListItem\",\"position\":1,\"name\":\"Portada\",\"item\":\"https:\/\/peleteriagabriel.com\/en\/\"},{\"@type\":\"ListItem\",\"position\":2,\"name\":\"Cat\u00e1logo de productos\",\"item\":\"https:\/\/peleteriagabriel.com\/catalogo\/\"},{\"@type\":\"ListItem\",\"position\":3,\"name\":\"Abrigo corto Madeline de vis\u00f3n\"}]},{\"@type\":\"WebSite\",\"@id\":\"https:\/\/peleteriagabriel.com\/#website\",\"url\":\"https:\/\/peleteriagabriel.com\/\",\"name\":\"Peleter\u00eda Gabriel\",\"description\":\"Alta peleter\u00eda desde 1975\",\"potentialAction\":[{\"@type\":\"SearchAction\",\"target\":{\"@type\":\"EntryPoint\",\"urlTemplate\":\"https:\/\/peleteriagabriel.com\/?s={search_term_string}\"},\"query-input\":\"required name=search_term_string\"}],\"inLanguage\":\"en-US\"}]}<\/script>\n<!-- \/ Yoast SEO plugin. -->","yoast_head_json":{"title":"Abrigo corto Madeline de vis\u00f3n - Peleter\u00eda Gabriel","description":"Abrigo oversize con estilo quimono. Este abrigo combina detalles como manga ca\u00edda, cuello chimenea y visones en horizontal para crear una pieza especial.","robots":{"index":"index","follow":"follow","max-snippet":"max-snippet:-1","max-image-preview":"max-image-preview:large","max-video-preview":"max-video-preview:-1"},"canonical":"https:\/\/peleteriagabriel.com\/catalogo\/abrigos\/abrigo-corto-madeline-de-vison\/","og_locale":"en_US","og_type":"article","og_title":"Abrigo corto Madeline de vis\u00f3n - Peleter\u00eda Gabriel","og_description":"Abrigo oversize con estilo quimono. Este abrigo combina detalles como manga ca\u00edda, cuello chimenea y visones en horizontal para crear una pieza especial.","og_url":"https:\/\/peleteriagabriel.com\/catalogo\/abrigos\/abrigo-corto-madeline-de-vison\/","og_site_name":"Peleter\u00eda Gabriel","article_publisher":"https:\/\/www.facebook.com\/peleteriagabrielzaragoza\/","article_modified_time":"2025-02-14T17:27:49+00:00","og_image":[{"width":800,"height":1200,"url":"https:\/\/peleteriagabriel.com\/wp-content\/uploads\/2024\/12\/Abrigo-corto-vison-gris-4.jpg","type":"image\/jpeg"}],"twitter_card":"summary_large_image","twitter_misc":{"Est. reading time":"1 minute"},"schema":{"@context":"https:\/\/schema.org","@graph":[{"@type":["WebPage","ItemPage"],"@id":"https:\/\/peleteriagabriel.com\/catalogo\/abrigos\/abrigo-corto-madeline-de-vison\/","url":"https:\/\/peleteriagabriel.com\/catalogo\/abrigos\/abrigo-corto-madeline-de-vison\/","name":"Abrigo corto Madeline de vis\u00f3n - Peleter\u00eda Gabriel","isPartOf":{"@id":"https:\/\/peleteriagabriel.com\/#website"},"primaryImageOfPage":{"@id":"https:\/\/peleteriagabriel.com\/catalogo\/abrigos\/abrigo-corto-madeline-de-vison\/#primaryimage"},"image":{"@id":"https:\/\/peleteriagabriel.com\/catalogo\/abrigos\/abrigo-corto-madeline-de-vison\/#primaryimage"},"thumbnailUrl":"https:\/\/peleteriagabriel.com\/wp-content\/uploads\/2024\/12\/Abrigo-corto-vison-gris-4.jpg","datePublished":"2024-12-09T11:24:13+00:00","dateModified":"2025-02-14T17:27:49+00:00","description":"Abrigo oversize con estilo quimono. Este abrigo combina detalles como manga ca\u00edda, cuello chimenea y visones en horizontal para crear una pieza especial.","breadcrumb":{"@id":"https:\/\/peleteriagabriel.com\/catalogo\/abrigos\/abrigo-corto-madeline-de-vison\/#breadcrumb"},"inLanguage":"en-US","potentialAction":[{"@type":"ReadAction","target":["https:\/\/peleteriagabriel.com\/catalogo\/abrigos\/abrigo-corto-madeline-de-vison\/"]}]},{"@type":"ImageObject","inLanguage":"en-US","@id":"https:\/\/peleteriagabriel.com\/catalogo\/abrigos\/abrigo-corto-madeline-de-vison\/#primaryimage","url":"https:\/\/peleteriagabriel.com\/wp-content\/uploads\/2024\/12\/Abrigo-corto-vison-gris-4.jpg","contentUrl":"https:\/\/peleteriagabriel.com\/wp-content\/uploads\/2024\/12\/Abrigo-corto-vison-gris-4.jpg","width":800,"height":1200},{"@type":"BreadcrumbList","@id":"https:\/\/peleteriagabriel.com\/catalogo\/abrigos\/abrigo-corto-madeline-de-vison\/#breadcrumb","itemListElement":[{"@type":"ListItem","position":1,"name":"Portada","item":"https:\/\/peleteriagabriel.com\/en\/"},{"@type":"ListItem","position":2,"name":"Cat\u00e1logo de productos","item":"https:\/\/peleteriagabriel.com\/catalogo\/"},{"@type":"ListItem","position":3,"name":"Abrigo corto Madeline de vis\u00f3n"}]},{"@type":"WebSite","@id":"https:\/\/peleteriagabriel.com\/#website","url":"https:\/\/peleteriagabriel.com\/","name":"Peleter\u00eda Gabriel","description":"Alta peleter\u00eda desde 1975","potentialAction":[{"@type":"SearchAction","target":{"@type":"EntryPoint","urlTemplate":"https:\/\/peleteriagabriel.com\/?s={search_term_string}"},"query-input":"required name=search_term_string"}],"inLanguage":"en-US"}]}},"_links":{"self":[{"href":"https:\/\/peleteriagabriel.com\/en\/wp-json\/wp\/v2\/product\/15708"}],"collection":[{"href":"https:\/\/peleteriagabriel.com\/en\/wp-json\/wp\/v2\/product"}],"about":[{"href":"https:\/\/peleteriagabriel.com\/en\/wp-json\/wp\/v2\/types\/product"}],"wp:featuredmedia":[{"embeddable":true,"href":"https:\/\/peleteriagabriel.com\/en\/wp-json\/wp\/v2\/media\/15715"}],"wp:attachment":[{"href":"https:\/\/peleteriagabriel.com\/en\/wp-json\/wp\/v2\/media?parent=15708"}],"wp:term":[{"taxonomy":"product_cat","embeddable":true,"href":"https:\/\/peleteriagabriel.com\/en\/wp-json\/wp\/v2\/product_cat?post=15708"},{"taxonomy":"product_tag","embeddable":true,"href":"https:\/\/peleteriagabriel.com\/en\/wp-json\/wp\/v2\/product_tag?post=15708"}],"curies":[{"name":"wp","href":"https:\/\/api.w.org\/{rel}","templated":true}]}}