{"id":15691,"date":"2024-12-09T11:10:47","date_gmt":"2024-12-09T11:10:47","guid":{"rendered":"https:\/\/peleteriagabriel.com\/?post_type=product&#038;p=15691"},"modified":"2026-01-15T19:58:59","modified_gmt":"2026-01-15T19:58:59","slug":"abrigo-dandi-en-astracan-blanco","status":"publish","type":"product","link":"https:\/\/peleteriagabriel.com\/en\/catalogo\/abrigos\/abrigo-dandi-en-astracan-blanco\/","title":{"rendered":"Abrigo Dandi en astrac\u00e1n blanco"},"content":{"rendered":"<h2>Completa tu look con un abrigo Dandi de astrac\u00e1n en color blanco.<\/h2>\n<p>Abrigo recto con estilo cl\u00e1sico masculino. Este abrigo combina detalles cl\u00e1sicos para crear una pieza contempor\u00e1nea con cuello de solapas. Tiene un corte recto que lo hace elegante y minimalista.<\/p>\n<p>&nbsp;<\/p>\n<ul>\n<li>Abrigo de astrac\u00e1n<\/li>\n<li>Corte recto<\/li>\n<li>Cuello solapa<\/li>\n<li>Forro interior liso<\/li>\n<li>Color blanco<\/li>\n<li>Cierres de peleteria<\/li>\n<li>Talla 36 &#8211; 38 &#8211; 40<\/li>\n<\/ul>\n","protected":false},"excerpt":{"rendered":"<h2>Completa tu look con un abrigo Dandi de astrac\u00e1n en color blanco.<\/h2>\n<p>Abrigo recto con estilo cl\u00e1sico masculino. Este abrigo combina detalles cl\u00e1sicos para crear una pieza contempor\u00e1nea con cuello de solapas. Tiene un corte recto que lo hace elegante y minimalista.<\/p>\n<p>&nbsp;<\/p>\n<ul>\n<li>Abrigo de astrac\u00e1n<\/li>\n<li>Corte recto<\/li>\n<li>Cuello solapa<\/li>\n<li>Forro interior liso<\/li>\n<li>Color blanco<\/li>\n<li>Cierres de peleteria<\/li>\n<li>Talla 36 &#8211; 38 &#8211; 40<\/li>\n<\/ul>\n","protected":false},"featured_media":15700,"template":"","meta":[],"product_cat":[84],"product_tag":[],"class_list":["post-15691","product","type-product","status-publish","has-post-thumbnail","hentry","product_cat-abrigos","pa_color-blanco","pa_piel-astrakan"],"yoast_head":"<!-- This site is optimized with the Yoast SEO plugin v23.3 - https:\/\/yoast.com\/wordpress\/plugins\/seo\/ -->\n<title>Abrigo Dandi en astrac\u00e1n blanco - Peleter\u00eda Gabriel<\/title>\n<meta name=\"description\" content=\"Abrigo recto con estilo cl\u00e1sico masculino. Este abrigo combina detalles cl\u00e1sicos para crear una pieza contempor\u00e1nea con cuello de solapas.\" \/>\n<meta name=\"robots\" content=\"index, follow, max-snippet:-1, max-image-preview:large, max-video-preview:-1\" \/>\n<link rel=\"canonical\" href=\"https:\/\/peleteriagabriel.com\/catalogo\/abrigos\/abrigo-dandi-en-astracan-blanco\/\" \/>\n<meta property=\"og:locale\" content=\"en_US\" \/>\n<meta property=\"og:type\" content=\"article\" \/>\n<meta property=\"og:title\" content=\"Abrigo Dandi en astrac\u00e1n blanco - Peleter\u00eda Gabriel\" \/>\n<meta property=\"og:description\" content=\"Abrigo recto con estilo cl\u00e1sico masculino. Este abrigo combina detalles cl\u00e1sicos para crear una pieza contempor\u00e1nea con cuello de solapas.\" \/>\n<meta property=\"og:url\" content=\"https:\/\/peleteriagabriel.com\/catalogo\/abrigos\/abrigo-dandi-en-astracan-blanco\/\" \/>\n<meta property=\"og:site_name\" content=\"Peleter\u00eda Gabriel\" \/>\n<meta property=\"article:publisher\" content=\"https:\/\/www.facebook.com\/peleteriagabrielzaragoza\/\" \/>\n<meta property=\"article:modified_time\" content=\"2026-01-15T19:58:59+00:00\" \/>\n<meta property=\"og:image\" content=\"https:\/\/peleteriagabriel.com\/wp-content\/uploads\/2024\/12\/abrigo-de-astracan-blanco-5.jpg\" \/>\n\t<meta property=\"og:image:width\" content=\"800\" \/>\n\t<meta property=\"og:image:height\" content=\"1200\" \/>\n\t<meta property=\"og:image:type\" content=\"image\/jpeg\" \/>\n<meta name=\"twitter:card\" content=\"summary_large_image\" \/>\n<meta name=\"twitter:label1\" content=\"Est. reading time\" \/>\n\t<meta name=\"twitter:data1\" content=\"1 minute\" \/>\n<script type=\"application\/ld+json\" class=\"yoast-schema-graph\">{\"@context\":\"https:\/\/schema.org\",\"@graph\":[{\"@type\":[\"WebPage\",\"ItemPage\"],\"@id\":\"https:\/\/peleteriagabriel.com\/catalogo\/abrigos\/abrigo-dandi-en-astracan-blanco\/\",\"url\":\"https:\/\/peleteriagabriel.com\/catalogo\/abrigos\/abrigo-dandi-en-astracan-blanco\/\",\"name\":\"Abrigo Dandi en astrac\u00e1n blanco - Peleter\u00eda Gabriel\",\"isPartOf\":{\"@id\":\"https:\/\/peleteriagabriel.com\/#website\"},\"primaryImageOfPage\":{\"@id\":\"https:\/\/peleteriagabriel.com\/catalogo\/abrigos\/abrigo-dandi-en-astracan-blanco\/#primaryimage\"},\"image\":{\"@id\":\"https:\/\/peleteriagabriel.com\/catalogo\/abrigos\/abrigo-dandi-en-astracan-blanco\/#primaryimage\"},\"thumbnailUrl\":\"https:\/\/peleteriagabriel.com\/wp-content\/uploads\/2024\/12\/abrigo-de-astracan-blanco-5.jpg\",\"datePublished\":\"2024-12-09T11:10:47+00:00\",\"dateModified\":\"2026-01-15T19:58:59+00:00\",\"description\":\"Abrigo recto con estilo cl\u00e1sico masculino. Este abrigo combina detalles cl\u00e1sicos para crear una pieza contempor\u00e1nea con cuello de solapas.\",\"breadcrumb\":{\"@id\":\"https:\/\/peleteriagabriel.com\/catalogo\/abrigos\/abrigo-dandi-en-astracan-blanco\/#breadcrumb\"},\"inLanguage\":\"en-US\",\"potentialAction\":[{\"@type\":\"ReadAction\",\"target\":[\"https:\/\/peleteriagabriel.com\/catalogo\/abrigos\/abrigo-dandi-en-astracan-blanco\/\"]}]},{\"@type\":\"ImageObject\",\"inLanguage\":\"en-US\",\"@id\":\"https:\/\/peleteriagabriel.com\/catalogo\/abrigos\/abrigo-dandi-en-astracan-blanco\/#primaryimage\",\"url\":\"https:\/\/peleteriagabriel.com\/wp-content\/uploads\/2024\/12\/abrigo-de-astracan-blanco-5.jpg\",\"contentUrl\":\"https:\/\/peleteriagabriel.com\/wp-content\/uploads\/2024\/12\/abrigo-de-astracan-blanco-5.jpg\",\"width\":800,\"height\":1200},{\"@type\":\"BreadcrumbList\",\"@id\":\"https:\/\/peleteriagabriel.com\/catalogo\/abrigos\/abrigo-dandi-en-astracan-blanco\/#breadcrumb\",\"itemListElement\":[{\"@type\":\"ListItem\",\"position\":1,\"name\":\"Portada\",\"item\":\"https:\/\/peleteriagabriel.com\/en\/\"},{\"@type\":\"ListItem\",\"position\":2,\"name\":\"Cat\u00e1logo de productos\",\"item\":\"https:\/\/peleteriagabriel.com\/catalogo\/\"},{\"@type\":\"ListItem\",\"position\":3,\"name\":\"Abrigo Dandi en astrac\u00e1n blanco\"}]},{\"@type\":\"WebSite\",\"@id\":\"https:\/\/peleteriagabriel.com\/#website\",\"url\":\"https:\/\/peleteriagabriel.com\/\",\"name\":\"Peleter\u00eda Gabriel\",\"description\":\"Alta peleter\u00eda desde 1975\",\"potentialAction\":[{\"@type\":\"SearchAction\",\"target\":{\"@type\":\"EntryPoint\",\"urlTemplate\":\"https:\/\/peleteriagabriel.com\/?s={search_term_string}\"},\"query-input\":\"required name=search_term_string\"}],\"inLanguage\":\"en-US\"}]}<\/script>\n<!-- \/ Yoast SEO plugin. -->","yoast_head_json":{"title":"Abrigo Dandi en astrac\u00e1n blanco - Peleter\u00eda Gabriel","description":"Abrigo recto con estilo cl\u00e1sico masculino. Este abrigo combina detalles cl\u00e1sicos para crear una pieza contempor\u00e1nea con cuello de solapas.","robots":{"index":"index","follow":"follow","max-snippet":"max-snippet:-1","max-image-preview":"max-image-preview:large","max-video-preview":"max-video-preview:-1"},"canonical":"https:\/\/peleteriagabriel.com\/catalogo\/abrigos\/abrigo-dandi-en-astracan-blanco\/","og_locale":"en_US","og_type":"article","og_title":"Abrigo Dandi en astrac\u00e1n blanco - Peleter\u00eda Gabriel","og_description":"Abrigo recto con estilo cl\u00e1sico masculino. Este abrigo combina detalles cl\u00e1sicos para crear una pieza contempor\u00e1nea con cuello de solapas.","og_url":"https:\/\/peleteriagabriel.com\/catalogo\/abrigos\/abrigo-dandi-en-astracan-blanco\/","og_site_name":"Peleter\u00eda Gabriel","article_publisher":"https:\/\/www.facebook.com\/peleteriagabrielzaragoza\/","article_modified_time":"2026-01-15T19:58:59+00:00","og_image":[{"width":800,"height":1200,"url":"https:\/\/peleteriagabriel.com\/wp-content\/uploads\/2024\/12\/abrigo-de-astracan-blanco-5.jpg","type":"image\/jpeg"}],"twitter_card":"summary_large_image","twitter_misc":{"Est. reading time":"1 minute"},"schema":{"@context":"https:\/\/schema.org","@graph":[{"@type":["WebPage","ItemPage"],"@id":"https:\/\/peleteriagabriel.com\/catalogo\/abrigos\/abrigo-dandi-en-astracan-blanco\/","url":"https:\/\/peleteriagabriel.com\/catalogo\/abrigos\/abrigo-dandi-en-astracan-blanco\/","name":"Abrigo Dandi en astrac\u00e1n blanco - Peleter\u00eda Gabriel","isPartOf":{"@id":"https:\/\/peleteriagabriel.com\/#website"},"primaryImageOfPage":{"@id":"https:\/\/peleteriagabriel.com\/catalogo\/abrigos\/abrigo-dandi-en-astracan-blanco\/#primaryimage"},"image":{"@id":"https:\/\/peleteriagabriel.com\/catalogo\/abrigos\/abrigo-dandi-en-astracan-blanco\/#primaryimage"},"thumbnailUrl":"https:\/\/peleteriagabriel.com\/wp-content\/uploads\/2024\/12\/abrigo-de-astracan-blanco-5.jpg","datePublished":"2024-12-09T11:10:47+00:00","dateModified":"2026-01-15T19:58:59+00:00","description":"Abrigo recto con estilo cl\u00e1sico masculino. Este abrigo combina detalles cl\u00e1sicos para crear una pieza contempor\u00e1nea con cuello de solapas.","breadcrumb":{"@id":"https:\/\/peleteriagabriel.com\/catalogo\/abrigos\/abrigo-dandi-en-astracan-blanco\/#breadcrumb"},"inLanguage":"en-US","potentialAction":[{"@type":"ReadAction","target":["https:\/\/peleteriagabriel.com\/catalogo\/abrigos\/abrigo-dandi-en-astracan-blanco\/"]}]},{"@type":"ImageObject","inLanguage":"en-US","@id":"https:\/\/peleteriagabriel.com\/catalogo\/abrigos\/abrigo-dandi-en-astracan-blanco\/#primaryimage","url":"https:\/\/peleteriagabriel.com\/wp-content\/uploads\/2024\/12\/abrigo-de-astracan-blanco-5.jpg","contentUrl":"https:\/\/peleteriagabriel.com\/wp-content\/uploads\/2024\/12\/abrigo-de-astracan-blanco-5.jpg","width":800,"height":1200},{"@type":"BreadcrumbList","@id":"https:\/\/peleteriagabriel.com\/catalogo\/abrigos\/abrigo-dandi-en-astracan-blanco\/#breadcrumb","itemListElement":[{"@type":"ListItem","position":1,"name":"Portada","item":"https:\/\/peleteriagabriel.com\/en\/"},{"@type":"ListItem","position":2,"name":"Cat\u00e1logo de productos","item":"https:\/\/peleteriagabriel.com\/catalogo\/"},{"@type":"ListItem","position":3,"name":"Abrigo Dandi en astrac\u00e1n blanco"}]},{"@type":"WebSite","@id":"https:\/\/peleteriagabriel.com\/#website","url":"https:\/\/peleteriagabriel.com\/","name":"Peleter\u00eda Gabriel","description":"Alta peleter\u00eda desde 1975","potentialAction":[{"@type":"SearchAction","target":{"@type":"EntryPoint","urlTemplate":"https:\/\/peleteriagabriel.com\/?s={search_term_string}"},"query-input":"required name=search_term_string"}],"inLanguage":"en-US"}]}},"_links":{"self":[{"href":"https:\/\/peleteriagabriel.com\/en\/wp-json\/wp\/v2\/product\/15691"}],"collection":[{"href":"https:\/\/peleteriagabriel.com\/en\/wp-json\/wp\/v2\/product"}],"about":[{"href":"https:\/\/peleteriagabriel.com\/en\/wp-json\/wp\/v2\/types\/product"}],"wp:featuredmedia":[{"embeddable":true,"href":"https:\/\/peleteriagabriel.com\/en\/wp-json\/wp\/v2\/media\/15700"}],"wp:attachment":[{"href":"https:\/\/peleteriagabriel.com\/en\/wp-json\/wp\/v2\/media?parent=15691"}],"wp:term":[{"taxonomy":"product_cat","embeddable":true,"href":"https:\/\/peleteriagabriel.com\/en\/wp-json\/wp\/v2\/product_cat?post=15691"},{"taxonomy":"product_tag","embeddable":true,"href":"https:\/\/peleteriagabriel.com\/en\/wp-json\/wp\/v2\/product_tag?post=15691"}],"curies":[{"name":"wp","href":"https:\/\/api.w.org\/{rel}","templated":true}]}}