{"id":15339,"date":"2024-10-03T09:10:38","date_gmt":"2024-10-03T09:10:38","guid":{"rendered":"https:\/\/peleteriagabriel.com\/?post_type=product&#038;p=15339"},"modified":"2024-10-03T09:10:40","modified_gmt":"2024-10-03T09:10:40","slug":"falda-condotti-rosso","status":"publish","type":"product","link":"https:\/\/peleteriagabriel.com\/en\/catalogo\/falda\/falda-condotti-rosso\/","title":{"rendered":"Falda Condotti rosso"},"content":{"rendered":"<h2>Completa tu look con una falda Condotti color rojo.<\/h2>\n<p>Falda de cintura alta y corte recto. Bolsillos laterales. Acabada con cierre trasera con cremallera completa. Confecci\u00f3n en piel suave color rojo tratada con un acabado mate. El modelo presenta pespuntes tono sobre tono que realzan la silueta. Acompa\u00f1ado con un cintur\u00f3n del mismo cuero. Certificado seg\u00fan los est\u00e1ndares Audited Against LWG<\/p>\n<ul>\n<li>Falda de cuero<\/li>\n<li>Corte recto<\/li>\n<li>Cintura alta<\/li>\n<li>Cintur\u00f3n de cuero<\/li>\n<li>Color rojo<\/li>\n<li>Forro interior liso<\/li>\n<li>Talla\u00a0 38-40-42<\/li>\n<\/ul>\n","protected":false},"excerpt":{"rendered":"<h2>Completa tu look con una falda Condotti color rojo.<\/h2>\n<p>Falda de cintura alta y corte recto. Bolsillos laterales. Acabada con cierre trasera con cremallera completa. Confecci\u00f3n en piel suave color rojo tratada con un acabado mate. El modelo presenta pespuntes tono sobre tono que realzan la silueta. Acompa\u00f1ado con un cintur\u00f3n del mismo cuero. Certificado seg\u00fan los est\u00e1ndares Audited Against LWG<\/p>\n<ul>\n<li>Falda de cuero<\/li>\n<li>Corte recto<\/li>\n<li>Cintura alta<\/li>\n<li>Cintur\u00f3n de cuero<\/li>\n<li>Color rojo<\/li>\n<li>Forro interior liso<\/li>\n<li>Talla\u00a0 38-40-42<\/li>\n<\/ul>\n","protected":false},"featured_media":15344,"template":"","meta":[],"product_cat":[208],"product_tag":[],"class_list":["post-15339","product","type-product","status-publish","has-post-thumbnail","hentry","product_cat-falda","pa_color-rojo","pa_piel-cuero"],"yoast_head":"<!-- This site is optimized with the Yoast SEO plugin v23.3 - https:\/\/yoast.com\/wordpress\/plugins\/seo\/ -->\n<title>Falda Condotti rosso - Peleter\u00eda Gabriel<\/title>\n<meta name=\"description\" content=\"Falda de cintura alta y corte recto. Bolsillos laterales. Acabada con cierre trasera con cremallera completa. Confecci\u00f3n en piel suave color rojo.\" \/>\n<meta name=\"robots\" content=\"index, follow, max-snippet:-1, max-image-preview:large, max-video-preview:-1\" \/>\n<link rel=\"canonical\" href=\"https:\/\/peleteriagabriel.com\/catalogo\/falda\/falda-condotti-rosso\/\" \/>\n<meta property=\"og:locale\" content=\"en_US\" \/>\n<meta property=\"og:type\" content=\"article\" \/>\n<meta property=\"og:title\" content=\"Falda Condotti rosso - Peleter\u00eda Gabriel\" \/>\n<meta property=\"og:description\" content=\"Falda de cintura alta y corte recto. Bolsillos laterales. Acabada con cierre trasera con cremallera completa. Confecci\u00f3n en piel suave color rojo.\" \/>\n<meta property=\"og:url\" content=\"https:\/\/peleteriagabriel.com\/catalogo\/falda\/falda-condotti-rosso\/\" \/>\n<meta property=\"og:site_name\" content=\"Peleter\u00eda Gabriel\" \/>\n<meta property=\"article:publisher\" content=\"https:\/\/www.facebook.com\/peleteriagabrielzaragoza\/\" \/>\n<meta property=\"article:modified_time\" content=\"2024-10-03T09:10:40+00:00\" \/>\n<meta property=\"og:image\" content=\"https:\/\/peleteriagabriel.com\/wp-content\/uploads\/2024\/10\/falda-cuero-rojo-3.jpg\" \/>\n\t<meta property=\"og:image:width\" content=\"800\" \/>\n\t<meta property=\"og:image:height\" content=\"1200\" \/>\n\t<meta property=\"og:image:type\" content=\"image\/jpeg\" \/>\n<meta name=\"twitter:card\" content=\"summary_large_image\" \/>\n<meta name=\"twitter:label1\" content=\"Est. reading time\" \/>\n\t<meta name=\"twitter:data1\" content=\"1 minute\" \/>\n<script type=\"application\/ld+json\" class=\"yoast-schema-graph\">{\"@context\":\"https:\/\/schema.org\",\"@graph\":[{\"@type\":[\"WebPage\",\"ItemPage\"],\"@id\":\"https:\/\/peleteriagabriel.com\/catalogo\/falda\/falda-condotti-rosso\/\",\"url\":\"https:\/\/peleteriagabriel.com\/catalogo\/falda\/falda-condotti-rosso\/\",\"name\":\"Falda Condotti rosso - Peleter\u00eda Gabriel\",\"isPartOf\":{\"@id\":\"https:\/\/peleteriagabriel.com\/#website\"},\"primaryImageOfPage\":{\"@id\":\"https:\/\/peleteriagabriel.com\/catalogo\/falda\/falda-condotti-rosso\/#primaryimage\"},\"image\":{\"@id\":\"https:\/\/peleteriagabriel.com\/catalogo\/falda\/falda-condotti-rosso\/#primaryimage\"},\"thumbnailUrl\":\"https:\/\/peleteriagabriel.com\/wp-content\/uploads\/2024\/10\/falda-cuero-rojo-3.jpg\",\"datePublished\":\"2024-10-03T09:10:38+00:00\",\"dateModified\":\"2024-10-03T09:10:40+00:00\",\"description\":\"Falda de cintura alta y corte recto. Bolsillos laterales. Acabada con cierre trasera con cremallera completa. Confecci\u00f3n en piel suave color rojo.\",\"breadcrumb\":{\"@id\":\"https:\/\/peleteriagabriel.com\/catalogo\/falda\/falda-condotti-rosso\/#breadcrumb\"},\"inLanguage\":\"en-US\",\"potentialAction\":[{\"@type\":\"ReadAction\",\"target\":[\"https:\/\/peleteriagabriel.com\/catalogo\/falda\/falda-condotti-rosso\/\"]}]},{\"@type\":\"ImageObject\",\"inLanguage\":\"en-US\",\"@id\":\"https:\/\/peleteriagabriel.com\/catalogo\/falda\/falda-condotti-rosso\/#primaryimage\",\"url\":\"https:\/\/peleteriagabriel.com\/wp-content\/uploads\/2024\/10\/falda-cuero-rojo-3.jpg\",\"contentUrl\":\"https:\/\/peleteriagabriel.com\/wp-content\/uploads\/2024\/10\/falda-cuero-rojo-3.jpg\",\"width\":800,\"height\":1200},{\"@type\":\"BreadcrumbList\",\"@id\":\"https:\/\/peleteriagabriel.com\/catalogo\/falda\/falda-condotti-rosso\/#breadcrumb\",\"itemListElement\":[{\"@type\":\"ListItem\",\"position\":1,\"name\":\"Portada\",\"item\":\"https:\/\/peleteriagabriel.com\/en\/\"},{\"@type\":\"ListItem\",\"position\":2,\"name\":\"Cat\u00e1logo de productos\",\"item\":\"https:\/\/peleteriagabriel.com\/catalogo\/\"},{\"@type\":\"ListItem\",\"position\":3,\"name\":\"Falda Condotti rosso\"}]},{\"@type\":\"WebSite\",\"@id\":\"https:\/\/peleteriagabriel.com\/#website\",\"url\":\"https:\/\/peleteriagabriel.com\/\",\"name\":\"Peleter\u00eda Gabriel\",\"description\":\"Alta peleter\u00eda desde 1975\",\"potentialAction\":[{\"@type\":\"SearchAction\",\"target\":{\"@type\":\"EntryPoint\",\"urlTemplate\":\"https:\/\/peleteriagabriel.com\/?s={search_term_string}\"},\"query-input\":\"required name=search_term_string\"}],\"inLanguage\":\"en-US\"}]}<\/script>\n<!-- \/ Yoast SEO plugin. -->","yoast_head_json":{"title":"Falda Condotti rosso - Peleter\u00eda Gabriel","description":"Falda de cintura alta y corte recto. Bolsillos laterales. Acabada con cierre trasera con cremallera completa. Confecci\u00f3n en piel suave color rojo.","robots":{"index":"index","follow":"follow","max-snippet":"max-snippet:-1","max-image-preview":"max-image-preview:large","max-video-preview":"max-video-preview:-1"},"canonical":"https:\/\/peleteriagabriel.com\/catalogo\/falda\/falda-condotti-rosso\/","og_locale":"en_US","og_type":"article","og_title":"Falda Condotti rosso - Peleter\u00eda Gabriel","og_description":"Falda de cintura alta y corte recto. Bolsillos laterales. Acabada con cierre trasera con cremallera completa. Confecci\u00f3n en piel suave color rojo.","og_url":"https:\/\/peleteriagabriel.com\/catalogo\/falda\/falda-condotti-rosso\/","og_site_name":"Peleter\u00eda Gabriel","article_publisher":"https:\/\/www.facebook.com\/peleteriagabrielzaragoza\/","article_modified_time":"2024-10-03T09:10:40+00:00","og_image":[{"width":800,"height":1200,"url":"https:\/\/peleteriagabriel.com\/wp-content\/uploads\/2024\/10\/falda-cuero-rojo-3.jpg","type":"image\/jpeg"}],"twitter_card":"summary_large_image","twitter_misc":{"Est. reading time":"1 minute"},"schema":{"@context":"https:\/\/schema.org","@graph":[{"@type":["WebPage","ItemPage"],"@id":"https:\/\/peleteriagabriel.com\/catalogo\/falda\/falda-condotti-rosso\/","url":"https:\/\/peleteriagabriel.com\/catalogo\/falda\/falda-condotti-rosso\/","name":"Falda Condotti rosso - Peleter\u00eda Gabriel","isPartOf":{"@id":"https:\/\/peleteriagabriel.com\/#website"},"primaryImageOfPage":{"@id":"https:\/\/peleteriagabriel.com\/catalogo\/falda\/falda-condotti-rosso\/#primaryimage"},"image":{"@id":"https:\/\/peleteriagabriel.com\/catalogo\/falda\/falda-condotti-rosso\/#primaryimage"},"thumbnailUrl":"https:\/\/peleteriagabriel.com\/wp-content\/uploads\/2024\/10\/falda-cuero-rojo-3.jpg","datePublished":"2024-10-03T09:10:38+00:00","dateModified":"2024-10-03T09:10:40+00:00","description":"Falda de cintura alta y corte recto. Bolsillos laterales. Acabada con cierre trasera con cremallera completa. Confecci\u00f3n en piel suave color rojo.","breadcrumb":{"@id":"https:\/\/peleteriagabriel.com\/catalogo\/falda\/falda-condotti-rosso\/#breadcrumb"},"inLanguage":"en-US","potentialAction":[{"@type":"ReadAction","target":["https:\/\/peleteriagabriel.com\/catalogo\/falda\/falda-condotti-rosso\/"]}]},{"@type":"ImageObject","inLanguage":"en-US","@id":"https:\/\/peleteriagabriel.com\/catalogo\/falda\/falda-condotti-rosso\/#primaryimage","url":"https:\/\/peleteriagabriel.com\/wp-content\/uploads\/2024\/10\/falda-cuero-rojo-3.jpg","contentUrl":"https:\/\/peleteriagabriel.com\/wp-content\/uploads\/2024\/10\/falda-cuero-rojo-3.jpg","width":800,"height":1200},{"@type":"BreadcrumbList","@id":"https:\/\/peleteriagabriel.com\/catalogo\/falda\/falda-condotti-rosso\/#breadcrumb","itemListElement":[{"@type":"ListItem","position":1,"name":"Portada","item":"https:\/\/peleteriagabriel.com\/en\/"},{"@type":"ListItem","position":2,"name":"Cat\u00e1logo de productos","item":"https:\/\/peleteriagabriel.com\/catalogo\/"},{"@type":"ListItem","position":3,"name":"Falda Condotti rosso"}]},{"@type":"WebSite","@id":"https:\/\/peleteriagabriel.com\/#website","url":"https:\/\/peleteriagabriel.com\/","name":"Peleter\u00eda Gabriel","description":"Alta peleter\u00eda desde 1975","potentialAction":[{"@type":"SearchAction","target":{"@type":"EntryPoint","urlTemplate":"https:\/\/peleteriagabriel.com\/?s={search_term_string}"},"query-input":"required name=search_term_string"}],"inLanguage":"en-US"}]}},"_links":{"self":[{"href":"https:\/\/peleteriagabriel.com\/en\/wp-json\/wp\/v2\/product\/15339"}],"collection":[{"href":"https:\/\/peleteriagabriel.com\/en\/wp-json\/wp\/v2\/product"}],"about":[{"href":"https:\/\/peleteriagabriel.com\/en\/wp-json\/wp\/v2\/types\/product"}],"wp:featuredmedia":[{"embeddable":true,"href":"https:\/\/peleteriagabriel.com\/en\/wp-json\/wp\/v2\/media\/15344"}],"wp:attachment":[{"href":"https:\/\/peleteriagabriel.com\/en\/wp-json\/wp\/v2\/media?parent=15339"}],"wp:term":[{"taxonomy":"product_cat","embeddable":true,"href":"https:\/\/peleteriagabriel.com\/en\/wp-json\/wp\/v2\/product_cat?post=15339"},{"taxonomy":"product_tag","embeddable":true,"href":"https:\/\/peleteriagabriel.com\/en\/wp-json\/wp\/v2\/product_tag?post=15339"}],"curies":[{"name":"wp","href":"https:\/\/api.w.org\/{rel}","templated":true}]}}