{"id":14915,"date":"2024-05-14T18:57:41","date_gmt":"2024-05-14T18:57:41","guid":{"rendered":"https:\/\/peleteriagabriel.com\/?post_type=product&#038;p=14915"},"modified":"2025-10-09T16:36:23","modified_gmt":"2025-10-09T16:36:23","slug":"abrigo-de-cuero-blanco","status":"publish","type":"product","link":"https:\/\/peleteriagabriel.com\/en\/catalogo\/abrigos\/abrigo-de-cuero-blanco\/","title":{"rendered":"Abrigo de cuero blanco"},"content":{"rendered":"<h2>Completa tu look con un abrigo de cuero blanco.<\/h2>\n<p>Abrigo de cuero con corte oversize en color blanco. Este abrigo combina detalles cl\u00e1sicos para crear una pieza contempor\u00e1nea. Tiene un corte relajado que lo hace elegante. S\u00f3lo limpieza en seco con especialistas. Certificado seg\u00fan los est\u00e1ndares Audited Against LWG<\/p>\n<ul>\n<li>Abrigo de cuero<\/li>\n<li>Corte oversize<\/li>\n<li>Cuello caja<\/li>\n<li>Color blanco<\/li>\n<li>Forro interior estampado<\/li>\n<li>Con cintur\u00f3n<\/li>\n<li>Talla 38 &#8211; 40<\/li>\n<\/ul>\n","protected":false},"excerpt":{"rendered":"<h2>Completa tu look con un abrigo de cuero blanco.<\/h2>\n<p>Abrigo de cuero con corte oversize en color blanco. Este abrigo combina detalles cl\u00e1sicos para crear una pieza contempor\u00e1nea. Tiene un corte relajado que lo hace elegante. S\u00f3lo limpieza en seco con especialistas. Certificado seg\u00fan los est\u00e1ndares Audited Against LWG<\/p>\n<ul>\n<li>Abrigo de cuero<\/li>\n<li>Corte oversize<\/li>\n<li>Cuello caja<\/li>\n<li>Color blanco<\/li>\n<li>Forro interior estampado<\/li>\n<li>Con cintur\u00f3n<\/li>\n<li>Talla 38 &#8211; 40<\/li>\n<\/ul>\n","protected":false},"featured_media":14875,"template":"","meta":[],"product_cat":[84],"product_tag":[],"class_list":["post-14915","product","type-product","status-publish","has-post-thumbnail","hentry","product_cat-abrigos","pa_color-blanco","pa_piel-cuero"],"yoast_head":"<!-- This site is optimized with the Yoast SEO plugin v23.3 - https:\/\/yoast.com\/wordpress\/plugins\/seo\/ -->\n<title>Abrigo de cuero blanco - Peleter\u00eda Gabriel<\/title>\n<meta name=\"description\" content=\"Abrigo de cuero con corte oversize en color blanco. Este abrigo combina detalles cl\u00e1sicos para crear una pieza contempor\u00e1nea. Tiene un corte elegante.\" \/>\n<meta name=\"robots\" content=\"index, follow, max-snippet:-1, max-image-preview:large, max-video-preview:-1\" \/>\n<link rel=\"canonical\" href=\"https:\/\/peleteriagabriel.com\/catalogo\/abrigos\/abrigo-de-cuero-blanco\/\" \/>\n<meta property=\"og:locale\" content=\"en_US\" \/>\n<meta property=\"og:type\" content=\"article\" \/>\n<meta property=\"og:title\" content=\"Abrigo de cuero blanco - Peleter\u00eda Gabriel\" \/>\n<meta property=\"og:description\" content=\"Abrigo de cuero con corte oversize en color blanco. Este abrigo combina detalles cl\u00e1sicos para crear una pieza contempor\u00e1nea. Tiene un corte elegante.\" \/>\n<meta property=\"og:url\" content=\"https:\/\/peleteriagabriel.com\/catalogo\/abrigos\/abrigo-de-cuero-blanco\/\" \/>\n<meta property=\"og:site_name\" content=\"Peleter\u00eda Gabriel\" \/>\n<meta property=\"article:publisher\" content=\"https:\/\/www.facebook.com\/peleteriagabrielzaragoza\/\" \/>\n<meta property=\"article:modified_time\" content=\"2025-10-09T16:36:23+00:00\" \/>\n<meta property=\"og:image\" content=\"https:\/\/peleteriagabriel.com\/wp-content\/uploads\/2024\/05\/72.jpg\" \/>\n\t<meta property=\"og:image:width\" content=\"800\" \/>\n\t<meta property=\"og:image:height\" content=\"1200\" \/>\n\t<meta property=\"og:image:type\" content=\"image\/jpeg\" \/>\n<meta name=\"twitter:card\" content=\"summary_large_image\" \/>\n<meta name=\"twitter:label1\" content=\"Est. reading time\" \/>\n\t<meta name=\"twitter:data1\" content=\"1 minute\" \/>\n<script type=\"application\/ld+json\" class=\"yoast-schema-graph\">{\"@context\":\"https:\/\/schema.org\",\"@graph\":[{\"@type\":[\"WebPage\",\"ItemPage\"],\"@id\":\"https:\/\/peleteriagabriel.com\/catalogo\/abrigos\/abrigo-de-cuero-blanco\/\",\"url\":\"https:\/\/peleteriagabriel.com\/catalogo\/abrigos\/abrigo-de-cuero-blanco\/\",\"name\":\"Abrigo de cuero blanco - Peleter\u00eda Gabriel\",\"isPartOf\":{\"@id\":\"https:\/\/peleteriagabriel.com\/#website\"},\"primaryImageOfPage\":{\"@id\":\"https:\/\/peleteriagabriel.com\/catalogo\/abrigos\/abrigo-de-cuero-blanco\/#primaryimage\"},\"image\":{\"@id\":\"https:\/\/peleteriagabriel.com\/catalogo\/abrigos\/abrigo-de-cuero-blanco\/#primaryimage\"},\"thumbnailUrl\":\"https:\/\/peleteriagabriel.com\/wp-content\/uploads\/2024\/05\/72.jpg\",\"datePublished\":\"2024-05-14T18:57:41+00:00\",\"dateModified\":\"2025-10-09T16:36:23+00:00\",\"description\":\"Abrigo de cuero con corte oversize en color blanco. Este abrigo combina detalles cl\u00e1sicos para crear una pieza contempor\u00e1nea. Tiene un corte elegante.\",\"breadcrumb\":{\"@id\":\"https:\/\/peleteriagabriel.com\/catalogo\/abrigos\/abrigo-de-cuero-blanco\/#breadcrumb\"},\"inLanguage\":\"en-US\",\"potentialAction\":[{\"@type\":\"ReadAction\",\"target\":[\"https:\/\/peleteriagabriel.com\/catalogo\/abrigos\/abrigo-de-cuero-blanco\/\"]}]},{\"@type\":\"ImageObject\",\"inLanguage\":\"en-US\",\"@id\":\"https:\/\/peleteriagabriel.com\/catalogo\/abrigos\/abrigo-de-cuero-blanco\/#primaryimage\",\"url\":\"https:\/\/peleteriagabriel.com\/wp-content\/uploads\/2024\/05\/72.jpg\",\"contentUrl\":\"https:\/\/peleteriagabriel.com\/wp-content\/uploads\/2024\/05\/72.jpg\",\"width\":800,\"height\":1200},{\"@type\":\"BreadcrumbList\",\"@id\":\"https:\/\/peleteriagabriel.com\/catalogo\/abrigos\/abrigo-de-cuero-blanco\/#breadcrumb\",\"itemListElement\":[{\"@type\":\"ListItem\",\"position\":1,\"name\":\"Portada\",\"item\":\"https:\/\/peleteriagabriel.com\/en\/\"},{\"@type\":\"ListItem\",\"position\":2,\"name\":\"Cat\u00e1logo de productos\",\"item\":\"https:\/\/peleteriagabriel.com\/catalogo\/\"},{\"@type\":\"ListItem\",\"position\":3,\"name\":\"Abrigo de cuero blanco\"}]},{\"@type\":\"WebSite\",\"@id\":\"https:\/\/peleteriagabriel.com\/#website\",\"url\":\"https:\/\/peleteriagabriel.com\/\",\"name\":\"Peleter\u00eda Gabriel\",\"description\":\"Alta peleter\u00eda desde 1975\",\"potentialAction\":[{\"@type\":\"SearchAction\",\"target\":{\"@type\":\"EntryPoint\",\"urlTemplate\":\"https:\/\/peleteriagabriel.com\/?s={search_term_string}\"},\"query-input\":\"required name=search_term_string\"}],\"inLanguage\":\"en-US\"}]}<\/script>\n<!-- \/ Yoast SEO plugin. -->","yoast_head_json":{"title":"Abrigo de cuero blanco - Peleter\u00eda Gabriel","description":"Abrigo de cuero con corte oversize en color blanco. Este abrigo combina detalles cl\u00e1sicos para crear una pieza contempor\u00e1nea. Tiene un corte elegante.","robots":{"index":"index","follow":"follow","max-snippet":"max-snippet:-1","max-image-preview":"max-image-preview:large","max-video-preview":"max-video-preview:-1"},"canonical":"https:\/\/peleteriagabriel.com\/catalogo\/abrigos\/abrigo-de-cuero-blanco\/","og_locale":"en_US","og_type":"article","og_title":"Abrigo de cuero blanco - Peleter\u00eda Gabriel","og_description":"Abrigo de cuero con corte oversize en color blanco. Este abrigo combina detalles cl\u00e1sicos para crear una pieza contempor\u00e1nea. Tiene un corte elegante.","og_url":"https:\/\/peleteriagabriel.com\/catalogo\/abrigos\/abrigo-de-cuero-blanco\/","og_site_name":"Peleter\u00eda Gabriel","article_publisher":"https:\/\/www.facebook.com\/peleteriagabrielzaragoza\/","article_modified_time":"2025-10-09T16:36:23+00:00","og_image":[{"width":800,"height":1200,"url":"https:\/\/peleteriagabriel.com\/wp-content\/uploads\/2024\/05\/72.jpg","type":"image\/jpeg"}],"twitter_card":"summary_large_image","twitter_misc":{"Est. reading time":"1 minute"},"schema":{"@context":"https:\/\/schema.org","@graph":[{"@type":["WebPage","ItemPage"],"@id":"https:\/\/peleteriagabriel.com\/catalogo\/abrigos\/abrigo-de-cuero-blanco\/","url":"https:\/\/peleteriagabriel.com\/catalogo\/abrigos\/abrigo-de-cuero-blanco\/","name":"Abrigo de cuero blanco - Peleter\u00eda Gabriel","isPartOf":{"@id":"https:\/\/peleteriagabriel.com\/#website"},"primaryImageOfPage":{"@id":"https:\/\/peleteriagabriel.com\/catalogo\/abrigos\/abrigo-de-cuero-blanco\/#primaryimage"},"image":{"@id":"https:\/\/peleteriagabriel.com\/catalogo\/abrigos\/abrigo-de-cuero-blanco\/#primaryimage"},"thumbnailUrl":"https:\/\/peleteriagabriel.com\/wp-content\/uploads\/2024\/05\/72.jpg","datePublished":"2024-05-14T18:57:41+00:00","dateModified":"2025-10-09T16:36:23+00:00","description":"Abrigo de cuero con corte oversize en color blanco. Este abrigo combina detalles cl\u00e1sicos para crear una pieza contempor\u00e1nea. Tiene un corte elegante.","breadcrumb":{"@id":"https:\/\/peleteriagabriel.com\/catalogo\/abrigos\/abrigo-de-cuero-blanco\/#breadcrumb"},"inLanguage":"en-US","potentialAction":[{"@type":"ReadAction","target":["https:\/\/peleteriagabriel.com\/catalogo\/abrigos\/abrigo-de-cuero-blanco\/"]}]},{"@type":"ImageObject","inLanguage":"en-US","@id":"https:\/\/peleteriagabriel.com\/catalogo\/abrigos\/abrigo-de-cuero-blanco\/#primaryimage","url":"https:\/\/peleteriagabriel.com\/wp-content\/uploads\/2024\/05\/72.jpg","contentUrl":"https:\/\/peleteriagabriel.com\/wp-content\/uploads\/2024\/05\/72.jpg","width":800,"height":1200},{"@type":"BreadcrumbList","@id":"https:\/\/peleteriagabriel.com\/catalogo\/abrigos\/abrigo-de-cuero-blanco\/#breadcrumb","itemListElement":[{"@type":"ListItem","position":1,"name":"Portada","item":"https:\/\/peleteriagabriel.com\/en\/"},{"@type":"ListItem","position":2,"name":"Cat\u00e1logo de productos","item":"https:\/\/peleteriagabriel.com\/catalogo\/"},{"@type":"ListItem","position":3,"name":"Abrigo de cuero blanco"}]},{"@type":"WebSite","@id":"https:\/\/peleteriagabriel.com\/#website","url":"https:\/\/peleteriagabriel.com\/","name":"Peleter\u00eda Gabriel","description":"Alta peleter\u00eda desde 1975","potentialAction":[{"@type":"SearchAction","target":{"@type":"EntryPoint","urlTemplate":"https:\/\/peleteriagabriel.com\/?s={search_term_string}"},"query-input":"required name=search_term_string"}],"inLanguage":"en-US"}]}},"_links":{"self":[{"href":"https:\/\/peleteriagabriel.com\/en\/wp-json\/wp\/v2\/product\/14915"}],"collection":[{"href":"https:\/\/peleteriagabriel.com\/en\/wp-json\/wp\/v2\/product"}],"about":[{"href":"https:\/\/peleteriagabriel.com\/en\/wp-json\/wp\/v2\/types\/product"}],"wp:featuredmedia":[{"embeddable":true,"href":"https:\/\/peleteriagabriel.com\/en\/wp-json\/wp\/v2\/media\/14875"}],"wp:attachment":[{"href":"https:\/\/peleteriagabriel.com\/en\/wp-json\/wp\/v2\/media?parent=14915"}],"wp:term":[{"taxonomy":"product_cat","embeddable":true,"href":"https:\/\/peleteriagabriel.com\/en\/wp-json\/wp\/v2\/product_cat?post=14915"},{"taxonomy":"product_tag","embeddable":true,"href":"https:\/\/peleteriagabriel.com\/en\/wp-json\/wp\/v2\/product_tag?post=14915"}],"curies":[{"name":"wp","href":"https:\/\/api.w.org\/{rel}","templated":true}]}}