{"id":12599,"date":"2023-09-23T14:28:38","date_gmt":"2023-09-23T14:28:38","guid":{"rendered":"https:\/\/peleteriagabriel.com\/?post_type=product&#038;p=12599"},"modified":"2024-11-04T09:33:25","modified_gmt":"2024-11-04T09:33:25","slug":"abrigo-vison-blanco-roto","status":"publish","type":"product","link":"https:\/\/peleteriagabriel.com\/en\/catalogo\/abrigos\/abrigo-vison-blanco-roto\/","title":{"rendered":"Abrigo vis\u00f3n blanco roto"},"content":{"rendered":"<h2>Completa tu look con un abrigo de vis\u00f3n de color blanco roto<\/h2>\n<p>Abrigo recto con estilo cl\u00e1sico masculino. Este abrigo combina detalles cl\u00e1sicos para crear una pieza contempor\u00e1nea. Tiene un corte relajado que lo hace elegante y minimalista.<\/p>\n<ul>\n<li>Abrigo vis\u00f3n<\/li>\n<li>Corte recto<\/li>\n<li>Cuello solapa<\/li>\n<li>Color blanco roto<\/li>\n<li>Forro interior estampado<\/li>\n<li>Cierres de presi\u00f3n<\/li>\n<li>Talla 36 &#8211; 38 &#8211; 40<\/li>\n<\/ul>\n","protected":false},"excerpt":{"rendered":"<h2>Completa tu look con un abrigo de vis\u00f3n de color blanco roto<\/h2>\n<p>Abrigo recto con estilo cl\u00e1sico masculino. Este abrigo combina detalles cl\u00e1sicos para crear una pieza contempor\u00e1nea. Tiene un corte relajado que lo hace elegante y minimalista.<\/p>\n<ul>\n<li>Abrigo vis\u00f3n<\/li>\n<li>Corte recto<\/li>\n<li>Cuello solapa<\/li>\n<li>Color blanco roto<\/li>\n<li>Forro interior estampado<\/li>\n<li>Cierres de presi\u00f3n<\/li>\n<li>Talla 36 &#8211; 38 &#8211; 40<\/li>\n<\/ul>\n","protected":false},"featured_media":12610,"template":"","meta":[],"product_cat":[84],"product_tag":[],"class_list":["post-12599","product","type-product","status-publish","has-post-thumbnail","hentry","product_cat-abrigos","pa_color-blanco-roto","pa_color-crema","pa_color-blanco","pa_piel-vison"],"yoast_head":"<!-- This site is optimized with the Yoast SEO plugin v23.3 - https:\/\/yoast.com\/wordpress\/plugins\/seo\/ -->\n<title>Abrigo vis\u00f3n blanco roto - Peleter\u00eda Gabriel , Zaragoza<\/title>\n<meta name=\"description\" content=\"Abrigo de vis\u00f3n en color blanco roto, corte recto, cuello solapa, cierres de presi\u00f3n y forro interior estampado. Estilo masculino.\" \/>\n<meta name=\"robots\" content=\"index, follow, max-snippet:-1, max-image-preview:large, max-video-preview:-1\" \/>\n<link rel=\"canonical\" href=\"https:\/\/peleteriagabriel.com\/catalogo\/abrigos\/abrigo-vison-blanco-roto\/\" \/>\n<meta property=\"og:locale\" content=\"en_US\" \/>\n<meta property=\"og:type\" content=\"article\" \/>\n<meta property=\"og:title\" content=\"Abrigo vis\u00f3n blanco roto - Peleter\u00eda Gabriel , Zaragoza\" \/>\n<meta property=\"og:description\" content=\"Abrigo de vis\u00f3n en color blanco roto, corte recto, cuello solapa, cierres de presi\u00f3n y forro interior estampado. Estilo masculino.\" \/>\n<meta property=\"og:url\" content=\"https:\/\/peleteriagabriel.com\/catalogo\/abrigos\/abrigo-vison-blanco-roto\/\" \/>\n<meta property=\"og:site_name\" content=\"Peleter\u00eda Gabriel\" \/>\n<meta property=\"article:publisher\" content=\"https:\/\/www.facebook.com\/peleteriagabrielzaragoza\/\" \/>\n<meta property=\"article:modified_time\" content=\"2024-11-04T09:33:25+00:00\" \/>\n<meta property=\"og:image\" content=\"https:\/\/peleteriagabriel.com\/wp-content\/uploads\/2023\/09\/150.jpg\" \/>\n\t<meta property=\"og:image:width\" content=\"800\" \/>\n\t<meta property=\"og:image:height\" content=\"1200\" \/>\n\t<meta property=\"og:image:type\" content=\"image\/jpeg\" \/>\n<meta name=\"twitter:card\" content=\"summary_large_image\" \/>\n<meta name=\"twitter:label1\" content=\"Est. reading time\" \/>\n\t<meta name=\"twitter:data1\" content=\"1 minute\" \/>\n<script type=\"application\/ld+json\" class=\"yoast-schema-graph\">{\"@context\":\"https:\/\/schema.org\",\"@graph\":[{\"@type\":[\"WebPage\",\"ItemPage\"],\"@id\":\"https:\/\/peleteriagabriel.com\/catalogo\/abrigos\/abrigo-vison-blanco-roto\/\",\"url\":\"https:\/\/peleteriagabriel.com\/catalogo\/abrigos\/abrigo-vison-blanco-roto\/\",\"name\":\"Abrigo vis\u00f3n blanco roto - Peleter\u00eda Gabriel , Zaragoza\",\"isPartOf\":{\"@id\":\"https:\/\/peleteriagabriel.com\/#website\"},\"primaryImageOfPage\":{\"@id\":\"https:\/\/peleteriagabriel.com\/catalogo\/abrigos\/abrigo-vison-blanco-roto\/#primaryimage\"},\"image\":{\"@id\":\"https:\/\/peleteriagabriel.com\/catalogo\/abrigos\/abrigo-vison-blanco-roto\/#primaryimage\"},\"thumbnailUrl\":\"https:\/\/peleteriagabriel.com\/wp-content\/uploads\/2023\/09\/150.jpg\",\"datePublished\":\"2023-09-23T14:28:38+00:00\",\"dateModified\":\"2024-11-04T09:33:25+00:00\",\"description\":\"Abrigo de vis\u00f3n en color blanco roto, corte recto, cuello solapa, cierres de presi\u00f3n y forro interior estampado. Estilo masculino.\",\"breadcrumb\":{\"@id\":\"https:\/\/peleteriagabriel.com\/catalogo\/abrigos\/abrigo-vison-blanco-roto\/#breadcrumb\"},\"inLanguage\":\"en-US\",\"potentialAction\":[{\"@type\":\"ReadAction\",\"target\":[\"https:\/\/peleteriagabriel.com\/catalogo\/abrigos\/abrigo-vison-blanco-roto\/\"]}]},{\"@type\":\"ImageObject\",\"inLanguage\":\"en-US\",\"@id\":\"https:\/\/peleteriagabriel.com\/catalogo\/abrigos\/abrigo-vison-blanco-roto\/#primaryimage\",\"url\":\"https:\/\/peleteriagabriel.com\/wp-content\/uploads\/2023\/09\/150.jpg\",\"contentUrl\":\"https:\/\/peleteriagabriel.com\/wp-content\/uploads\/2023\/09\/150.jpg\",\"width\":800,\"height\":1200},{\"@type\":\"BreadcrumbList\",\"@id\":\"https:\/\/peleteriagabriel.com\/catalogo\/abrigos\/abrigo-vison-blanco-roto\/#breadcrumb\",\"itemListElement\":[{\"@type\":\"ListItem\",\"position\":1,\"name\":\"Portada\",\"item\":\"https:\/\/peleteriagabriel.com\/en\/\"},{\"@type\":\"ListItem\",\"position\":2,\"name\":\"Cat\u00e1logo de productos\",\"item\":\"https:\/\/peleteriagabriel.com\/catalogo\/\"},{\"@type\":\"ListItem\",\"position\":3,\"name\":\"Abrigo vis\u00f3n blanco roto\"}]},{\"@type\":\"WebSite\",\"@id\":\"https:\/\/peleteriagabriel.com\/#website\",\"url\":\"https:\/\/peleteriagabriel.com\/\",\"name\":\"Peleter\u00eda Gabriel\",\"description\":\"Alta peleter\u00eda desde 1975\",\"potentialAction\":[{\"@type\":\"SearchAction\",\"target\":{\"@type\":\"EntryPoint\",\"urlTemplate\":\"https:\/\/peleteriagabriel.com\/?s={search_term_string}\"},\"query-input\":\"required name=search_term_string\"}],\"inLanguage\":\"en-US\"}]}<\/script>\n<!-- \/ Yoast SEO plugin. -->","yoast_head_json":{"title":"Abrigo vis\u00f3n blanco roto - Peleter\u00eda Gabriel , Zaragoza","description":"Abrigo de vis\u00f3n en color blanco roto, corte recto, cuello solapa, cierres de presi\u00f3n y forro interior estampado. Estilo masculino.","robots":{"index":"index","follow":"follow","max-snippet":"max-snippet:-1","max-image-preview":"max-image-preview:large","max-video-preview":"max-video-preview:-1"},"canonical":"https:\/\/peleteriagabriel.com\/catalogo\/abrigos\/abrigo-vison-blanco-roto\/","og_locale":"en_US","og_type":"article","og_title":"Abrigo vis\u00f3n blanco roto - Peleter\u00eda Gabriel , Zaragoza","og_description":"Abrigo de vis\u00f3n en color blanco roto, corte recto, cuello solapa, cierres de presi\u00f3n y forro interior estampado. Estilo masculino.","og_url":"https:\/\/peleteriagabriel.com\/catalogo\/abrigos\/abrigo-vison-blanco-roto\/","og_site_name":"Peleter\u00eda Gabriel","article_publisher":"https:\/\/www.facebook.com\/peleteriagabrielzaragoza\/","article_modified_time":"2024-11-04T09:33:25+00:00","og_image":[{"width":800,"height":1200,"url":"https:\/\/peleteriagabriel.com\/wp-content\/uploads\/2023\/09\/150.jpg","type":"image\/jpeg"}],"twitter_card":"summary_large_image","twitter_misc":{"Est. reading time":"1 minute"},"schema":{"@context":"https:\/\/schema.org","@graph":[{"@type":["WebPage","ItemPage"],"@id":"https:\/\/peleteriagabriel.com\/catalogo\/abrigos\/abrigo-vison-blanco-roto\/","url":"https:\/\/peleteriagabriel.com\/catalogo\/abrigos\/abrigo-vison-blanco-roto\/","name":"Abrigo vis\u00f3n blanco roto - Peleter\u00eda Gabriel , Zaragoza","isPartOf":{"@id":"https:\/\/peleteriagabriel.com\/#website"},"primaryImageOfPage":{"@id":"https:\/\/peleteriagabriel.com\/catalogo\/abrigos\/abrigo-vison-blanco-roto\/#primaryimage"},"image":{"@id":"https:\/\/peleteriagabriel.com\/catalogo\/abrigos\/abrigo-vison-blanco-roto\/#primaryimage"},"thumbnailUrl":"https:\/\/peleteriagabriel.com\/wp-content\/uploads\/2023\/09\/150.jpg","datePublished":"2023-09-23T14:28:38+00:00","dateModified":"2024-11-04T09:33:25+00:00","description":"Abrigo de vis\u00f3n en color blanco roto, corte recto, cuello solapa, cierres de presi\u00f3n y forro interior estampado. Estilo masculino.","breadcrumb":{"@id":"https:\/\/peleteriagabriel.com\/catalogo\/abrigos\/abrigo-vison-blanco-roto\/#breadcrumb"},"inLanguage":"en-US","potentialAction":[{"@type":"ReadAction","target":["https:\/\/peleteriagabriel.com\/catalogo\/abrigos\/abrigo-vison-blanco-roto\/"]}]},{"@type":"ImageObject","inLanguage":"en-US","@id":"https:\/\/peleteriagabriel.com\/catalogo\/abrigos\/abrigo-vison-blanco-roto\/#primaryimage","url":"https:\/\/peleteriagabriel.com\/wp-content\/uploads\/2023\/09\/150.jpg","contentUrl":"https:\/\/peleteriagabriel.com\/wp-content\/uploads\/2023\/09\/150.jpg","width":800,"height":1200},{"@type":"BreadcrumbList","@id":"https:\/\/peleteriagabriel.com\/catalogo\/abrigos\/abrigo-vison-blanco-roto\/#breadcrumb","itemListElement":[{"@type":"ListItem","position":1,"name":"Portada","item":"https:\/\/peleteriagabriel.com\/en\/"},{"@type":"ListItem","position":2,"name":"Cat\u00e1logo de productos","item":"https:\/\/peleteriagabriel.com\/catalogo\/"},{"@type":"ListItem","position":3,"name":"Abrigo vis\u00f3n blanco roto"}]},{"@type":"WebSite","@id":"https:\/\/peleteriagabriel.com\/#website","url":"https:\/\/peleteriagabriel.com\/","name":"Peleter\u00eda Gabriel","description":"Alta peleter\u00eda desde 1975","potentialAction":[{"@type":"SearchAction","target":{"@type":"EntryPoint","urlTemplate":"https:\/\/peleteriagabriel.com\/?s={search_term_string}"},"query-input":"required name=search_term_string"}],"inLanguage":"en-US"}]}},"_links":{"self":[{"href":"https:\/\/peleteriagabriel.com\/en\/wp-json\/wp\/v2\/product\/12599"}],"collection":[{"href":"https:\/\/peleteriagabriel.com\/en\/wp-json\/wp\/v2\/product"}],"about":[{"href":"https:\/\/peleteriagabriel.com\/en\/wp-json\/wp\/v2\/types\/product"}],"wp:featuredmedia":[{"embeddable":true,"href":"https:\/\/peleteriagabriel.com\/en\/wp-json\/wp\/v2\/media\/12610"}],"wp:attachment":[{"href":"https:\/\/peleteriagabriel.com\/en\/wp-json\/wp\/v2\/media?parent=12599"}],"wp:term":[{"taxonomy":"product_cat","embeddable":true,"href":"https:\/\/peleteriagabriel.com\/en\/wp-json\/wp\/v2\/product_cat?post=12599"},{"taxonomy":"product_tag","embeddable":true,"href":"https:\/\/peleteriagabriel.com\/en\/wp-json\/wp\/v2\/product_tag?post=12599"}],"curies":[{"name":"wp","href":"https:\/\/api.w.org\/{rel}","templated":true}]}}