{"id":12363,"date":"2023-09-23T14:37:12","date_gmt":"2023-09-23T14:37:12","guid":{"rendered":"https:\/\/peleteriagabriel.com\/?post_type=product&#038;p=12363"},"modified":"2025-10-09T16:37:03","modified_gmt":"2025-10-09T16:37:03","slug":"abrigo-corto-en-cuero-azul-electrico","status":"publish","type":"product","link":"https:\/\/peleteriagabriel.com\/en\/catalogo\/abrigos\/abrigo-corto-en-cuero-azul-electrico\/","title":{"rendered":"Abrigo corto en cuero azul el\u00e9ctrico"},"content":{"rendered":"<h2>Completa tu look con un abrigo corto de cuero en azul el\u00e9ctrico.<\/h2>\n<div id=\"ProductAccordion-description-template--19396584407386__main\" class=\"accordion__content rte\">Abrigo corto oversize con estilo cl\u00e1sico. Combina detalles cl\u00e1sicos como su cuello caja para crear una pieza contempor\u00e1nea. Tiene un corte relajado que lo hace practico. Certificado seg\u00fan los est\u00e1ndares Audited Against LWG<\/div>\n<ul>\n<li>Abrigo de cuero<\/li>\n<li>Corte oversize<\/li>\n<li>Cuello caja<\/li>\n<li>Color azul el\u00e9ctrico<\/li>\n<li>Manga larga<\/li>\n<li>Forro interior estampado<\/li>\n<li>Talla 36 &#8211; 38 &#8211; 40<\/li>\n<\/ul>\n","protected":false},"excerpt":{"rendered":"<h2>Completa tu look con un abrigo corto de cuero en azul el\u00e9ctrico.<\/h2>\n<div id=\"ProductAccordion-description-template--19396584407386__main\" class=\"accordion__content rte\">Abrigo corto oversize con estilo cl\u00e1sico. Combina detalles cl\u00e1sicos como su cuello caja para crear una pieza contempor\u00e1nea. Tiene un corte relajado que lo hace practico. Certificado seg\u00fan los est\u00e1ndares Audited Against LWG<\/div>\n<ul>\n<li>Abrigo de cuero<\/li>\n<li>Corte oversize<\/li>\n<li>Cuello caja<\/li>\n<li>Color azul el\u00e9ctrico<\/li>\n<li>Manga larga<\/li>\n<li>Forro interior estampado<\/li>\n<li>Talla 36 &#8211; 38 &#8211; 40<\/li>\n<\/ul>\n","protected":false},"featured_media":12364,"template":"","meta":[],"product_cat":[84],"product_tag":[],"class_list":["post-12363","product","type-product","status-publish","has-post-thumbnail","hentry","product_cat-abrigos","pa_color-azul","pa_piel-cuero"],"yoast_head":"<!-- This site is optimized with the Yoast SEO plugin v23.3 - https:\/\/yoast.com\/wordpress\/plugins\/seo\/ -->\n<title>Abrigo corto en cuero azul el\u00e9ctrico - Peleter\u00eda Gabriel<\/title>\n<meta name=\"description\" content=\"Abrigo corto de corte oversize con cuello caja en cuero azul el\u00e9ctrico. Estilo cl\u00e1sico y minimalista con forro interior estampado.\" \/>\n<meta name=\"robots\" content=\"index, follow, max-snippet:-1, max-image-preview:large, max-video-preview:-1\" \/>\n<link rel=\"canonical\" href=\"https:\/\/peleteriagabriel.com\/catalogo\/abrigos\/abrigo-corto-en-cuero-azul-electrico\/\" \/>\n<meta property=\"og:locale\" content=\"en_US\" \/>\n<meta property=\"og:type\" content=\"article\" \/>\n<meta property=\"og:title\" content=\"Abrigo corto en cuero azul el\u00e9ctrico - Peleter\u00eda Gabriel\" \/>\n<meta property=\"og:description\" content=\"Abrigo corto de corte oversize con cuello caja en cuero azul el\u00e9ctrico. Estilo cl\u00e1sico y minimalista con forro interior estampado.\" \/>\n<meta property=\"og:url\" content=\"https:\/\/peleteriagabriel.com\/catalogo\/abrigos\/abrigo-corto-en-cuero-azul-electrico\/\" \/>\n<meta property=\"og:site_name\" content=\"Peleter\u00eda Gabriel\" \/>\n<meta property=\"article:publisher\" content=\"https:\/\/www.facebook.com\/peleteriagabrielzaragoza\/\" \/>\n<meta property=\"article:modified_time\" content=\"2025-10-09T16:37:03+00:00\" \/>\n<meta property=\"og:image\" content=\"https:\/\/peleteriagabriel.com\/wp-content\/uploads\/2023\/09\/258.jpg\" \/>\n\t<meta property=\"og:image:width\" content=\"800\" \/>\n\t<meta property=\"og:image:height\" content=\"1200\" \/>\n\t<meta property=\"og:image:type\" content=\"image\/jpeg\" \/>\n<meta name=\"twitter:card\" content=\"summary_large_image\" \/>\n<meta name=\"twitter:label1\" content=\"Est. reading time\" \/>\n\t<meta name=\"twitter:data1\" content=\"1 minute\" \/>\n<script type=\"application\/ld+json\" class=\"yoast-schema-graph\">{\"@context\":\"https:\/\/schema.org\",\"@graph\":[{\"@type\":[\"WebPage\",\"ItemPage\"],\"@id\":\"https:\/\/peleteriagabriel.com\/catalogo\/abrigos\/abrigo-corto-en-cuero-azul-electrico\/\",\"url\":\"https:\/\/peleteriagabriel.com\/catalogo\/abrigos\/abrigo-corto-en-cuero-azul-electrico\/\",\"name\":\"Abrigo corto en cuero azul el\u00e9ctrico - Peleter\u00eda Gabriel\",\"isPartOf\":{\"@id\":\"https:\/\/peleteriagabriel.com\/#website\"},\"primaryImageOfPage\":{\"@id\":\"https:\/\/peleteriagabriel.com\/catalogo\/abrigos\/abrigo-corto-en-cuero-azul-electrico\/#primaryimage\"},\"image\":{\"@id\":\"https:\/\/peleteriagabriel.com\/catalogo\/abrigos\/abrigo-corto-en-cuero-azul-electrico\/#primaryimage\"},\"thumbnailUrl\":\"https:\/\/peleteriagabriel.com\/wp-content\/uploads\/2023\/09\/258.jpg\",\"datePublished\":\"2023-09-23T14:37:12+00:00\",\"dateModified\":\"2025-10-09T16:37:03+00:00\",\"description\":\"Abrigo corto de corte oversize con cuello caja en cuero azul el\u00e9ctrico. Estilo cl\u00e1sico y minimalista con forro interior estampado.\",\"breadcrumb\":{\"@id\":\"https:\/\/peleteriagabriel.com\/catalogo\/abrigos\/abrigo-corto-en-cuero-azul-electrico\/#breadcrumb\"},\"inLanguage\":\"en-US\",\"potentialAction\":[{\"@type\":\"ReadAction\",\"target\":[\"https:\/\/peleteriagabriel.com\/catalogo\/abrigos\/abrigo-corto-en-cuero-azul-electrico\/\"]}]},{\"@type\":\"ImageObject\",\"inLanguage\":\"en-US\",\"@id\":\"https:\/\/peleteriagabriel.com\/catalogo\/abrigos\/abrigo-corto-en-cuero-azul-electrico\/#primaryimage\",\"url\":\"https:\/\/peleteriagabriel.com\/wp-content\/uploads\/2023\/09\/258.jpg\",\"contentUrl\":\"https:\/\/peleteriagabriel.com\/wp-content\/uploads\/2023\/09\/258.jpg\",\"width\":800,\"height\":1200},{\"@type\":\"BreadcrumbList\",\"@id\":\"https:\/\/peleteriagabriel.com\/catalogo\/abrigos\/abrigo-corto-en-cuero-azul-electrico\/#breadcrumb\",\"itemListElement\":[{\"@type\":\"ListItem\",\"position\":1,\"name\":\"Portada\",\"item\":\"https:\/\/peleteriagabriel.com\/en\/\"},{\"@type\":\"ListItem\",\"position\":2,\"name\":\"Cat\u00e1logo de productos\",\"item\":\"https:\/\/peleteriagabriel.com\/catalogo\/\"},{\"@type\":\"ListItem\",\"position\":3,\"name\":\"Abrigo corto en cuero azul el\u00e9ctrico\"}]},{\"@type\":\"WebSite\",\"@id\":\"https:\/\/peleteriagabriel.com\/#website\",\"url\":\"https:\/\/peleteriagabriel.com\/\",\"name\":\"Peleter\u00eda Gabriel\",\"description\":\"Alta peleter\u00eda desde 1975\",\"potentialAction\":[{\"@type\":\"SearchAction\",\"target\":{\"@type\":\"EntryPoint\",\"urlTemplate\":\"https:\/\/peleteriagabriel.com\/?s={search_term_string}\"},\"query-input\":\"required name=search_term_string\"}],\"inLanguage\":\"en-US\"}]}<\/script>\n<!-- \/ Yoast SEO plugin. -->","yoast_head_json":{"title":"Abrigo corto en cuero azul el\u00e9ctrico - Peleter\u00eda Gabriel","description":"Abrigo corto de corte oversize con cuello caja en cuero azul el\u00e9ctrico. Estilo cl\u00e1sico y minimalista con forro interior estampado.","robots":{"index":"index","follow":"follow","max-snippet":"max-snippet:-1","max-image-preview":"max-image-preview:large","max-video-preview":"max-video-preview:-1"},"canonical":"https:\/\/peleteriagabriel.com\/catalogo\/abrigos\/abrigo-corto-en-cuero-azul-electrico\/","og_locale":"en_US","og_type":"article","og_title":"Abrigo corto en cuero azul el\u00e9ctrico - Peleter\u00eda Gabriel","og_description":"Abrigo corto de corte oversize con cuello caja en cuero azul el\u00e9ctrico. Estilo cl\u00e1sico y minimalista con forro interior estampado.","og_url":"https:\/\/peleteriagabriel.com\/catalogo\/abrigos\/abrigo-corto-en-cuero-azul-electrico\/","og_site_name":"Peleter\u00eda Gabriel","article_publisher":"https:\/\/www.facebook.com\/peleteriagabrielzaragoza\/","article_modified_time":"2025-10-09T16:37:03+00:00","og_image":[{"width":800,"height":1200,"url":"https:\/\/peleteriagabriel.com\/wp-content\/uploads\/2023\/09\/258.jpg","type":"image\/jpeg"}],"twitter_card":"summary_large_image","twitter_misc":{"Est. reading time":"1 minute"},"schema":{"@context":"https:\/\/schema.org","@graph":[{"@type":["WebPage","ItemPage"],"@id":"https:\/\/peleteriagabriel.com\/catalogo\/abrigos\/abrigo-corto-en-cuero-azul-electrico\/","url":"https:\/\/peleteriagabriel.com\/catalogo\/abrigos\/abrigo-corto-en-cuero-azul-electrico\/","name":"Abrigo corto en cuero azul el\u00e9ctrico - Peleter\u00eda Gabriel","isPartOf":{"@id":"https:\/\/peleteriagabriel.com\/#website"},"primaryImageOfPage":{"@id":"https:\/\/peleteriagabriel.com\/catalogo\/abrigos\/abrigo-corto-en-cuero-azul-electrico\/#primaryimage"},"image":{"@id":"https:\/\/peleteriagabriel.com\/catalogo\/abrigos\/abrigo-corto-en-cuero-azul-electrico\/#primaryimage"},"thumbnailUrl":"https:\/\/peleteriagabriel.com\/wp-content\/uploads\/2023\/09\/258.jpg","datePublished":"2023-09-23T14:37:12+00:00","dateModified":"2025-10-09T16:37:03+00:00","description":"Abrigo corto de corte oversize con cuello caja en cuero azul el\u00e9ctrico. Estilo cl\u00e1sico y minimalista con forro interior estampado.","breadcrumb":{"@id":"https:\/\/peleteriagabriel.com\/catalogo\/abrigos\/abrigo-corto-en-cuero-azul-electrico\/#breadcrumb"},"inLanguage":"en-US","potentialAction":[{"@type":"ReadAction","target":["https:\/\/peleteriagabriel.com\/catalogo\/abrigos\/abrigo-corto-en-cuero-azul-electrico\/"]}]},{"@type":"ImageObject","inLanguage":"en-US","@id":"https:\/\/peleteriagabriel.com\/catalogo\/abrigos\/abrigo-corto-en-cuero-azul-electrico\/#primaryimage","url":"https:\/\/peleteriagabriel.com\/wp-content\/uploads\/2023\/09\/258.jpg","contentUrl":"https:\/\/peleteriagabriel.com\/wp-content\/uploads\/2023\/09\/258.jpg","width":800,"height":1200},{"@type":"BreadcrumbList","@id":"https:\/\/peleteriagabriel.com\/catalogo\/abrigos\/abrigo-corto-en-cuero-azul-electrico\/#breadcrumb","itemListElement":[{"@type":"ListItem","position":1,"name":"Portada","item":"https:\/\/peleteriagabriel.com\/en\/"},{"@type":"ListItem","position":2,"name":"Cat\u00e1logo de productos","item":"https:\/\/peleteriagabriel.com\/catalogo\/"},{"@type":"ListItem","position":3,"name":"Abrigo corto en cuero azul el\u00e9ctrico"}]},{"@type":"WebSite","@id":"https:\/\/peleteriagabriel.com\/#website","url":"https:\/\/peleteriagabriel.com\/","name":"Peleter\u00eda Gabriel","description":"Alta peleter\u00eda desde 1975","potentialAction":[{"@type":"SearchAction","target":{"@type":"EntryPoint","urlTemplate":"https:\/\/peleteriagabriel.com\/?s={search_term_string}"},"query-input":"required name=search_term_string"}],"inLanguage":"en-US"}]}},"_links":{"self":[{"href":"https:\/\/peleteriagabriel.com\/en\/wp-json\/wp\/v2\/product\/12363"}],"collection":[{"href":"https:\/\/peleteriagabriel.com\/en\/wp-json\/wp\/v2\/product"}],"about":[{"href":"https:\/\/peleteriagabriel.com\/en\/wp-json\/wp\/v2\/types\/product"}],"wp:featuredmedia":[{"embeddable":true,"href":"https:\/\/peleteriagabriel.com\/en\/wp-json\/wp\/v2\/media\/12364"}],"wp:attachment":[{"href":"https:\/\/peleteriagabriel.com\/en\/wp-json\/wp\/v2\/media?parent=12363"}],"wp:term":[{"taxonomy":"product_cat","embeddable":true,"href":"https:\/\/peleteriagabriel.com\/en\/wp-json\/wp\/v2\/product_cat?post=12363"},{"taxonomy":"product_tag","embeddable":true,"href":"https:\/\/peleteriagabriel.com\/en\/wp-json\/wp\/v2\/product_tag?post=12363"}],"curies":[{"name":"wp","href":"https:\/\/api.w.org\/{rel}","templated":true}]}}