{"id":12352,"date":"2023-09-23T14:37:22","date_gmt":"2023-09-23T14:37:22","guid":{"rendered":"https:\/\/peleteriagabriel.com\/?post_type=product&#038;p=12352"},"modified":"2025-10-09T16:36:51","modified_gmt":"2025-10-09T16:36:51","slug":"abrigo-largo-de-cuero-azul-electrico","status":"publish","type":"product","link":"https:\/\/peleteriagabriel.com\/en\/catalogo\/abrigos\/abrigo-largo-de-cuero-azul-electrico\/","title":{"rendered":"Abrigo largo de cuero azul electrico"},"content":{"rendered":"<h2>Completa tu look con un abrigo de cuero en azul el\u00e9ctrico.<\/h2>\n<div id=\"ProductAccordion-description-template--19396584407386__main\" class=\"accordion__content rte\">Abrigo oversize con estilo cl\u00e1sico trench. Este abrigo combina detalles cl\u00e1sicos para crear una pieza contempor\u00e1nea. Tiene un corte relajado que lo hace elegante. Certificado seg\u00fan los est\u00e1ndares Audited Against LWG<\/div>\n<ul>\n<li>Abrigo de cuero<\/li>\n<li>Corte oversize<\/li>\n<li>Cuello camisero<\/li>\n<li>Color azul electrico<\/li>\n<li>Manga larga<\/li>\n<li>Forro interior estampado<\/li>\n<li>Talla 36 &#8211; 38 &#8211; 40<\/li>\n<\/ul>\n","protected":false},"excerpt":{"rendered":"<h2>Completa tu look con un abrigo de cuero en azul el\u00e9ctrico.<\/h2>\n<div id=\"ProductAccordion-description-template--19396584407386__main\" class=\"accordion__content rte\">Abrigo oversize con estilo cl\u00e1sico trench. Este abrigo combina detalles cl\u00e1sicos para crear una pieza contempor\u00e1nea. Tiene un corte relajado que lo hace elegante. Certificado seg\u00fan los est\u00e1ndares Audited Against LWG<\/div>\n<ul>\n<li>Abrigo de cuero<\/li>\n<li>Corte oversize<\/li>\n<li>Cuello camisero<\/li>\n<li>Color azul electrico<\/li>\n<li>Manga larga<\/li>\n<li>Forro interior estampado<\/li>\n<li>Talla 36 &#8211; 38 &#8211; 40<\/li>\n<\/ul>\n","protected":false},"featured_media":12357,"template":"","meta":[],"product_cat":[84],"product_tag":[],"class_list":["post-12352","product","type-product","status-publish","has-post-thumbnail","hentry","product_cat-abrigos","pa_color-azul","pa_piel-cuero"],"yoast_head":"<!-- This site is optimized with the Yoast SEO plugin v23.3 - https:\/\/yoast.com\/wordpress\/plugins\/seo\/ -->\n<title>Abrigo largo de cuero azul electrico - Peleter\u00eda Gabriel<\/title>\n<meta name=\"description\" content=\"Abrigo de cuero en color azul el\u00e9ctrico, corte oversize con estilo cl\u00e1sico trench. Cuello camisero, manga larga y forro interior estampado.\" \/>\n<meta name=\"robots\" content=\"index, follow, max-snippet:-1, max-image-preview:large, max-video-preview:-1\" \/>\n<link rel=\"canonical\" href=\"https:\/\/peleteriagabriel.com\/catalogo\/abrigos\/abrigo-largo-de-cuero-azul-electrico\/\" \/>\n<meta property=\"og:locale\" content=\"en_US\" \/>\n<meta property=\"og:type\" content=\"article\" \/>\n<meta property=\"og:title\" content=\"Abrigo largo de cuero azul electrico - Peleter\u00eda Gabriel\" \/>\n<meta property=\"og:description\" content=\"Abrigo de cuero en color azul el\u00e9ctrico, corte oversize con estilo cl\u00e1sico trench. Cuello camisero, manga larga y forro interior estampado.\" \/>\n<meta property=\"og:url\" content=\"https:\/\/peleteriagabriel.com\/catalogo\/abrigos\/abrigo-largo-de-cuero-azul-electrico\/\" \/>\n<meta property=\"og:site_name\" content=\"Peleter\u00eda Gabriel\" \/>\n<meta property=\"article:publisher\" content=\"https:\/\/www.facebook.com\/peleteriagabrielzaragoza\/\" \/>\n<meta property=\"article:modified_time\" content=\"2025-10-09T16:36:51+00:00\" \/>\n<meta property=\"og:image\" content=\"https:\/\/peleteriagabriel.com\/wp-content\/uploads\/2023\/09\/247.jpg\" \/>\n\t<meta property=\"og:image:width\" content=\"800\" \/>\n\t<meta property=\"og:image:height\" content=\"1200\" \/>\n\t<meta property=\"og:image:type\" content=\"image\/jpeg\" \/>\n<meta name=\"twitter:card\" content=\"summary_large_image\" \/>\n<meta name=\"twitter:label1\" content=\"Est. reading time\" \/>\n\t<meta name=\"twitter:data1\" content=\"1 minute\" \/>\n<script type=\"application\/ld+json\" class=\"yoast-schema-graph\">{\"@context\":\"https:\/\/schema.org\",\"@graph\":[{\"@type\":[\"WebPage\",\"ItemPage\"],\"@id\":\"https:\/\/peleteriagabriel.com\/catalogo\/abrigos\/abrigo-largo-de-cuero-azul-electrico\/\",\"url\":\"https:\/\/peleteriagabriel.com\/catalogo\/abrigos\/abrigo-largo-de-cuero-azul-electrico\/\",\"name\":\"Abrigo largo de cuero azul electrico - Peleter\u00eda Gabriel\",\"isPartOf\":{\"@id\":\"https:\/\/peleteriagabriel.com\/#website\"},\"primaryImageOfPage\":{\"@id\":\"https:\/\/peleteriagabriel.com\/catalogo\/abrigos\/abrigo-largo-de-cuero-azul-electrico\/#primaryimage\"},\"image\":{\"@id\":\"https:\/\/peleteriagabriel.com\/catalogo\/abrigos\/abrigo-largo-de-cuero-azul-electrico\/#primaryimage\"},\"thumbnailUrl\":\"https:\/\/peleteriagabriel.com\/wp-content\/uploads\/2023\/09\/247.jpg\",\"datePublished\":\"2023-09-23T14:37:22+00:00\",\"dateModified\":\"2025-10-09T16:36:51+00:00\",\"description\":\"Abrigo de cuero en color azul el\u00e9ctrico, corte oversize con estilo cl\u00e1sico trench. Cuello camisero, manga larga y forro interior estampado.\",\"breadcrumb\":{\"@id\":\"https:\/\/peleteriagabriel.com\/catalogo\/abrigos\/abrigo-largo-de-cuero-azul-electrico\/#breadcrumb\"},\"inLanguage\":\"en-US\",\"potentialAction\":[{\"@type\":\"ReadAction\",\"target\":[\"https:\/\/peleteriagabriel.com\/catalogo\/abrigos\/abrigo-largo-de-cuero-azul-electrico\/\"]}]},{\"@type\":\"ImageObject\",\"inLanguage\":\"en-US\",\"@id\":\"https:\/\/peleteriagabriel.com\/catalogo\/abrigos\/abrigo-largo-de-cuero-azul-electrico\/#primaryimage\",\"url\":\"https:\/\/peleteriagabriel.com\/wp-content\/uploads\/2023\/09\/247.jpg\",\"contentUrl\":\"https:\/\/peleteriagabriel.com\/wp-content\/uploads\/2023\/09\/247.jpg\",\"width\":800,\"height\":1200},{\"@type\":\"BreadcrumbList\",\"@id\":\"https:\/\/peleteriagabriel.com\/catalogo\/abrigos\/abrigo-largo-de-cuero-azul-electrico\/#breadcrumb\",\"itemListElement\":[{\"@type\":\"ListItem\",\"position\":1,\"name\":\"Portada\",\"item\":\"https:\/\/peleteriagabriel.com\/en\/\"},{\"@type\":\"ListItem\",\"position\":2,\"name\":\"Cat\u00e1logo de productos\",\"item\":\"https:\/\/peleteriagabriel.com\/catalogo\/\"},{\"@type\":\"ListItem\",\"position\":3,\"name\":\"Abrigo largo de cuero azul electrico\"}]},{\"@type\":\"WebSite\",\"@id\":\"https:\/\/peleteriagabriel.com\/#website\",\"url\":\"https:\/\/peleteriagabriel.com\/\",\"name\":\"Peleter\u00eda Gabriel\",\"description\":\"Alta peleter\u00eda desde 1975\",\"potentialAction\":[{\"@type\":\"SearchAction\",\"target\":{\"@type\":\"EntryPoint\",\"urlTemplate\":\"https:\/\/peleteriagabriel.com\/?s={search_term_string}\"},\"query-input\":\"required name=search_term_string\"}],\"inLanguage\":\"en-US\"}]}<\/script>\n<!-- \/ Yoast SEO plugin. -->","yoast_head_json":{"title":"Abrigo largo de cuero azul electrico - Peleter\u00eda Gabriel","description":"Abrigo de cuero en color azul el\u00e9ctrico, corte oversize con estilo cl\u00e1sico trench. Cuello camisero, manga larga y forro interior estampado.","robots":{"index":"index","follow":"follow","max-snippet":"max-snippet:-1","max-image-preview":"max-image-preview:large","max-video-preview":"max-video-preview:-1"},"canonical":"https:\/\/peleteriagabriel.com\/catalogo\/abrigos\/abrigo-largo-de-cuero-azul-electrico\/","og_locale":"en_US","og_type":"article","og_title":"Abrigo largo de cuero azul electrico - Peleter\u00eda Gabriel","og_description":"Abrigo de cuero en color azul el\u00e9ctrico, corte oversize con estilo cl\u00e1sico trench. Cuello camisero, manga larga y forro interior estampado.","og_url":"https:\/\/peleteriagabriel.com\/catalogo\/abrigos\/abrigo-largo-de-cuero-azul-electrico\/","og_site_name":"Peleter\u00eda Gabriel","article_publisher":"https:\/\/www.facebook.com\/peleteriagabrielzaragoza\/","article_modified_time":"2025-10-09T16:36:51+00:00","og_image":[{"width":800,"height":1200,"url":"https:\/\/peleteriagabriel.com\/wp-content\/uploads\/2023\/09\/247.jpg","type":"image\/jpeg"}],"twitter_card":"summary_large_image","twitter_misc":{"Est. reading time":"1 minute"},"schema":{"@context":"https:\/\/schema.org","@graph":[{"@type":["WebPage","ItemPage"],"@id":"https:\/\/peleteriagabriel.com\/catalogo\/abrigos\/abrigo-largo-de-cuero-azul-electrico\/","url":"https:\/\/peleteriagabriel.com\/catalogo\/abrigos\/abrigo-largo-de-cuero-azul-electrico\/","name":"Abrigo largo de cuero azul electrico - Peleter\u00eda Gabriel","isPartOf":{"@id":"https:\/\/peleteriagabriel.com\/#website"},"primaryImageOfPage":{"@id":"https:\/\/peleteriagabriel.com\/catalogo\/abrigos\/abrigo-largo-de-cuero-azul-electrico\/#primaryimage"},"image":{"@id":"https:\/\/peleteriagabriel.com\/catalogo\/abrigos\/abrigo-largo-de-cuero-azul-electrico\/#primaryimage"},"thumbnailUrl":"https:\/\/peleteriagabriel.com\/wp-content\/uploads\/2023\/09\/247.jpg","datePublished":"2023-09-23T14:37:22+00:00","dateModified":"2025-10-09T16:36:51+00:00","description":"Abrigo de cuero en color azul el\u00e9ctrico, corte oversize con estilo cl\u00e1sico trench. Cuello camisero, manga larga y forro interior estampado.","breadcrumb":{"@id":"https:\/\/peleteriagabriel.com\/catalogo\/abrigos\/abrigo-largo-de-cuero-azul-electrico\/#breadcrumb"},"inLanguage":"en-US","potentialAction":[{"@type":"ReadAction","target":["https:\/\/peleteriagabriel.com\/catalogo\/abrigos\/abrigo-largo-de-cuero-azul-electrico\/"]}]},{"@type":"ImageObject","inLanguage":"en-US","@id":"https:\/\/peleteriagabriel.com\/catalogo\/abrigos\/abrigo-largo-de-cuero-azul-electrico\/#primaryimage","url":"https:\/\/peleteriagabriel.com\/wp-content\/uploads\/2023\/09\/247.jpg","contentUrl":"https:\/\/peleteriagabriel.com\/wp-content\/uploads\/2023\/09\/247.jpg","width":800,"height":1200},{"@type":"BreadcrumbList","@id":"https:\/\/peleteriagabriel.com\/catalogo\/abrigos\/abrigo-largo-de-cuero-azul-electrico\/#breadcrumb","itemListElement":[{"@type":"ListItem","position":1,"name":"Portada","item":"https:\/\/peleteriagabriel.com\/en\/"},{"@type":"ListItem","position":2,"name":"Cat\u00e1logo de productos","item":"https:\/\/peleteriagabriel.com\/catalogo\/"},{"@type":"ListItem","position":3,"name":"Abrigo largo de cuero azul electrico"}]},{"@type":"WebSite","@id":"https:\/\/peleteriagabriel.com\/#website","url":"https:\/\/peleteriagabriel.com\/","name":"Peleter\u00eda Gabriel","description":"Alta peleter\u00eda desde 1975","potentialAction":[{"@type":"SearchAction","target":{"@type":"EntryPoint","urlTemplate":"https:\/\/peleteriagabriel.com\/?s={search_term_string}"},"query-input":"required name=search_term_string"}],"inLanguage":"en-US"}]}},"_links":{"self":[{"href":"https:\/\/peleteriagabriel.com\/en\/wp-json\/wp\/v2\/product\/12352"}],"collection":[{"href":"https:\/\/peleteriagabriel.com\/en\/wp-json\/wp\/v2\/product"}],"about":[{"href":"https:\/\/peleteriagabriel.com\/en\/wp-json\/wp\/v2\/types\/product"}],"wp:featuredmedia":[{"embeddable":true,"href":"https:\/\/peleteriagabriel.com\/en\/wp-json\/wp\/v2\/media\/12357"}],"wp:attachment":[{"href":"https:\/\/peleteriagabriel.com\/en\/wp-json\/wp\/v2\/media?parent=12352"}],"wp:term":[{"taxonomy":"product_cat","embeddable":true,"href":"https:\/\/peleteriagabriel.com\/en\/wp-json\/wp\/v2\/product_cat?post=12352"},{"taxonomy":"product_tag","embeddable":true,"href":"https:\/\/peleteriagabriel.com\/en\/wp-json\/wp\/v2\/product_tag?post=12352"}],"curies":[{"name":"wp","href":"https:\/\/api.w.org\/{rel}","templated":true}]}}