{"id":12093,"date":"2015-11-25T21:23:23","date_gmt":"2015-11-25T21:23:23","guid":{"rendered":"https:\/\/peleteriagabriel.com\/contacto\/"},"modified":"2023-09-19T08:20:14","modified_gmt":"2023-09-19T08:20:14","slug":"contacto","status":"publish","type":"page","link":"https:\/\/peleteriagabriel.com\/en\/contacto\/","title":{"rendered":"CONTACT"},"content":{"rendered":"<p><div class=\"fusion-fullwidth fullwidth-box fusion-builder-row-1 nonhundred-percent-fullwidth non-hundred-percent-height-scrolling\" style=\"background-color: #ffffff;background-position: left top;background-repeat: no-repeat;padding-top:60px;padding-right:0px;padding-bottom:125px;padding-left:0px;margin-bottom: 0px;margin-top: 0px;border-width: 0px 0px 0px 0px;border-color:#ffffff;border-style:solid;\" ><div class=\"fusion-builder-row fusion-row\"><div class=\"fusion-layout-column fusion_builder_column fusion-builder-column-0 fusion_builder_column_1_6 1_6 fusion-one-sixth fusion-column-first\" style=\"width:13.3333%; margin-right: 4%;margin-top:0px;margin-bottom:20px;\"><div class=\"fusion-column-wrapper fusion-flex-column-wrapper-legacy\" style=\"background-position:left top;background-repeat:no-repeat;-webkit-background-size:cover;-moz-background-size:cover;-o-background-size:cover;background-size:cover;padding: 0px 0px 0px 0px;\"><div class=\"fusion-clearfix\"><\/div><\/div><\/div><div class=\"fusion-layout-column fusion_builder_column fusion-builder-column-1 fusion_builder_column_2_3 2_3 fusion-two-third\" style=\"width:65.3333%; margin-right: 4%;margin-top:0px;margin-bottom:20px;\"><div class=\"fusion-column-wrapper fusion-flex-column-wrapper-legacy\" style=\"background-position:left top;background-repeat:no-repeat;-webkit-background-size:cover;-moz-background-size:cover;-o-background-size:cover;background-size:cover;padding: 0px 0px 0px 0px;\"><div class=\"fusion-text fusion-text-1\"><h1 style=\"text-align: center;\">Contact us<\/h1>\n<\/div><div class=\"fusion-text fusion-text-2\"><h4 style=\"text-align: center; font-size: 26px; line-height: 1.69; font-family: Montserrat, Arial, Helvetica, sans-serif; color: #333333; font-weight: 400; letter-spacing: 1px;\">To place your order, or request information, write to us:<\/h4>\n<\/div>\n<div class=\"wpcf7 no-js\" id=\"wpcf7-f12096-o1\" lang=\"en-US\" dir=\"ltr\">\n<div class=\"screen-reader-response\"><p role=\"status\" aria-live=\"polite\" aria-atomic=\"true\"><\/p> <ul><\/ul><\/div>\n<form action=\"\/en\/wp-json\/wp\/v2\/pages\/12093#wpcf7-f12096-o1\" method=\"post\" class=\"wpcf7-form init wpcf7-acceptance-as-validation\" aria-label=\"Contact form\" novalidate=\"novalidate\" data-status=\"init\">\n<div style=\"display: none;\">\n<input type=\"hidden\" name=\"_wpcf7\" value=\"12096\" \/>\n<input type=\"hidden\" name=\"_wpcf7_version\" value=\"5.9.8\" \/>\n<input type=\"hidden\" name=\"_wpcf7_locale\" value=\"en_US\" \/>\n<input type=\"hidden\" name=\"_wpcf7_unit_tag\" value=\"wpcf7-f12096-o1\" \/>\n<input type=\"hidden\" name=\"_wpcf7_container_post\" value=\"0\" \/>\n<input type=\"hidden\" name=\"_wpcf7_posted_data_hash\" value=\"\" \/>\n<input type=\"hidden\" name=\"_wpcf7_recaptcha_response\" value=\"\" \/>\n<\/div>\n<div class=\"fusion-one-third fusion-layout-column fusion-spacing-yes\">\n\t<p><span class=\"wpcf7-form-control-wrap\" data-name=\"your-name\"><input size=\"40\" maxlength=\"400\" class=\"wpcf7-form-control wpcf7-text wpcf7-validates-as-required\" aria-required=\"true\" aria-invalid=\"false\" placeholder=\"NAME\" value=\"\" type=\"text\" name=\"your-name\" \/><\/span>\n\t<\/p>\n<\/div>\n<div class=\"fusion-one-third fusion-layout-column fusion-spacing-yes\">\n\t<p><span class=\"wpcf7-form-control-wrap\" data-name=\"your-email\"><input size=\"40\" maxlength=\"400\" class=\"wpcf7-form-control wpcf7-email wpcf7-validates-as-required wpcf7-text wpcf7-validates-as-email\" aria-required=\"true\" aria-invalid=\"false\" placeholder=\"EMAIL\" value=\"\" type=\"email\" name=\"your-email\" \/><\/span>\n\t<\/p>\n<\/div>\n<div class=\"fusion-one-third fusion-layout-column fusion-column-last fusion-spacing-yes\">\n\t<p><span class=\"wpcf7-form-control-wrap\" data-name=\"your-name\"><input size=\"40\" maxlength=\"400\" class=\"wpcf7-form-control wpcf7-text wpcf7-validates-as-required\" aria-required=\"true\" aria-invalid=\"false\" placeholder=\"SUBJECT\" value=\"\" type=\"text\" name=\"your-name\" \/><\/span>\n\t<\/p>\n<\/div>\n<p><span class=\"wpcf7-form-control-wrap\" data-name=\"your-message\"><textarea cols=\"40\" rows=\"10\" maxlength=\"2000\" class=\"wpcf7-form-control wpcf7-textarea\" aria-invalid=\"false\" placeholder=\"MESSAGE\" name=\"your-message\"><\/textarea><\/span>\n<\/p>\n<p style=\"text-align:center;\"><span class=\"wpcf7-form-control-wrap\" data-name=\"acceptance-675\"><span class=\"wpcf7-form-control wpcf7-acceptance\"><span class=\"wpcf7-list-item\"><input type=\"checkbox\" name=\"acceptance-675\" value=\"1\" aria-invalid=\"false\" \/><\/span><\/span><\/span> I have read and accept the <a href=\"https:\/\/peleteriagabriel.com\/politica-de-privacidad\/\">Privacy Policy<\/a> and I consent to the processing of my personal data\n<\/p>\n<p style=\"text-align:center;\"><input class=\"wpcf7-form-control wpcf7-submit has-spinner\" type=\"submit\" value=\"SEND\" \/>\n<\/p><div class=\"fusion-alert alert custom alert-custom fusion-alert-center wpcf7-response-output fusion-alert-capitalize alert-dismissable\" style=\"border-width:1px;\"><button type=\"button\" class=\"close toggle-alert\" data-dismiss=\"alert\" aria-label=\"Close\">&times;<\/button><div class=\"fusion-alert-content-wrapper\"><span class=\"fusion-alert-content\"><\/span><\/div><\/div>\n<\/form>\n<\/div>\n<div class=\"fusion-clearfix\"><\/div><\/div><\/div><div class=\"fusion-layout-column fusion_builder_column fusion-builder-column-2 fusion_builder_column_1_6 1_6 fusion-one-sixth fusion-column-last\" style=\"width:13.3333%;margin-top:0px;margin-bottom:20px;\"><div class=\"fusion-column-wrapper fusion-flex-column-wrapper-legacy\" style=\"background-position:left top;background-repeat:no-repeat;-webkit-background-size:cover;-moz-background-size:cover;-o-background-size:cover;background-size:cover;padding: 0px 0px 0px 0px;\"><div class=\"fusion-clearfix\"><\/div><\/div><\/div><\/div><\/div><div class=\"fusion-fullwidth fullwidth-box fusion-builder-row-2 hundred-percent-fullwidth non-hundred-percent-height-scrolling fusion-equal-height-columns\" style=\"background-color: #ffffff;background-position: left top;background-repeat: no-repeat;padding-top:0px;padding-right:0px;padding-bottom:0px;padding-left:0px;margin-bottom: 0px;margin-top: 0px;border-width: 0px 0px 0px 0px;border-color:#ffffff;border-style:solid;\" ><div class=\"fusion-builder-row fusion-row\"><div class=\"fusion-layout-column fusion_builder_column fusion-builder-column-3 fusion_builder_column_3_5 3_5 fusion-three-fifth fusion-column-first\" style=\"margin-top:0px;margin-bottom:0px;\"><div class=\"fusion-column-wrapper fusion-flex-column-wrapper-legacy\" style=\"background-position:left top;background-repeat:no-repeat;-webkit-background-size:cover;-moz-background-size:cover;-o-background-size:cover;background-size:cover;padding: 0px 0px 0px 0px;\">\t\t\t\t\t<script type=\"text\/javascript\">\n\t\t\t\t\t\tvar map_fusion_map_69e25a6648ead;\n\t\t\t\t\t\tvar markers = [];\n\t\t\t\t\t\tvar counter = 0;\n\t\t\t\t\t\t\t\t\t\t\t\t\t\t\t\t\t\t\t\tvar fusionMapNonce = 'bf8200c635';\n\t\t\t\t\t\t\t\t\t\t\t\tfunction fusion_run_map_fusion_map_69e25a6648ead() {\n\t\t\t\t\t\t\tjQuery('#fusion_map_69e25a6648ead').fusion_maps({\n\t\t\t\t\t\t\t\taddresses: [{\"address\":\"Av. Ces\\u00e1reo Alierta 8, 50008 Zaragoza, Spain\",\"infobox_content\":\"\",\"marker\":\"https:\\\/\\\/peleteriagabriel.com\\\/wp-content\\\/uploads\\\/2017\\\/01\\\/localizacion-peleteria-gabriel-3-e1483723330241.png\",\"coordinates\":false,\"cache\":true,\"latitude\":\"41.6465185\",\"longitude\":\"-0.8794633999999633\"}],\n\t\t\t\t\t\t\t\tanimations: true,\n\t\t\t\t\t\t\t\tinfobox_background_color: '',\n\t\t\t\t\t\t\t\tinfobox_styling: 'default',\n\t\t\t\t\t\t\t\tinfobox_text_color: '',\n\t\t\t\t\t\t\t\tmap_style: 'custom',\n\t\t\t\t\t\t\t\tmap_type: 'roadmap',\n\t\t\t\t\t\t\t\tmarker_icon: 'https:\/\/peleteriagabriel.com\/wp-content\/uploads\/2017\/01\/localizacion-peleteria-gabriel-3-e1483723330241.png',\n\t\t\t\t\t\t\t\toverlay_color: '#cecece',\n\t\t\t\t\t\t\t\toverlay_color_hsl: {\"hue\":0,\"sat\":0,\"lum\":81},\n\t\t\t\t\t\t\t\tpan_control: false,\n\t\t\t\t\t\t\t\tshow_address: false,\n\t\t\t\t\t\t\t\tscale_control: false,\n\t\t\t\t\t\t\t\tscrollwheel: false,\n\t\t\t\t\t\t\t\tzoom: 16,\n\t\t\t\t\t\t\t\tzoom_control: false,\n\t\t\t\t\t\t\t});\n\t\t\t\t\t\t}\n\n\t\t\t\t\t\tgoogle.maps.event.addDomListener(window, 'load', fusion_run_map_fusion_map_69e25a6648ead);\n\t\t\t\t\t<\/script>\n\t\t\t\t\t<div class=\"shortcode-map fusion-google-map fusion-maps-js-type\" id=\"fusion_map_69e25a6648ead\" style=\"height:550px;width:100%;\"><\/div><div class=\"fusion-clearfix\"><\/div><\/div><\/div><div class=\"fusion-layout-column fusion_builder_column fusion-builder-column-4 fusion_builder_column_1_5 1_5 fusion-one-fifth\" style=\"margin-top:0px;margin-bottom:0px;\"><div class=\"fusion-column-wrapper fusion-flex-column-wrapper-legacy\" style=\"background-position:left top;background-repeat:no-repeat;-webkit-background-size:cover;-moz-background-size:cover;-o-background-size:cover;background-size:cover;background-color:#f5f5f5;padding: 70px 55px 70px 55px;\"><div class=\"fusion-text fusion-text-3\"><h5 style=\"text-align: center; font-size: 17px; line-height: 30px; letter-spacing: 4px;\">BUSINESS HOURS<\/h5>\n<\/div><div class=\"fusion-text fusion-text-4\"><p style=\"text-align: center; margin-bottom: 0px;\"><span style=\"letter-spacing: 4px;\">LU-VI<\/span><\/p>\n<h4 style=\"text-align: center; line-heigth: 1em;\">09:30 &#8211; 13:30<br \/>\n17:00 &#8211; 20:00<\/h4>\n<\/div><div class=\"fusion-text fusion-text-5\"><p style=\"text-align: center; margin-bottom: 0px;\">SATURDAY<\/p>\n<p style=\"text-align: center; margin-bottom: 0px;\">By appointment<\/p>\n<\/div><div class=\"fusion-sep-clear\"><\/div><div class=\"fusion-separator fusion-full-width-sep\" style=\"margin-left: auto;margin-right: auto;margin-bottom:20px;width:100%;\"><\/div><div class=\"fusion-sep-clear\"><\/div><div class=\"fusion-text fusion-text-6\"><h5 style=\"font-size: 17px; line-height: 30px; letter-spacing: 4px; margin-bottom: 0px; text-align: center;\">EMAIL<\/h5>\n<p style=\"text-align: center; margin-bottom: 0px;\"><span style=\"letter-spacing: 1px;\">info@peleteriagabriel.com<\/span><\/p>\n<\/div><div class=\"fusion-clearfix\"><\/div><\/div><\/div><div class=\"fusion-layout-column fusion_builder_column fusion-builder-column-5 fusion_builder_column_1_5 1_5 fusion-one-fifth fusion-column-last\" style=\"margin-top:0px;margin-bottom:0px;\"><div class=\"fusion-column-wrapper fusion-flex-column-wrapper-legacy\" style=\"background-position:left top;background-repeat:no-repeat;-webkit-background-size:cover;-moz-background-size:cover;-o-background-size:cover;background-size:cover;background-color:#f5f5f5;padding: 70px 65px 70px 55px;\"><div class=\"fusion-text fusion-text-7\"><h5 style=\"text-align: center; font-size: 17px; line-height: 30px; letter-spacing: 4px; margin-bottom: 0px;\">ADDRESS<\/h5>\n<p style=\"text-align: center; margin-bottom: 0px;\"><span style=\"letter-spacing: 1px;\">Avda. Ces\u00e1reo Alierta, 8<br \/>\nEsc. Izda 1\u00baA<br \/>\n50008 Zaragoza<\/span><\/p>\n<\/div><div class=\"fusion-text fusion-text-8\"><h5 style=\"text-align: center; font-size: 17px; line-height: 30px; letter-spacing: 4px; margin-bottom: 0px;\">PHONES<\/h5>\n<p style=\"text-align: center; margin-bottom: 0px;\"><span style=\"letter-spacing: 4px;\">976 21 63 92<\/span><\/p>\n<p style=\"text-align: center; margin-bottom: 0px;\"><span style=\"letter-spacing: 4px;\"> 618 29 94 74<\/span><\/p>\n<\/div><div class=\"fusion-clearfix\"><\/div><\/div><\/div><\/div><\/div><\/p>\n","protected":false},"excerpt":{"rendered":"","protected":false},"author":1,"featured_media":0,"parent":0,"menu_order":0,"comment_status":"closed","ping_status":"closed","template":"100-width.php","meta":{"footnotes":""},"class_list":["post-12093","page","type-page","status-publish","hentry"],"yoast_head":"<!-- This site is optimized with the Yoast SEO plugin v23.3 - https:\/\/yoast.com\/wordpress\/plugins\/seo\/ -->\n<title>Contacto Peleteria Gabriel | Alta Peleteria en Zaragoza<\/title>\n<meta name=\"description\" content=\"Contacto Peleteria Gabriel. Vis\u00edtanos en Ces\u00e1reo Alierta 8, Zaragoza. Tambi\u00e9n puedes llamarnos al 976 21 63 92 o escribirnos a info@peleteriagabriel.com\" \/>\n<meta name=\"robots\" content=\"index, follow, max-snippet:-1, max-image-preview:large, max-video-preview:-1\" \/>\n<link rel=\"canonical\" href=\"https:\/\/peleteriagabriel.com\/en\/contacto\/\" \/>\n<meta property=\"og:locale\" content=\"en_US\" \/>\n<meta property=\"og:type\" content=\"article\" \/>\n<meta property=\"og:title\" content=\"Contacto Peleteria Gabriel | Alta Peleteria en Zaragoza\" \/>\n<meta property=\"og:description\" content=\"Contacto Peleteria Gabriel. Vis\u00edtanos en Ces\u00e1reo Alierta 8, Zaragoza. Tambi\u00e9n puedes llamarnos al 976 21 63 92 o escribirnos a info@peleteriagabriel.com\" \/>\n<meta property=\"og:url\" content=\"https:\/\/peleteriagabriel.com\/en\/contacto\/\" \/>\n<meta property=\"og:site_name\" content=\"Peleter\u00eda Gabriel\" \/>\n<meta property=\"article:publisher\" content=\"https:\/\/www.facebook.com\/peleteriagabrielzaragoza\/\" \/>\n<meta property=\"article:modified_time\" content=\"2023-09-19T08:20:14+00:00\" \/>\n<meta name=\"twitter:card\" content=\"summary_large_image\" \/>\n<meta name=\"twitter:label1\" content=\"Est. reading time\" \/>\n\t<meta name=\"twitter:data1\" content=\"4 minutes\" \/>\n<script type=\"application\/ld+json\" class=\"yoast-schema-graph\">{\"@context\":\"https:\/\/schema.org\",\"@graph\":[{\"@type\":\"WebPage\",\"@id\":\"https:\/\/peleteriagabriel.com\/en\/contacto\/\",\"url\":\"https:\/\/peleteriagabriel.com\/en\/contacto\/\",\"name\":\"Contacto Peleteria Gabriel | Alta Peleteria en Zaragoza\",\"isPartOf\":{\"@id\":\"https:\/\/peleteriagabriel.com\/#website\"},\"datePublished\":\"2015-11-25T21:23:23+00:00\",\"dateModified\":\"2023-09-19T08:20:14+00:00\",\"description\":\"Contacto Peleteria Gabriel. Vis\u00edtanos en Ces\u00e1reo Alierta 8, Zaragoza. Tambi\u00e9n puedes llamarnos al 976 21 63 92 o escribirnos a info@peleteriagabriel.com\",\"breadcrumb\":{\"@id\":\"https:\/\/peleteriagabriel.com\/en\/contacto\/#breadcrumb\"},\"inLanguage\":\"en-US\",\"potentialAction\":[{\"@type\":\"ReadAction\",\"target\":[\"https:\/\/peleteriagabriel.com\/en\/contacto\/\"]}]},{\"@type\":\"BreadcrumbList\",\"@id\":\"https:\/\/peleteriagabriel.com\/en\/contacto\/#breadcrumb\",\"itemListElement\":[{\"@type\":\"ListItem\",\"position\":1,\"name\":\"Portada\",\"item\":\"https:\/\/peleteriagabriel.com\/en\/\"},{\"@type\":\"ListItem\",\"position\":2,\"name\":\"CONTACT\"}]},{\"@type\":\"WebSite\",\"@id\":\"https:\/\/peleteriagabriel.com\/#website\",\"url\":\"https:\/\/peleteriagabriel.com\/\",\"name\":\"Peleter\u00eda Gabriel\",\"description\":\"Alta peleter\u00eda desde 1975\",\"potentialAction\":[{\"@type\":\"SearchAction\",\"target\":{\"@type\":\"EntryPoint\",\"urlTemplate\":\"https:\/\/peleteriagabriel.com\/?s={search_term_string}\"},\"query-input\":\"required name=search_term_string\"}],\"inLanguage\":\"en-US\"}]}<\/script>\n<!-- \/ Yoast SEO plugin. -->","yoast_head_json":{"title":"Contacto Peleteria Gabriel | Alta Peleteria en Zaragoza","description":"Contacto Peleteria Gabriel. Vis\u00edtanos en Ces\u00e1reo Alierta 8, Zaragoza. Tambi\u00e9n puedes llamarnos al 976 21 63 92 o escribirnos a info@peleteriagabriel.com","robots":{"index":"index","follow":"follow","max-snippet":"max-snippet:-1","max-image-preview":"max-image-preview:large","max-video-preview":"max-video-preview:-1"},"canonical":"https:\/\/peleteriagabriel.com\/en\/contacto\/","og_locale":"en_US","og_type":"article","og_title":"Contacto Peleteria Gabriel | Alta Peleteria en Zaragoza","og_description":"Contacto Peleteria Gabriel. Vis\u00edtanos en Ces\u00e1reo Alierta 8, Zaragoza. Tambi\u00e9n puedes llamarnos al 976 21 63 92 o escribirnos a info@peleteriagabriel.com","og_url":"https:\/\/peleteriagabriel.com\/en\/contacto\/","og_site_name":"Peleter\u00eda Gabriel","article_publisher":"https:\/\/www.facebook.com\/peleteriagabrielzaragoza\/","article_modified_time":"2023-09-19T08:20:14+00:00","twitter_card":"summary_large_image","twitter_misc":{"Est. reading time":"4 minutes"},"schema":{"@context":"https:\/\/schema.org","@graph":[{"@type":"WebPage","@id":"https:\/\/peleteriagabriel.com\/en\/contacto\/","url":"https:\/\/peleteriagabriel.com\/en\/contacto\/","name":"Contacto Peleteria Gabriel | Alta Peleteria en Zaragoza","isPartOf":{"@id":"https:\/\/peleteriagabriel.com\/#website"},"datePublished":"2015-11-25T21:23:23+00:00","dateModified":"2023-09-19T08:20:14+00:00","description":"Contacto Peleteria Gabriel. Vis\u00edtanos en Ces\u00e1reo Alierta 8, Zaragoza. Tambi\u00e9n puedes llamarnos al 976 21 63 92 o escribirnos a info@peleteriagabriel.com","breadcrumb":{"@id":"https:\/\/peleteriagabriel.com\/en\/contacto\/#breadcrumb"},"inLanguage":"en-US","potentialAction":[{"@type":"ReadAction","target":["https:\/\/peleteriagabriel.com\/en\/contacto\/"]}]},{"@type":"BreadcrumbList","@id":"https:\/\/peleteriagabriel.com\/en\/contacto\/#breadcrumb","itemListElement":[{"@type":"ListItem","position":1,"name":"Portada","item":"https:\/\/peleteriagabriel.com\/en\/"},{"@type":"ListItem","position":2,"name":"CONTACT"}]},{"@type":"WebSite","@id":"https:\/\/peleteriagabriel.com\/#website","url":"https:\/\/peleteriagabriel.com\/","name":"Peleter\u00eda Gabriel","description":"Alta peleter\u00eda desde 1975","potentialAction":[{"@type":"SearchAction","target":{"@type":"EntryPoint","urlTemplate":"https:\/\/peleteriagabriel.com\/?s={search_term_string}"},"query-input":"required name=search_term_string"}],"inLanguage":"en-US"}]}},"_links":{"self":[{"href":"https:\/\/peleteriagabriel.com\/en\/wp-json\/wp\/v2\/pages\/12093"}],"collection":[{"href":"https:\/\/peleteriagabriel.com\/en\/wp-json\/wp\/v2\/pages"}],"about":[{"href":"https:\/\/peleteriagabriel.com\/en\/wp-json\/wp\/v2\/types\/page"}],"author":[{"embeddable":true,"href":"https:\/\/peleteriagabriel.com\/en\/wp-json\/wp\/v2\/users\/1"}],"replies":[{"embeddable":true,"href":"https:\/\/peleteriagabriel.com\/en\/wp-json\/wp\/v2\/comments?post=12093"}],"version-history":[{"count":5,"href":"https:\/\/peleteriagabriel.com\/en\/wp-json\/wp\/v2\/pages\/12093\/revisions"}],"predecessor-version":[{"id":12099,"href":"https:\/\/peleteriagabriel.com\/en\/wp-json\/wp\/v2\/pages\/12093\/revisions\/12099"}],"wp:attachment":[{"href":"https:\/\/peleteriagabriel.com\/en\/wp-json\/wp\/v2\/media?parent=12093"}],"curies":[{"name":"wp","href":"https:\/\/api.w.org\/{rel}","templated":true}]}}