{"id":12068,"date":"2022-11-03T13:39:28","date_gmt":"2022-11-03T13:39:28","guid":{"rendered":"https:\/\/peleteriagabriel.com\/nuestra-historia\/"},"modified":"2023-11-29T10:31:49","modified_gmt":"2023-11-29T10:31:49","slug":"nuestra-historia","status":"publish","type":"page","link":"https:\/\/peleteriagabriel.com\/en\/nuestra-historia\/","title":{"rendered":"BACKGROUND"},"content":{"rendered":"<div class=\"fusion-fullwidth fullwidth-box fusion-builder-row-1 dostercios hundred-percent-fullwidth non-hundred-percent-height-scrolling fusion-equal-height-columns\" style=\"background-color: #ffffff;background-position: right top;background-repeat: no-repeat;padding-top:0px;padding-right:20px;padding-bottom:0px;padding-left:30px;margin-bottom: 0px;margin-top: 60px;border-width: 0px 0px 0px 0px;border-color:rgba(234,233,233,0);border-style:solid;\" ><div class=\"fusion-builder-row fusion-row\"><div class=\"fusion-layout-column fusion_builder_column fusion-builder-column-0 fusion_builder_column_1_3 1_3 fusion-one-third fusion-column-first\" style=\"width:33.333333333333%;width:calc(33.333333333333% - ( ( 4% ) * 0.33333333333333 ) );margin-right: 4%;margin-top:0px;margin-bottom:20px;\"><div class=\"fusion-column-wrapper fusion-flex-column-wrapper-legacy\" style=\"background-position:left top;background-repeat:no-repeat;-webkit-background-size:cover;-moz-background-size:cover;-o-background-size:cover;background-size:cover;padding: 0px 0px 0px 0px;\"><div class=\"fusion-slider-sc fusion-flexslider-loading flexslider flexslider-hover-type-none\" data-slideshow_autoplay=\"1\" data-slideshow_smooth_height=\"0\" data-slideshow_speed=\"7000\" style=\"max-width:100%;height:100%;\"><ul class=\"slides\"><li class=\"image\"><span class=\"fusion-image-hover-element hover-type-none\"><img decoding=\"async\" src=\"https:\/\/peleteriagabriel.com\/wp-content\/uploads\/2022\/11\/Peleteria_historia5-copia-168x300.jpg\" width=\"168\" height=\"300\" class=\"wp-image-7222\" srcset=\"https:\/\/peleteriagabriel.com\/wp-content\/uploads\/2022\/11\/Peleteria_historia5-copia-200x357.jpg 200w, https:\/\/peleteriagabriel.com\/wp-content\/uploads\/2022\/11\/Peleteria_historia5-copia-400x714.jpg 400w, https:\/\/peleteriagabriel.com\/wp-content\/uploads\/2022\/11\/Peleteria_historia5-copia-600x1071.jpg 600w, https:\/\/peleteriagabriel.com\/wp-content\/uploads\/2022\/11\/Peleteria_historia5-copia-800x1428.jpg 800w, https:\/\/peleteriagabriel.com\/wp-content\/uploads\/2022\/11\/Peleteria_historia5-copia.jpg 886w\" sizes=\"(max-width: 670px) 100vw, 600px\" \/><\/span><\/li><li class=\"image\"><span class=\"fusion-image-hover-element hover-type-none\"><img decoding=\"async\" src=\"https:\/\/peleteriagabriel.com\/wp-content\/uploads\/2022\/11\/Peleteria_historia2-copia-168x300.jpg\" width=\"168\" height=\"300\" class=\"wp-image-7223\" srcset=\"https:\/\/peleteriagabriel.com\/wp-content\/uploads\/2022\/11\/Peleteria_historia2-copia-200x357.jpg 200w, https:\/\/peleteriagabriel.com\/wp-content\/uploads\/2022\/11\/Peleteria_historia2-copia-400x714.jpg 400w, https:\/\/peleteriagabriel.com\/wp-content\/uploads\/2022\/11\/Peleteria_historia2-copia-600x1071.jpg 600w, https:\/\/peleteriagabriel.com\/wp-content\/uploads\/2022\/11\/Peleteria_historia2-copia-800x1428.jpg 800w, https:\/\/peleteriagabriel.com\/wp-content\/uploads\/2022\/11\/Peleteria_historia2-copia.jpg 886w\" sizes=\"(max-width: 670px) 100vw, 600px\" \/><\/span><\/li><li class=\"image\"><span class=\"fusion-image-hover-element hover-type-none\"><img decoding=\"async\" src=\"https:\/\/peleteriagabriel.com\/wp-content\/uploads\/2022\/11\/Peleteria_historia3-copia-168x300.jpg\" width=\"168\" height=\"300\" class=\"wp-image-7220\" srcset=\"https:\/\/peleteriagabriel.com\/wp-content\/uploads\/2022\/11\/Peleteria_historia3-copia-200x357.jpg 200w, https:\/\/peleteriagabriel.com\/wp-content\/uploads\/2022\/11\/Peleteria_historia3-copia-400x714.jpg 400w, https:\/\/peleteriagabriel.com\/wp-content\/uploads\/2022\/11\/Peleteria_historia3-copia-600x1071.jpg 600w, https:\/\/peleteriagabriel.com\/wp-content\/uploads\/2022\/11\/Peleteria_historia3-copia-800x1428.jpg 800w, https:\/\/peleteriagabriel.com\/wp-content\/uploads\/2022\/11\/Peleteria_historia3-copia.jpg 886w\" sizes=\"(max-width: 670px) 100vw, 600px\" \/><\/span><\/li><li class=\"image\"><span class=\"fusion-image-hover-element hover-type-none\"><img decoding=\"async\" src=\"https:\/\/peleteriagabriel.com\/wp-content\/uploads\/2022\/11\/Peleteria_historia1.jpg\" width=\"886\" height=\"1582\" class=\"wp-image-7165\" srcset=\"https:\/\/peleteriagabriel.com\/wp-content\/uploads\/2022\/11\/Peleteria_historia1-200x357.jpg 200w, https:\/\/peleteriagabriel.com\/wp-content\/uploads\/2022\/11\/Peleteria_historia1-400x714.jpg 400w, https:\/\/peleteriagabriel.com\/wp-content\/uploads\/2022\/11\/Peleteria_historia1-600x1071.jpg 600w, https:\/\/peleteriagabriel.com\/wp-content\/uploads\/2022\/11\/Peleteria_historia1-800x1428.jpg 800w, https:\/\/peleteriagabriel.com\/wp-content\/uploads\/2022\/11\/Peleteria_historia1.jpg 886w\" sizes=\"(max-width: 670px) 100vw, 600px\" \/><\/span><\/li><li class=\"image\"><span class=\"fusion-image-hover-element hover-type-none\"><img decoding=\"async\" src=\"https:\/\/peleteriagabriel.com\/wp-content\/uploads\/2022\/11\/Peleteria_historia4copia-168x300.jpg\" width=\"168\" height=\"300\" class=\"wp-image-7221\" srcset=\"https:\/\/peleteriagabriel.com\/wp-content\/uploads\/2022\/11\/Peleteria_historia4copia-200x357.jpg 200w, https:\/\/peleteriagabriel.com\/wp-content\/uploads\/2022\/11\/Peleteria_historia4copia-400x714.jpg 400w, https:\/\/peleteriagabriel.com\/wp-content\/uploads\/2022\/11\/Peleteria_historia4copia-600x1071.jpg 600w, https:\/\/peleteriagabriel.com\/wp-content\/uploads\/2022\/11\/Peleteria_historia4copia-800x1428.jpg 800w, https:\/\/peleteriagabriel.com\/wp-content\/uploads\/2022\/11\/Peleteria_historia4copia.jpg 886w\" sizes=\"(max-width: 670px) 100vw, 600px\" \/><\/span><\/li><li class=\"image\"><span class=\"fusion-image-hover-element hover-type-none\"><img decoding=\"async\" src=\"https:\/\/peleteriagabriel.com\/wp-content\/uploads\/2022\/11\/Peleteria_historia6.jpg\" width=\"886\" height=\"1582\" class=\"wp-image-7160\" srcset=\"https:\/\/peleteriagabriel.com\/wp-content\/uploads\/2022\/11\/Peleteria_historia6-200x357.jpg 200w, https:\/\/peleteriagabriel.com\/wp-content\/uploads\/2022\/11\/Peleteria_historia6-400x714.jpg 400w, https:\/\/peleteriagabriel.com\/wp-content\/uploads\/2022\/11\/Peleteria_historia6-600x1071.jpg 600w, https:\/\/peleteriagabriel.com\/wp-content\/uploads\/2022\/11\/Peleteria_historia6-800x1428.jpg 800w, https:\/\/peleteriagabriel.com\/wp-content\/uploads\/2022\/11\/Peleteria_historia6.jpg 886w\" sizes=\"(max-width: 670px) 100vw, 600px\" \/><\/span><\/li><li class=\"image\"><span class=\"fusion-image-hover-element hover-type-none\"><img decoding=\"async\" src=\"https:\/\/peleteriagabriel.com\/wp-content\/uploads\/2022\/11\/Peleteria_historia5.jpg\" width=\"886\" height=\"1582\" class=\"wp-image-7161\" srcset=\"https:\/\/peleteriagabriel.com\/wp-content\/uploads\/2022\/11\/Peleteria_historia5-200x357.jpg 200w, https:\/\/peleteriagabriel.com\/wp-content\/uploads\/2022\/11\/Peleteria_historia5-400x714.jpg 400w, https:\/\/peleteriagabriel.com\/wp-content\/uploads\/2022\/11\/Peleteria_historia5-600x1071.jpg 600w, https:\/\/peleteriagabriel.com\/wp-content\/uploads\/2022\/11\/Peleteria_historia5-800x1428.jpg 800w, https:\/\/peleteriagabriel.com\/wp-content\/uploads\/2022\/11\/Peleteria_historia5.jpg 886w\" sizes=\"(max-width: 670px) 100vw, 600px\" \/><\/span><\/li><li class=\"image\"><span class=\"fusion-image-hover-element hover-type-none\"><img decoding=\"async\" src=\"https:\/\/peleteriagabriel.com\/wp-content\/uploads\/2022\/11\/Peleteria_historia8.jpg\" width=\"886\" height=\"1582\" class=\"wp-image-7159\" srcset=\"https:\/\/peleteriagabriel.com\/wp-content\/uploads\/2022\/11\/Peleteria_historia8-200x357.jpg 200w, https:\/\/peleteriagabriel.com\/wp-content\/uploads\/2022\/11\/Peleteria_historia8-400x714.jpg 400w, https:\/\/peleteriagabriel.com\/wp-content\/uploads\/2022\/11\/Peleteria_historia8-600x1071.jpg 600w, https:\/\/peleteriagabriel.com\/wp-content\/uploads\/2022\/11\/Peleteria_historia8-800x1428.jpg 800w, https:\/\/peleteriagabriel.com\/wp-content\/uploads\/2022\/11\/Peleteria_historia8.jpg 886w\" sizes=\"(max-width: 670px) 100vw, 600px\" \/><\/span><\/li><li class=\"image\"><span class=\"fusion-image-hover-element hover-type-none\"><img decoding=\"async\" src=\"https:\/\/peleteriagabriel.com\/wp-content\/uploads\/2022\/11\/Peleteria_historia2.jpg\" width=\"886\" height=\"1582\" class=\"wp-image-7164\" srcset=\"https:\/\/peleteriagabriel.com\/wp-content\/uploads\/2022\/11\/Peleteria_historia2-200x357.jpg 200w, https:\/\/peleteriagabriel.com\/wp-content\/uploads\/2022\/11\/Peleteria_historia2-400x714.jpg 400w, https:\/\/peleteriagabriel.com\/wp-content\/uploads\/2022\/11\/Peleteria_historia2-600x1071.jpg 600w, https:\/\/peleteriagabriel.com\/wp-content\/uploads\/2022\/11\/Peleteria_historia2-800x1428.jpg 800w, https:\/\/peleteriagabriel.com\/wp-content\/uploads\/2022\/11\/Peleteria_historia2.jpg 886w\" sizes=\"(max-width: 670px) 100vw, 600px\" \/><\/span><\/li><li class=\"image\"><span class=\"fusion-image-hover-element hover-type-none\"><img decoding=\"async\" src=\"https:\/\/peleteriagabriel.com\/wp-content\/uploads\/2022\/11\/Peleteria_historia4.jpg\" width=\"886\" height=\"1582\" class=\"wp-image-7162\" srcset=\"https:\/\/peleteriagabriel.com\/wp-content\/uploads\/2022\/11\/Peleteria_historia4-200x357.jpg 200w, https:\/\/peleteriagabriel.com\/wp-content\/uploads\/2022\/11\/Peleteria_historia4-400x714.jpg 400w, https:\/\/peleteriagabriel.com\/wp-content\/uploads\/2022\/11\/Peleteria_historia4-600x1071.jpg 600w, https:\/\/peleteriagabriel.com\/wp-content\/uploads\/2022\/11\/Peleteria_historia4-800x1428.jpg 800w, https:\/\/peleteriagabriel.com\/wp-content\/uploads\/2022\/11\/Peleteria_historia4.jpg 886w\" sizes=\"(max-width: 670px) 100vw, 600px\" \/><\/span><\/li><li class=\"image\"><span class=\"fusion-image-hover-element hover-type-none\"><img decoding=\"async\" src=\"https:\/\/peleteriagabriel.com\/wp-content\/uploads\/2022\/11\/Peleteria_historia3.jpg\" width=\"886\" height=\"1582\" class=\"wp-image-7163\" srcset=\"https:\/\/peleteriagabriel.com\/wp-content\/uploads\/2022\/11\/Peleteria_historia3-200x357.jpg 200w, https:\/\/peleteriagabriel.com\/wp-content\/uploads\/2022\/11\/Peleteria_historia3-400x714.jpg 400w, https:\/\/peleteriagabriel.com\/wp-content\/uploads\/2022\/11\/Peleteria_historia3-600x1071.jpg 600w, https:\/\/peleteriagabriel.com\/wp-content\/uploads\/2022\/11\/Peleteria_historia3-800x1428.jpg 800w, https:\/\/peleteriagabriel.com\/wp-content\/uploads\/2022\/11\/Peleteria_historia3.jpg 886w\" sizes=\"(max-width: 670px) 100vw, 600px\" \/><\/span><\/li><\/ul><\/div><div class=\"fusion-clearfix\"><\/div><\/div><\/div><div class=\"fusion-layout-column fusion_builder_column fusion-builder-column-1 fusion_builder_column_2_3 2_3 fusion-two-third fusion-column-last\" style=\"width:66.666666666667%;width:calc(66.666666666667% - ( ( 4% ) * 0.66666666666667 ) );margin-top:0px;margin-bottom:20px;\" id=\"menucoleccion\"><div class=\"fusion-column-wrapper fusion-flex-column-wrapper-legacy\" style=\"background-position:left top;background-repeat:no-repeat;-webkit-background-size:cover;-moz-background-size:cover;-o-background-size:cover;background-size:cover;padding: 0px 10% 0px 5%;\"><div class=\"fusion-column-content-centered\"><div class=\"fusion-column-content\"><div class=\"fusion-text fusion-text-1\"><h1><strong> <span style=\"font-weight: bold;\">BACKGROUND<\/span><\/strong><\/h1>\n<\/div><div class=\"fusion-text fusion-text-2\"><p style=\"line-height: 1.7; letter-spacing: 1px; text-align: left;\">The dawn of our company can be found in Madrid in the 1930s. Mr. Gabriel Morales Martos embarked on his path in the world of furriery haute couture, at a time when it was developed at the highest technical and artistic levels. His career, impeccable, was only interrupted by the civil conflict that we suffered.<\/p>\n<p style=\"line-height: 1.7; letter-spacing: 1px; text-align: left;\">In Zaragoza, in the mid-1940s, he founded Morales fur company, which Gabriel joined in the 1960s, who, taking his father&#8217;s exemplary career as a reference, founded with his wife their current establishment in the year 1975.<\/p>\n<p style=\"line-height: 1.7; letter-spacing: 1px; text-align: left;\">With the maximum attention to quality and the interpretation of its clientele, it has always tried to represent the avant-garde with maximum elegance and constant search for an aesthetic that favors and interprets the most appropriate style.<\/p>\n<p style=\"line-height: 1.7; letter-spacing: 1px; text-align: left;\">We have been pioneers for more than forty years in fashion runways with a spectacular staging that we have respected for many years. We were co-founders of Modarag\u00f3n, and we have participated in numerous television programs on the main networks; our constant presence in the most important fairs in the world guarantee our updating that ensures the perfect response to the most varied demand.<\/p>\n<\/div><\/div><\/div><div class=\"fusion-clearfix\"><\/div><\/div><\/div><\/div><\/div>\n","protected":false},"excerpt":{"rendered":"","protected":false},"author":27,"featured_media":11399,"parent":0,"menu_order":0,"comment_status":"closed","ping_status":"closed","template":"100-width.php","meta":{"footnotes":""},"class_list":["post-12068","page","type-page","status-publish","has-post-thumbnail","hentry"],"yoast_head":"<!-- This site is optimized with the Yoast SEO plugin v23.3 - https:\/\/yoast.com\/wordpress\/plugins\/seo\/ -->\n<title>Arreglos peleter\u00eda Zaragoza | Peleteria Gabriel | Taller peleteria Zaragoza<\/title>\n<meta name=\"description\" content=\"ARREGLOS PELETER\u00cdA ZARAGOZA. Si necesitas realizar un arreglo a tu abrigo de vis\u00f3n, o arreglar tu abrigo de zorro, o darle un nuevo patr\u00f3n a ese abrigo de piel que has heredado... \u00a1Cont\u00e1ctanos! Disfrutamos dando una nueva vida a tus abrigos. Somos especialistas en arreglos de peleter\u00eda.\" \/>\n<meta name=\"robots\" content=\"index, follow, max-snippet:-1, max-image-preview:large, max-video-preview:-1\" \/>\n<link rel=\"canonical\" href=\"https:\/\/peleteriagabriel.com\/en\/nuestra-historia\/\" \/>\n<meta property=\"og:locale\" content=\"en_US\" \/>\n<meta property=\"og:type\" content=\"article\" \/>\n<meta property=\"og:title\" content=\"Arreglos peleter\u00eda Zaragoza | Peleteria Gabriel | Taller peleteria Zaragoza\" \/>\n<meta property=\"og:description\" content=\"ARREGLOS PELETER\u00cdA ZARAGOZA. Si necesitas realizar un arreglo a tu abrigo de vis\u00f3n, o arreglar tu abrigo de zorro, o darle un nuevo patr\u00f3n a ese abrigo de piel que has heredado... \u00a1Cont\u00e1ctanos! Disfrutamos dando una nueva vida a tus abrigos. Somos especialistas en arreglos de peleter\u00eda.\" \/>\n<meta property=\"og:url\" content=\"https:\/\/peleteriagabriel.com\/en\/nuestra-historia\/\" \/>\n<meta property=\"og:site_name\" content=\"Peleter\u00eda Gabriel\" \/>\n<meta property=\"article:publisher\" content=\"https:\/\/www.facebook.com\/peleteriagabrielzaragoza\/\" \/>\n<meta property=\"article:modified_time\" content=\"2023-11-29T10:31:49+00:00\" \/>\n<meta property=\"og:image\" content=\"https:\/\/peleteriagabriel.com\/wp-content\/uploads\/2017\/01\/arreglos-1-peleteria-gabriel-peleteria-zaragoza-022.jpg\" \/>\n\t<meta property=\"og:image:width\" content=\"1000\" \/>\n\t<meta property=\"og:image:height\" content=\"679\" \/>\n\t<meta property=\"og:image:type\" content=\"image\/jpeg\" \/>\n<meta name=\"twitter:card\" content=\"summary_large_image\" \/>\n<meta name=\"twitter:label1\" content=\"Est. reading time\" \/>\n\t<meta name=\"twitter:data1\" content=\"3 minutes\" \/>\n<script type=\"application\/ld+json\" class=\"yoast-schema-graph\">{\"@context\":\"https:\/\/schema.org\",\"@graph\":[{\"@type\":\"WebPage\",\"@id\":\"https:\/\/peleteriagabriel.com\/en\/nuestra-historia\/\",\"url\":\"https:\/\/peleteriagabriel.com\/en\/nuestra-historia\/\",\"name\":\"Arreglos peleter\u00eda Zaragoza | Peleteria Gabriel | Taller peleteria Zaragoza\",\"isPartOf\":{\"@id\":\"https:\/\/peleteriagabriel.com\/#website\"},\"primaryImageOfPage\":{\"@id\":\"https:\/\/peleteriagabriel.com\/en\/nuestra-historia\/#primaryimage\"},\"image\":{\"@id\":\"https:\/\/peleteriagabriel.com\/en\/nuestra-historia\/#primaryimage\"},\"thumbnailUrl\":\"https:\/\/peleteriagabriel.com\/wp-content\/uploads\/2017\/01\/arreglos-1-peleteria-gabriel-peleteria-zaragoza-022.jpg\",\"datePublished\":\"2022-11-03T13:39:28+00:00\",\"dateModified\":\"2023-11-29T10:31:49+00:00\",\"description\":\"ARREGLOS PELETER\u00cdA ZARAGOZA. Si necesitas realizar un arreglo a tu abrigo de vis\u00f3n, o arreglar tu abrigo de zorro, o darle un nuevo patr\u00f3n a ese abrigo de piel que has heredado... \u00a1Cont\u00e1ctanos! Disfrutamos dando una nueva vida a tus abrigos. Somos especialistas en arreglos de peleter\u00eda.\",\"breadcrumb\":{\"@id\":\"https:\/\/peleteriagabriel.com\/en\/nuestra-historia\/#breadcrumb\"},\"inLanguage\":\"en-US\",\"potentialAction\":[{\"@type\":\"ReadAction\",\"target\":[\"https:\/\/peleteriagabriel.com\/en\/nuestra-historia\/\"]}]},{\"@type\":\"ImageObject\",\"inLanguage\":\"en-US\",\"@id\":\"https:\/\/peleteriagabriel.com\/en\/nuestra-historia\/#primaryimage\",\"url\":\"https:\/\/peleteriagabriel.com\/wp-content\/uploads\/2017\/01\/arreglos-1-peleteria-gabriel-peleteria-zaragoza-022.jpg\",\"contentUrl\":\"https:\/\/peleteriagabriel.com\/wp-content\/uploads\/2017\/01\/arreglos-1-peleteria-gabriel-peleteria-zaragoza-022.jpg\",\"width\":1000,\"height\":679},{\"@type\":\"BreadcrumbList\",\"@id\":\"https:\/\/peleteriagabriel.com\/en\/nuestra-historia\/#breadcrumb\",\"itemListElement\":[{\"@type\":\"ListItem\",\"position\":1,\"name\":\"Portada\",\"item\":\"https:\/\/peleteriagabriel.com\/en\/\"},{\"@type\":\"ListItem\",\"position\":2,\"name\":\"BACKGROUND\"}]},{\"@type\":\"WebSite\",\"@id\":\"https:\/\/peleteriagabriel.com\/#website\",\"url\":\"https:\/\/peleteriagabriel.com\/\",\"name\":\"Peleter\u00eda Gabriel\",\"description\":\"Alta peleter\u00eda desde 1975\",\"potentialAction\":[{\"@type\":\"SearchAction\",\"target\":{\"@type\":\"EntryPoint\",\"urlTemplate\":\"https:\/\/peleteriagabriel.com\/?s={search_term_string}\"},\"query-input\":\"required name=search_term_string\"}],\"inLanguage\":\"en-US\"}]}<\/script>\n<!-- \/ Yoast SEO plugin. -->","yoast_head_json":{"title":"Arreglos peleter\u00eda Zaragoza | Peleteria Gabriel | Taller peleteria Zaragoza","description":"ARREGLOS PELETER\u00cdA ZARAGOZA. Si necesitas realizar un arreglo a tu abrigo de vis\u00f3n, o arreglar tu abrigo de zorro, o darle un nuevo patr\u00f3n a ese abrigo de piel que has heredado... \u00a1Cont\u00e1ctanos! Disfrutamos dando una nueva vida a tus abrigos. Somos especialistas en arreglos de peleter\u00eda.","robots":{"index":"index","follow":"follow","max-snippet":"max-snippet:-1","max-image-preview":"max-image-preview:large","max-video-preview":"max-video-preview:-1"},"canonical":"https:\/\/peleteriagabriel.com\/en\/nuestra-historia\/","og_locale":"en_US","og_type":"article","og_title":"Arreglos peleter\u00eda Zaragoza | Peleteria Gabriel | Taller peleteria Zaragoza","og_description":"ARREGLOS PELETER\u00cdA ZARAGOZA. Si necesitas realizar un arreglo a tu abrigo de vis\u00f3n, o arreglar tu abrigo de zorro, o darle un nuevo patr\u00f3n a ese abrigo de piel que has heredado... \u00a1Cont\u00e1ctanos! Disfrutamos dando una nueva vida a tus abrigos. Somos especialistas en arreglos de peleter\u00eda.","og_url":"https:\/\/peleteriagabriel.com\/en\/nuestra-historia\/","og_site_name":"Peleter\u00eda Gabriel","article_publisher":"https:\/\/www.facebook.com\/peleteriagabrielzaragoza\/","article_modified_time":"2023-11-29T10:31:49+00:00","og_image":[{"width":1000,"height":679,"url":"https:\/\/peleteriagabriel.com\/wp-content\/uploads\/2017\/01\/arreglos-1-peleteria-gabriel-peleteria-zaragoza-022.jpg","type":"image\/jpeg"}],"twitter_card":"summary_large_image","twitter_misc":{"Est. reading time":"3 minutes"},"schema":{"@context":"https:\/\/schema.org","@graph":[{"@type":"WebPage","@id":"https:\/\/peleteriagabriel.com\/en\/nuestra-historia\/","url":"https:\/\/peleteriagabriel.com\/en\/nuestra-historia\/","name":"Arreglos peleter\u00eda Zaragoza | Peleteria Gabriel | Taller peleteria Zaragoza","isPartOf":{"@id":"https:\/\/peleteriagabriel.com\/#website"},"primaryImageOfPage":{"@id":"https:\/\/peleteriagabriel.com\/en\/nuestra-historia\/#primaryimage"},"image":{"@id":"https:\/\/peleteriagabriel.com\/en\/nuestra-historia\/#primaryimage"},"thumbnailUrl":"https:\/\/peleteriagabriel.com\/wp-content\/uploads\/2017\/01\/arreglos-1-peleteria-gabriel-peleteria-zaragoza-022.jpg","datePublished":"2022-11-03T13:39:28+00:00","dateModified":"2023-11-29T10:31:49+00:00","description":"ARREGLOS PELETER\u00cdA ZARAGOZA. Si necesitas realizar un arreglo a tu abrigo de vis\u00f3n, o arreglar tu abrigo de zorro, o darle un nuevo patr\u00f3n a ese abrigo de piel que has heredado... \u00a1Cont\u00e1ctanos! Disfrutamos dando una nueva vida a tus abrigos. Somos especialistas en arreglos de peleter\u00eda.","breadcrumb":{"@id":"https:\/\/peleteriagabriel.com\/en\/nuestra-historia\/#breadcrumb"},"inLanguage":"en-US","potentialAction":[{"@type":"ReadAction","target":["https:\/\/peleteriagabriel.com\/en\/nuestra-historia\/"]}]},{"@type":"ImageObject","inLanguage":"en-US","@id":"https:\/\/peleteriagabriel.com\/en\/nuestra-historia\/#primaryimage","url":"https:\/\/peleteriagabriel.com\/wp-content\/uploads\/2017\/01\/arreglos-1-peleteria-gabriel-peleteria-zaragoza-022.jpg","contentUrl":"https:\/\/peleteriagabriel.com\/wp-content\/uploads\/2017\/01\/arreglos-1-peleteria-gabriel-peleteria-zaragoza-022.jpg","width":1000,"height":679},{"@type":"BreadcrumbList","@id":"https:\/\/peleteriagabriel.com\/en\/nuestra-historia\/#breadcrumb","itemListElement":[{"@type":"ListItem","position":1,"name":"Portada","item":"https:\/\/peleteriagabriel.com\/en\/"},{"@type":"ListItem","position":2,"name":"BACKGROUND"}]},{"@type":"WebSite","@id":"https:\/\/peleteriagabriel.com\/#website","url":"https:\/\/peleteriagabriel.com\/","name":"Peleter\u00eda Gabriel","description":"Alta peleter\u00eda desde 1975","potentialAction":[{"@type":"SearchAction","target":{"@type":"EntryPoint","urlTemplate":"https:\/\/peleteriagabriel.com\/?s={search_term_string}"},"query-input":"required name=search_term_string"}],"inLanguage":"en-US"}]}},"_links":{"self":[{"href":"https:\/\/peleteriagabriel.com\/en\/wp-json\/wp\/v2\/pages\/12068"}],"collection":[{"href":"https:\/\/peleteriagabriel.com\/en\/wp-json\/wp\/v2\/pages"}],"about":[{"href":"https:\/\/peleteriagabriel.com\/en\/wp-json\/wp\/v2\/types\/page"}],"author":[{"embeddable":true,"href":"https:\/\/peleteriagabriel.com\/en\/wp-json\/wp\/v2\/users\/27"}],"replies":[{"embeddable":true,"href":"https:\/\/peleteriagabriel.com\/en\/wp-json\/wp\/v2\/comments?post=12068"}],"version-history":[{"count":5,"href":"https:\/\/peleteriagabriel.com\/en\/wp-json\/wp\/v2\/pages\/12068\/revisions"}],"predecessor-version":[{"id":13395,"href":"https:\/\/peleteriagabriel.com\/en\/wp-json\/wp\/v2\/pages\/12068\/revisions\/13395"}],"wp:featuredmedia":[{"embeddable":true,"href":"https:\/\/peleteriagabriel.com\/en\/wp-json\/wp\/v2\/media\/11399"}],"wp:attachment":[{"href":"https:\/\/peleteriagabriel.com\/en\/wp-json\/wp\/v2\/media?parent=12068"}],"curies":[{"name":"wp","href":"https:\/\/api.w.org\/{rel}","templated":true}]}}