{"id":12064,"date":"2022-10-28T14:15:38","date_gmt":"2022-10-28T14:15:38","guid":{"rendered":"https:\/\/peleteriagabriel.com\/personalizacion\/"},"modified":"2023-09-18T13:48:51","modified_gmt":"2023-09-18T13:48:51","slug":"personalizacion","status":"publish","type":"page","link":"https:\/\/peleteriagabriel.com\/en\/personalizacion\/","title":{"rendered":"CUSTOMIZE"},"content":{"rendered":"<p><div class=\"fusion-fullwidth fullwidth-box fusion-builder-row-1 dostercios hundred-percent-fullwidth non-hundred-percent-height-scrolling fusion-equal-height-columns\" style=\"background-color: #ffffff;background-position: right top;background-repeat: no-repeat;padding-top:0px;padding-right:20px;padding-bottom:0px;padding-left:30px;margin-bottom: 0px;margin-top: 60px;border-width: 0px 0px 0px 0px;border-color:rgba(234,233,233,0);border-style:solid;\" ><div class=\"fusion-builder-row fusion-row\"><div class=\"fusion-layout-column fusion_builder_column fusion-builder-column-0 fusion_builder_column_1_3 1_3 fusion-one-third fusion-column-first\" style=\"width:33.333333333333%;width:calc(33.333333333333% - ( ( 4% ) * 0.33333333333333 ) );margin-right: 4%;margin-top:0px;margin-bottom:20px;\"><div class=\"fusion-column-wrapper fusion-flex-column-wrapper-legacy\" style=\"background-position:left top;background-repeat:no-repeat;-webkit-background-size:cover;-moz-background-size:cover;-o-background-size:cover;background-size:cover;padding: 0px 0px 0px 0px;\"><div class=\"fusion-video fusion-selfhosted-video\" style=\"max-width:100%;\"><div class=\"video-wrapper\"><video playsinline=\"true\" width=\"100%\" style=\"object-fit: cover;\" autoplay=\"true\" muted=\"true\" loop=\"true\" preload=\"auto\" controls=\"1\"><source src=\"https:\/\/peleteriagabriel.com\/wp-content\/uploads\/2022\/10\/newyork.mov\" type=\"video\/mp4\">Sorry, your browser doesn&#039;t support embedded videos.<\/video><\/div><\/div><div class=\"fusion-clearfix\"><\/div><\/div><\/div><div class=\"fusion-layout-column fusion_builder_column fusion-builder-column-1 fusion_builder_column_2_3 2_3 fusion-two-third fusion-column-last\" style=\"width:66.666666666667%;width:calc(66.666666666667% - ( ( 4% ) * 0.66666666666667 ) );margin-top:0px;margin-bottom:20px;\" id=\"menucoleccion\"><div class=\"fusion-column-wrapper fusion-flex-column-wrapper-legacy\" style=\"background-position:left top;background-repeat:no-repeat;-webkit-background-size:cover;-moz-background-size:cover;-o-background-size:cover;background-size:cover;padding: 0px 10% 0px 5%;\"><div class=\"fusion-column-content-centered\"><div class=\"fusion-column-content\"><div class=\"fusion-text fusion-text-1\"><h1>Fur arrangements Zaragoza<\/h1>\n<p style=\"line-height: 1.5; letter-spacing: 2px; text-align: left; text-transform: uppercase; margin-top: 40px;\">IF YOU HAVE A FUR GARMENT THAT YOU DON&#8217;T USE, AT GABRIEL WE CAN GIVE IT A NEW LIFE.<\/p>\n<\/div><div class=\"fusion-text fusion-text-2\"><p style=\"line-height: 1.7; letter-spacing: 1px; text-align: left;\"><span style=\"font-size: 34px; font-weight: bold; line-height: 1;\">1\u00ba. <\/span>Once the design has been decided, we go to our workshop, where our expert hands will carefully work the garment, undo it if necessary, treating it, and making the modifications. All work is done by hand, using traditional techniques.<b><\/b><\/p>\n<p style=\"line-height: 1.7; letter-spacing: 1px; text-align: left;\"><span style=\"font-size: 34px; font-weight: bold; line-height: 1;\">2\u00ba. <\/span>Once the design has been decided, we go to our workshop, where our expert hands will carefully work the garment, undo it if necessary, treating it, and making the modifications. All work is done by hand, using traditional techniques.<\/p>\n<p style=\"line-height: 1.7; letter-spacing: 1px; text-align: left;\"><span style=\"font-size: 34px; font-weight: bold; line-height: 1;\">3\u00ba. <\/span>The garment returns to the workshop for the final details and modifications. 99% of the work in the workshop is done by hand, piece by piece. The only mechanical element is our sewing machine.<\/p>\n<p style=\"line-height: 1.7; letter-spacing: 1px; text-align: left;\"><span style=\"font-size: 34px; font-weight: bold; line-height: 1;\">4\u00ba. <\/span>The garment returns to the workshop for the final details and modifications. 99% of the work in the workshop is done by hand, piece by piece. The only mechanical element is our sewing machine.<\/p>\n<p style=\"line-height: 1.7; letter-spacing: 1px; text-align: left;\">Each garment has multiple transformation options, shorten a fur coat, transform it into a vest, transform a coat into a short jacket, or even get several garments from one.<\/p>\n<p style=\"line-height: 1.7; letter-spacing: 1px; text-align: left;\"><strong>Each garment has multiple transformation options, shorten a fur coat, transform it into a vest, transform a coat into a short jacket, or even get several garments from one.<\/strong><\/p>\n<\/div><\/div><\/div><div class=\"fusion-clearfix\"><\/div><\/div><\/div><\/div><\/div><div class=\"fusion-fullwidth fullwidth-box fusion-builder-row-2 fusion-flex-container nonhundred-percent-fullwidth non-hundred-percent-height-scrolling fusion-no-small-visibility\" style=\"background-color: #ffffff;background-position: right top;background-repeat: no-repeat;border-width: 0px 0px 0px 0px;border-color:rgba(234,233,233,0);border-style:solid;\" ><div class=\"fusion-builder-row fusion-row fusion-flex-align-items-stretch fusion-flex-justify-content-center\" style=\"max-width:1404px;margin-left: calc(-4% \/ 2 );margin-right: calc(-4% \/ 2 );\"><div class=\"fusion-layout-column fusion_builder_column fusion-builder-column-2 fusion_builder_column_1_2 1_2 fusion-flex-column\" id=\"coleccion\"><div class=\"fusion-column-wrapper fusion-flex-justify-content-flex-start fusion-content-layout-column\" style=\"background-position:left top;background-repeat:no-repeat;-webkit-background-size:cover;-moz-background-size:cover;-o-background-size:cover;background-size:cover;background-color:#ffffff;padding: 70px 70px 70px 70px;\"><div class=\"fusion-text fusion-text-3 textosuperpuesto2\"><h2 style=\"text-align: left;\">Tailored<\/h2>\n<p style=\"line-height: 26px; letter-spacing: 1px; margin-bottom: 40px;\">Choose a model from our catalog or bring us your idea. We will help you configure your 100% customized garment that will be made by hand in our workshop. You can choose all the details to create the coat or jacket of your dreams. Contact us for more details or to place an order.<\/p>\n<p><a class=\"fusion-button button-flat button-xlarge button-custom button-1 fusion-button-default-span \" style=\"text-align: left; line-height: 23px; letter-spacing: 10px; font-weight: 400; color: antiquewhite; border-style: solid; border-width: 3px; border: solid 1px #000!important;\" href=\"https:\/\/peleteriagabriel.com\/en\/contacto\/\" target=\"_self\" rel=\"noopener\" data-stylerecorder=\"true\"><span class=\"fusion-button-text\" style=\"text-align: left; line-height: 23px; letter-spacing: 5px; font-weight: 400; color: #000; padding-right: 8px;\" data-stylerecorder=\"true\">CONTACT<\/span><\/a><\/p>\n<\/div><\/div><style type=\"text\/css\">.fusion-body .fusion-builder-column-2{width:50% !important;margin-top : 0px;margin-bottom : 20px;}.fusion-builder-column-2 > .fusion-column-wrapper {padding-top : 70px !important;padding-right : 70px !important;margin-right : 3.84%;padding-bottom : 70px !important;padding-left : 70px !important;margin-left : 3.84%;}@media only screen and (max-width:742px) {.fusion-body .fusion-builder-column-2{width:100% !important;order : 0;}.fusion-builder-column-2 > .fusion-column-wrapper {margin-right : 1.92%;margin-left : 1.92%;}}@media only screen and (max-width:640px) {.fusion-body .fusion-builder-column-2{width:100% !important;order : 0;}.fusion-builder-column-2 > .fusion-column-wrapper {margin-right : 1.92%;margin-left : 1.92%;}}<\/style><\/div><div class=\"fusion-layout-column fusion_builder_column fusion-builder-column-3 fusion_builder_column_1_2 1_2 fusion-flex-column\" id=\"coleccion\"><div class=\"fusion-column-wrapper fusion-flex-justify-content-flex-start fusion-content-layout-column\" style=\"background-position:left top;background-repeat:no-repeat;-webkit-background-size:cover;-moz-background-size:cover;-o-background-size:cover;background-size:cover;padding: 50px 0px 50px 0px;\"><div ><span class=\" fusion-imageframe imageframe-none imageframe-1 hover-type-none\"><img decoding=\"async\" width=\"1000\" height=\"679\" title=\"arreglo-peleteria-gabriel-peleteria-zaragoza\" src=\"https:\/\/peleteriagabriel.com\/wp-content\/uploads\/2022\/10\/arreglo-peleteria-gabriel-peleteria-zaragoza.jpg\" class=\"img-responsive wp-image-11829\" srcset=\"https:\/\/peleteriagabriel.com\/wp-content\/uploads\/2022\/10\/arreglo-peleteria-gabriel-peleteria-zaragoza-200x136.jpg 200w, https:\/\/peleteriagabriel.com\/wp-content\/uploads\/2022\/10\/arreglo-peleteria-gabriel-peleteria-zaragoza-400x272.jpg 400w, https:\/\/peleteriagabriel.com\/wp-content\/uploads\/2022\/10\/arreglo-peleteria-gabriel-peleteria-zaragoza-600x407.jpg 600w, https:\/\/peleteriagabriel.com\/wp-content\/uploads\/2022\/10\/arreglo-peleteria-gabriel-peleteria-zaragoza-800x543.jpg 800w, https:\/\/peleteriagabriel.com\/wp-content\/uploads\/2022\/10\/arreglo-peleteria-gabriel-peleteria-zaragoza.jpg 1000w\" sizes=\"(max-width: 742px) 100vw, (max-width: 640px) 100vw, 800px\" \/><\/span><\/div><\/div><style type=\"text\/css\">.fusion-body .fusion-builder-column-3{width:50% !important;margin-top : 0px;margin-bottom : 20px;}.fusion-builder-column-3 > .fusion-column-wrapper {padding-top : 50px !important;padding-right : 0px !important;margin-right : 3.84%;padding-bottom : 50px !important;padding-left : 0px !important;margin-left : 3.84%;}@media only screen and (max-width:742px) {.fusion-body .fusion-builder-column-3{width:100% !important;order : 0;}.fusion-builder-column-3 > .fusion-column-wrapper {margin-right : 1.92%;margin-left : 1.92%;}}@media only screen and (max-width:640px) {.fusion-body .fusion-builder-column-3{width:100% !important;order : 0;}.fusion-builder-column-3 > .fusion-column-wrapper {margin-right : 1.92%;margin-left : 1.92%;}}<\/style><\/div><\/div><style type=\"text\/css\">.fusion-body .fusion-flex-container.fusion-builder-row-2{ padding-top : 0px;margin-top : 50px;padding-right : 0px;padding-bottom : 0px;margin-bottom : 50px;padding-left : 0px;}<\/style><\/div><div class=\"fusion-fullwidth fullwidth-box fusion-builder-row-3 fusion-flex-container nonhundred-percent-fullwidth non-hundred-percent-height-scrolling fusion-no-medium-visibility fusion-no-large-visibility\" style=\"background-color: #ffffff;background-position: right top;background-repeat: no-repeat;border-width: 0px 0px 0px 0px;border-color:rgba(234,233,233,0);border-style:solid;\" ><div class=\"fusion-builder-row fusion-row fusion-flex-align-items-stretch fusion-flex-justify-content-center\" style=\"max-width:1404px;margin-left: calc(-4% \/ 2 );margin-right: calc(-4% \/ 2 );\"><div class=\"fusion-layout-column fusion_builder_column fusion-builder-column-4 fusion_builder_column_1_2 1_2 fusion-flex-column\"><div class=\"fusion-column-wrapper fusion-flex-justify-content-flex-start fusion-content-layout-column\" style=\"background-position:left top;background-repeat:no-repeat;-webkit-background-size:cover;-moz-background-size:cover;-o-background-size:cover;background-size:cover;padding: 20px 0px 20px 0px;\"><div ><span class=\" fusion-imageframe imageframe-none imageframe-2 hover-type-none\"><img decoding=\"async\" width=\"1000\" height=\"679\" title=\"arreglo-peleteria-gabriel-peleteria-zaragoza\" src=\"https:\/\/peleteriagabriel.com\/wp-content\/uploads\/2022\/10\/arreglo-peleteria-gabriel-peleteria-zaragoza.jpg\" class=\"img-responsive wp-image-11829\" srcset=\"https:\/\/peleteriagabriel.com\/wp-content\/uploads\/2022\/10\/arreglo-peleteria-gabriel-peleteria-zaragoza-200x136.jpg 200w, https:\/\/peleteriagabriel.com\/wp-content\/uploads\/2022\/10\/arreglo-peleteria-gabriel-peleteria-zaragoza-400x272.jpg 400w, https:\/\/peleteriagabriel.com\/wp-content\/uploads\/2022\/10\/arreglo-peleteria-gabriel-peleteria-zaragoza-600x407.jpg 600w, https:\/\/peleteriagabriel.com\/wp-content\/uploads\/2022\/10\/arreglo-peleteria-gabriel-peleteria-zaragoza-800x543.jpg 800w, https:\/\/peleteriagabriel.com\/wp-content\/uploads\/2022\/10\/arreglo-peleteria-gabriel-peleteria-zaragoza.jpg 1000w\" sizes=\"(max-width: 742px) 100vw, (max-width: 640px) 100vw, 800px\" \/><\/span><\/div><\/div><style type=\"text\/css\">.fusion-body .fusion-builder-column-4{width:50% !important;margin-top : 0px;margin-bottom : 20px;}.fusion-builder-column-4 > .fusion-column-wrapper {padding-top : 20px !important;padding-right : 0px !important;margin-right : 3.84%;padding-bottom : 20px !important;padding-left : 0px !important;margin-left : 3.84%;}@media only screen and (max-width:742px) {.fusion-body .fusion-builder-column-4{width:100% !important;order : 0;}.fusion-builder-column-4 > .fusion-column-wrapper {margin-right : 1.92%;margin-left : 1.92%;}}@media only screen and (max-width:640px) {.fusion-body .fusion-builder-column-4{width:100% !important;order : 0;}.fusion-builder-column-4 > .fusion-column-wrapper {margin-right : 1.92%;margin-left : 1.92%;}}<\/style><\/div><div class=\"fusion-layout-column fusion_builder_column fusion-builder-column-5 fusion_builder_column_1_2 1_2 fusion-flex-column\"><div class=\"fusion-column-wrapper fusion-flex-justify-content-flex-start fusion-content-layout-column\" style=\"background-position:left top;background-repeat:no-repeat;-webkit-background-size:cover;-moz-background-size:cover;-o-background-size:cover;background-size:cover;background-color:#ffffff;padding: 20px 20px 20px 20px;\"><div class=\"fusion-text fusion-text-4\"><h2 style=\"text-align: left;\">A medida<\/h2>\n<p style=\"line-height: 26px; letter-spacing: 1px; margin-bottom: 40px;\">Elige un modelo de nuestro cat\u00e1logo o tr\u00e1enos tu idea. Te ayudaremos a configurar tu prenda 100% customizada que se realizar\u00e1 a mano en nuestro taller. Podr\u00e1s elegir todos los detalles para crear el abrigo o chaqueta de tus sue\u00f1os. Cont\u00e1ctanos para saber m\u00e1s detalles o realizar un pedido.<\/p>\n<p><a class=\"fusion-button button-flat button-xlarge button-custom button-1 fusion-button-default-span \" style=\"text-align: left; line-height: 23px; letter-spacing: 10px; font-weight: 400; color: antiquewhite; border-style: solid; border-width: 3px; border: solid 1px #000!important;\" href=\"https:\/\/peleteriagabriel.com\/contacto\/\" target=\"_self\" rel=\"noopener\" data-stylerecorder=\"true\"><span class=\"fusion-button-text\" style=\"text-align: left; line-height: 23px; letter-spacing: 5px; font-weight: 400; color: #000; padding-right: 8px;\" data-stylerecorder=\"true\">CONTACTO<\/span><\/a><\/p>\n<\/div><\/div><style type=\"text\/css\">.fusion-body .fusion-builder-column-5{width:50% !important;margin-top : 0px;margin-bottom : 20px;}.fusion-builder-column-5 > .fusion-column-wrapper {padding-top : 20px !important;padding-right : 20px !important;margin-right : 3.84%;padding-bottom : 20px !important;padding-left : 20px !important;margin-left : 3.84%;}@media only screen and (max-width:742px) {.fusion-body .fusion-builder-column-5{width:100% !important;order : 0;}.fusion-builder-column-5 > .fusion-column-wrapper {margin-right : 1.92%;margin-left : 1.92%;}}@media only screen and (max-width:640px) {.fusion-body .fusion-builder-column-5{width:100% !important;order : 0;}.fusion-builder-column-5 > .fusion-column-wrapper {margin-right : 1.92%;margin-left : 1.92%;}}<\/style><\/div><\/div><style type=\"text\/css\">.fusion-body .fusion-flex-container.fusion-builder-row-3{ padding-top : 0px;margin-top : 50px;padding-right : 0px;padding-bottom : 0px;margin-bottom : 50px;padding-left : 0px;}<\/style><\/div><\/p>\n","protected":false},"excerpt":{"rendered":"","protected":false},"author":27,"featured_media":11399,"parent":0,"menu_order":0,"comment_status":"closed","ping_status":"closed","template":"100-width.php","meta":{"footnotes":""},"class_list":["post-12064","page","type-page","status-publish","has-post-thumbnail","hentry"],"yoast_head":"<!-- This site is optimized with the Yoast SEO plugin v23.3 - https:\/\/yoast.com\/wordpress\/plugins\/seo\/ -->\n<title>CUSTOMIZE - Peleter\u00eda Gabriel<\/title>\n<meta name=\"robots\" content=\"index, follow, max-snippet:-1, max-image-preview:large, max-video-preview:-1\" \/>\n<link rel=\"canonical\" href=\"https:\/\/peleteriagabriel.com\/en\/personalizacion\/\" \/>\n<meta property=\"og:locale\" content=\"en_US\" \/>\n<meta property=\"og:type\" content=\"article\" \/>\n<meta property=\"og:title\" content=\"CUSTOMIZE - Peleter\u00eda Gabriel\" \/>\n<meta property=\"og:url\" content=\"https:\/\/peleteriagabriel.com\/en\/personalizacion\/\" \/>\n<meta property=\"og:site_name\" content=\"Peleter\u00eda Gabriel\" \/>\n<meta property=\"article:publisher\" content=\"https:\/\/www.facebook.com\/peleteriagabrielzaragoza\/\" \/>\n<meta property=\"article:modified_time\" content=\"2023-09-18T13:48:51+00:00\" \/>\n<meta property=\"og:image\" content=\"https:\/\/peleteriagabriel.com\/wp-content\/uploads\/2017\/01\/arreglos-1-peleteria-gabriel-peleteria-zaragoza-022.jpg\" \/>\n\t<meta property=\"og:image:width\" content=\"1000\" \/>\n\t<meta property=\"og:image:height\" content=\"679\" \/>\n\t<meta property=\"og:image:type\" content=\"image\/jpeg\" \/>\n<meta name=\"twitter:card\" content=\"summary_large_image\" \/>\n<meta name=\"twitter:label1\" content=\"Est. reading time\" \/>\n\t<meta name=\"twitter:data1\" content=\"7 minutes\" \/>\n<script type=\"application\/ld+json\" class=\"yoast-schema-graph\">{\"@context\":\"https:\/\/schema.org\",\"@graph\":[{\"@type\":\"WebPage\",\"@id\":\"https:\/\/peleteriagabriel.com\/en\/personalizacion\/\",\"url\":\"https:\/\/peleteriagabriel.com\/en\/personalizacion\/\",\"name\":\"CUSTOMIZE - Peleter\u00eda Gabriel\",\"isPartOf\":{\"@id\":\"https:\/\/peleteriagabriel.com\/#website\"},\"primaryImageOfPage\":{\"@id\":\"https:\/\/peleteriagabriel.com\/en\/personalizacion\/#primaryimage\"},\"image\":{\"@id\":\"https:\/\/peleteriagabriel.com\/en\/personalizacion\/#primaryimage\"},\"thumbnailUrl\":\"https:\/\/peleteriagabriel.com\/wp-content\/uploads\/2017\/01\/arreglos-1-peleteria-gabriel-peleteria-zaragoza-022.jpg\",\"datePublished\":\"2022-10-28T14:15:38+00:00\",\"dateModified\":\"2023-09-18T13:48:51+00:00\",\"breadcrumb\":{\"@id\":\"https:\/\/peleteriagabriel.com\/en\/personalizacion\/#breadcrumb\"},\"inLanguage\":\"en-US\",\"potentialAction\":[{\"@type\":\"ReadAction\",\"target\":[\"https:\/\/peleteriagabriel.com\/en\/personalizacion\/\"]}]},{\"@type\":\"ImageObject\",\"inLanguage\":\"en-US\",\"@id\":\"https:\/\/peleteriagabriel.com\/en\/personalizacion\/#primaryimage\",\"url\":\"https:\/\/peleteriagabriel.com\/wp-content\/uploads\/2017\/01\/arreglos-1-peleteria-gabriel-peleteria-zaragoza-022.jpg\",\"contentUrl\":\"https:\/\/peleteriagabriel.com\/wp-content\/uploads\/2017\/01\/arreglos-1-peleteria-gabriel-peleteria-zaragoza-022.jpg\",\"width\":1000,\"height\":679},{\"@type\":\"BreadcrumbList\",\"@id\":\"https:\/\/peleteriagabriel.com\/en\/personalizacion\/#breadcrumb\",\"itemListElement\":[{\"@type\":\"ListItem\",\"position\":1,\"name\":\"Portada\",\"item\":\"https:\/\/peleteriagabriel.com\/en\/\"},{\"@type\":\"ListItem\",\"position\":2,\"name\":\"CUSTOMIZE\"}]},{\"@type\":\"WebSite\",\"@id\":\"https:\/\/peleteriagabriel.com\/#website\",\"url\":\"https:\/\/peleteriagabriel.com\/\",\"name\":\"Peleter\u00eda Gabriel\",\"description\":\"Alta peleter\u00eda desde 1975\",\"potentialAction\":[{\"@type\":\"SearchAction\",\"target\":{\"@type\":\"EntryPoint\",\"urlTemplate\":\"https:\/\/peleteriagabriel.com\/?s={search_term_string}\"},\"query-input\":\"required name=search_term_string\"}],\"inLanguage\":\"en-US\"}]}<\/script>\n<!-- \/ Yoast SEO plugin. -->","yoast_head_json":{"title":"CUSTOMIZE - Peleter\u00eda Gabriel","robots":{"index":"index","follow":"follow","max-snippet":"max-snippet:-1","max-image-preview":"max-image-preview:large","max-video-preview":"max-video-preview:-1"},"canonical":"https:\/\/peleteriagabriel.com\/en\/personalizacion\/","og_locale":"en_US","og_type":"article","og_title":"CUSTOMIZE - Peleter\u00eda Gabriel","og_url":"https:\/\/peleteriagabriel.com\/en\/personalizacion\/","og_site_name":"Peleter\u00eda Gabriel","article_publisher":"https:\/\/www.facebook.com\/peleteriagabrielzaragoza\/","article_modified_time":"2023-09-18T13:48:51+00:00","og_image":[{"width":1000,"height":679,"url":"https:\/\/peleteriagabriel.com\/wp-content\/uploads\/2017\/01\/arreglos-1-peleteria-gabriel-peleteria-zaragoza-022.jpg","type":"image\/jpeg"}],"twitter_card":"summary_large_image","twitter_misc":{"Est. reading time":"7 minutes"},"schema":{"@context":"https:\/\/schema.org","@graph":[{"@type":"WebPage","@id":"https:\/\/peleteriagabriel.com\/en\/personalizacion\/","url":"https:\/\/peleteriagabriel.com\/en\/personalizacion\/","name":"CUSTOMIZE - Peleter\u00eda Gabriel","isPartOf":{"@id":"https:\/\/peleteriagabriel.com\/#website"},"primaryImageOfPage":{"@id":"https:\/\/peleteriagabriel.com\/en\/personalizacion\/#primaryimage"},"image":{"@id":"https:\/\/peleteriagabriel.com\/en\/personalizacion\/#primaryimage"},"thumbnailUrl":"https:\/\/peleteriagabriel.com\/wp-content\/uploads\/2017\/01\/arreglos-1-peleteria-gabriel-peleteria-zaragoza-022.jpg","datePublished":"2022-10-28T14:15:38+00:00","dateModified":"2023-09-18T13:48:51+00:00","breadcrumb":{"@id":"https:\/\/peleteriagabriel.com\/en\/personalizacion\/#breadcrumb"},"inLanguage":"en-US","potentialAction":[{"@type":"ReadAction","target":["https:\/\/peleteriagabriel.com\/en\/personalizacion\/"]}]},{"@type":"ImageObject","inLanguage":"en-US","@id":"https:\/\/peleteriagabriel.com\/en\/personalizacion\/#primaryimage","url":"https:\/\/peleteriagabriel.com\/wp-content\/uploads\/2017\/01\/arreglos-1-peleteria-gabriel-peleteria-zaragoza-022.jpg","contentUrl":"https:\/\/peleteriagabriel.com\/wp-content\/uploads\/2017\/01\/arreglos-1-peleteria-gabriel-peleteria-zaragoza-022.jpg","width":1000,"height":679},{"@type":"BreadcrumbList","@id":"https:\/\/peleteriagabriel.com\/en\/personalizacion\/#breadcrumb","itemListElement":[{"@type":"ListItem","position":1,"name":"Portada","item":"https:\/\/peleteriagabriel.com\/en\/"},{"@type":"ListItem","position":2,"name":"CUSTOMIZE"}]},{"@type":"WebSite","@id":"https:\/\/peleteriagabriel.com\/#website","url":"https:\/\/peleteriagabriel.com\/","name":"Peleter\u00eda Gabriel","description":"Alta peleter\u00eda desde 1975","potentialAction":[{"@type":"SearchAction","target":{"@type":"EntryPoint","urlTemplate":"https:\/\/peleteriagabriel.com\/?s={search_term_string}"},"query-input":"required name=search_term_string"}],"inLanguage":"en-US"}]}},"_links":{"self":[{"href":"https:\/\/peleteriagabriel.com\/en\/wp-json\/wp\/v2\/pages\/12064"}],"collection":[{"href":"https:\/\/peleteriagabriel.com\/en\/wp-json\/wp\/v2\/pages"}],"about":[{"href":"https:\/\/peleteriagabriel.com\/en\/wp-json\/wp\/v2\/types\/page"}],"author":[{"embeddable":true,"href":"https:\/\/peleteriagabriel.com\/en\/wp-json\/wp\/v2\/users\/27"}],"replies":[{"embeddable":true,"href":"https:\/\/peleteriagabriel.com\/en\/wp-json\/wp\/v2\/comments?post=12064"}],"version-history":[{"count":2,"href":"https:\/\/peleteriagabriel.com\/en\/wp-json\/wp\/v2\/pages\/12064\/revisions"}],"predecessor-version":[{"id":12066,"href":"https:\/\/peleteriagabriel.com\/en\/wp-json\/wp\/v2\/pages\/12064\/revisions\/12066"}],"wp:featuredmedia":[{"embeddable":true,"href":"https:\/\/peleteriagabriel.com\/en\/wp-json\/wp\/v2\/media\/11399"}],"wp:attachment":[{"href":"https:\/\/peleteriagabriel.com\/en\/wp-json\/wp\/v2\/media?parent=12064"}],"curies":[{"name":"wp","href":"https:\/\/api.w.org\/{rel}","templated":true}]}}